{"id":18091,"date":"2021-10-22T12:12:44","date_gmt":"2021-10-22T12:12:44","guid":{"rendered":"https:\/\/cultivers.es\/abonos\/bio-rosenduenger\/"},"modified":"2025-09-22T05:13:52","modified_gmt":"2025-09-22T05:13:52","slug":"dungemittel-rosales-okologisch","status":"publish","type":"product","link":"https:\/\/cultivers.es\/de\/d\u00fcngemittel\/dungemittel-rosales-okologisch\/","title":{"rendered":"Bio-Rosend\u00fcnger"},"content":{"rendered":"<div class=\"detail-desc-decorate-richtext\" data-key=\"3\"><span class=\"slate-node-text\" data-key=\"4\"><span data-offset-key=\"4:0\" data-spm-anchor-id=\"5261.product_publish.0.i3.5b9a4edffpte7Q\">Organischer D\u00fcnger pflanzlichen Ursprungs, der reich an N und K ist.<\/span><\/span><\/div>\n<div class=\"detail-desc-decorate-richtext\" data-key=\"36\"><span class=\"slate-node-text\" data-key=\"35\"><span data-offset-key=\"35:0\">Die Vorteile dieses D\u00fcngers f\u00fcr Rosenstr\u00e4ucher sind folgende:<\/span><\/span><\/div>\n<div class=\"detail-desc-decorate-richtext\" data-key=\"38\" data-spm-anchor-id=\"5261.product_publish.0.i7.5b9a4edffpte7Q\"><span class=\"slate-node-text\" data-key=\"37\"><span data-offset-key=\"37:0\" data-spm-anchor-id=\"5261.product_publish.0.i6.5b9a4edffpte7Q\">Organischer Stickstoff, der die Versorgung mit Stickstoff w\u00e4hrend des gesamten Zyklus beg\u00fcnstigt. Es wurden neues Triebwachstum, eine st\u00e4rkere F\u00e4rbung der Rosenbl\u00e4tter und eine reiche Bl\u00fcte beobachtet.<\/span><\/span><\/div>\n<div class=\"detail-desc-decorate-richtext\" data-key=\"44\"><\/div>\n<div class=\"detail-desc-decorate-richtext\" data-key=\"46\" data-spm-anchor-id=\"5261.product_publish.0.i10.5b9a4edffpte7Q\"><span class=\"slate-node-text\" data-key=\"45\"><span data-offset-key=\"45:0\" data-spm-anchor-id=\"5261.product_publish.0.i9.5b9a4edffpte7Q\">Ein hoher Kaliumgehalt sorgt f\u00fcr eine gute Entwicklung der Bl\u00fctenknospen und verhindert das Vergilben oder Verwelken der Bl\u00e4tter.<\/span><\/span><\/div>\n<div class=\"detail-desc-decorate-richtext\" data-key=\"48\"><\/div>\n<div class=\"detail-desc-decorate-richtext\" data-key=\"50\" data-spm-anchor-id=\"5261.product_publish.0.i11.5b9a4edffpte7Q\" data-slate-fragment=\"JTdCJTIyb2JqZWN0JTIyJTNBJTIyZG9jdW1lbnQlMjIlMkMlMjJkYXRhJTIyJTNBJTdCJTdEJTJDJTIybm9kZXMlMjIlM0ElNUIlN0IlMjJvYmplY3QlMjIlM0ElMjJibG9jayUyMiUyQyUyMnR5cGUlMjIlM0ElMjJkaXYlMjIlMkMlMjJpc1ZvaWQlMjIlM0FmYWxzZSUyQyUyMmRhdGElMjIlM0ElN0IlMjJjbGFzc05hbWUlMjIlM0ElMjJkZXRhaWxtb2R1bGVfaHRtbCUyMiU3RCUyQyUyMm5vZGVzJTIyJTNBJTVCJTdCJTIyb2JqZWN0JTIyJTNBJTIyYmxvY2slMjIlMkMlMjJ0eXBlJTIyJTNBJTIyZGl2JTIyJTJDJTIyaXNWb2lkJTIyJTNBZmFsc2UlMkMlMjJkYXRhJTIyJTNBJTdCJTIyY2xhc3NOYW1lJTIyJTNBJTIyZGV0YWlsLWRlc2MtZGVjb3JhdGUtcmljaHRleHQlMjIlN0QlMkMlMjJub2RlcyUyMiUzQSU1QiU3QiUyMm9iamVjdCUyMiUzQSUyMnRleHQlMjIlMkMlMjJsZWF2ZXMlMjIlM0ElNUIlN0IlMjJvYmplY3QlMjIlM0ElMjJsZWFmJTIyJTJDJTIydGV4dCUyMiUzQSUyMkZlcnRpbGl6YW50ZSUyMG9yZyVDMyVBMW5pY28lMjBkZSUyMG9yaWdlbiUyMHZlZ2V0YWwlMjByaWNvJTIwZW4lMjBOJTIweSUyMEsuJTIyJTJDJTIybWFya3MlMjIlM0ElNUIlNUQlN0QlNUQlN0QlNUQlN0QlMkMlN0IlMjJvYmplY3QlMjIlM0ElMjJibG9jayUyMiUyQyUyMnR5cGUlMjIlM0ElMjJkaXYlMjIlMkMlMjJpc1ZvaWQlMjIlM0FmYWxzZSUyQyUyMmRhdGElMjIlM0ElN0IlMjJjbGFzc05hbWUlMjIlM0ElMjJkZXRhaWwtZGVzYy1kZWNvcmF0ZS1yaWNodGV4dCUyMiU3RCUyQyUyMm5vZGVzJTIyJTNBJTVCJTdCJTIyb2JqZWN0JTIyJTNBJTIydGV4dCUyMiUyQyUyMmxlYXZlcyUyMiUzQSU1QiU3QiUyMm9iamVjdCUyMiUzQSUyMmxlYWYlMjIlMkMlMjJ0ZXh0JTIyJTNBJTIyTG9zJTIwYmVuZWZpY2lvcyUyMGRlbCUyMGFwb3J0ZSUyMGRlJTIwZXN0ZSUyMGZlcnRpbGl6YW50ZSUyMGElMjBsb3MlMjByb3NhbGVzJTIwc29uJTIwbG9zJTIwc2lndWllbnRlJTNBJTIyJTJDJTIybWFya3MlMjIlM0ElNUIlNUQlN0QlNUQlN0QlNUQlN0QlMkMlN0IlMjJvYmplY3QlMjIlM0ElMjJibG9jayUyMiUyQyUyMnR5cGUlMjIlM0ElMjJkaXYlMjIlMkMlMjJpc1ZvaWQlMjIlM0FmYWxzZSUyQyUyMmRhdGElMjIlM0ElN0IlMjJjbGFzc05hbWUlMjIlM0ElMjJkZXRhaWwtZGVzYy1kZWNvcmF0ZS1yaWNodGV4dCUyMiU3RCUyQyUyMm5vZGVzJTIyJTNBJTVCJTdCJTIyb2JqZWN0JTIyJTNBJTIydGV4dCUyMiUyQyUyMmxlYXZlcyUyMiUzQSU1QiU3QiUyMm9iamVjdCUyMiUzQSUyMmxlYWYlMjIlMkMlMjJ0ZXh0JTIyJTNBJTIyRWwlMjBuaXRyJUMzJUIzZ2VubyUyMG9yZyVDMyVBMW5pY28lMkMlMjBmYXZvcmVjZSUyMGVsJTIwYXBvcnRlJTIwZGUlMjBuaXRyJUMzJUIzZ2VubyUyMGElMjBsbyUyMGxhcmdvJTIwZGUlMjB0b2RvJTIwZWwlMjBjaWNsby4lMjBPYnNlcnYlQzMlQTFuZG9zZSUyMCVDMiVBMGNyZWNpbWllbnRvcyUyMGRlJTIwYnJvdGVzJTIwbnVldm9zJTJDJTIwYXVtZW50byUyMGRlJTIwY29sb3JhY2klQzMlQjNuJTIwZGUlMjBsYXMlMjBob2phcyUyMGRlJTIwbG9zJTIwcm9zYWxlcyUyMHklMjB1bmElMjByaWNhJTIwZmxvcmFjaSVDMyVCM24uJTIyJTJDJTIybWFya3MlMjIlM0ElNUIlNUQlN0QlNUQlN0QlNUQlN0QlMkMlN0IlMjJvYmplY3QlMjIlM0ElMjJibG9jayUyMiUyQyUyMnR5cGUlMjIlM0ElMjJkaXYlMjIlMkMlMjJpc1ZvaWQlMjIlM0FmYWxzZSUyQyUyMmRhdGElMjIlM0ElN0IlMjJjbGFzc05hbWUlMjIlM0ElMjJkZXRhaWwtZGVzYy1kZWNvcmF0ZS1yaWNodGV4dCUyMiU3RCUyQyUyMm5vZGVzJTIyJTNBJTVCJTdCJTIyb2JqZWN0JTIyJTNBJTIydGV4dCUyMiUyQyUyMmxlYXZlcyUyMiUzQSU1QiU3QiUyMm9iamVjdCUyMiUzQSUyMmxlYWYlMjIlMkMlMjJ0ZXh0JTIyJTNBJTIyJTIyJTJDJTIybWFya3MlMjIlM0ElNUIlNUQlN0QlNUQlN0QlNUQlN0QlMkMlN0IlMjJvYmplY3QlMjIlM0ElMjJibG9jayUyMiUyQyUyMnR5cGUlMjIlM0ElMjJkaXYlMjIlMkMlMjJpc1ZvaWQlMjIlM0FmYWxzZSUyQyUyMmRhdGElMjIlM0ElN0IlMjJjbGFzc05hbWUlMjIlM0ElMjJkZXRhaWwtZGVzYy1kZWNvcmF0ZS1yaWNodGV4dCUyMiU3RCUyQyUyMm5vZGVzJTIyJTNBJTVCJTdCJTIyb2JqZWN0JTIyJTNBJTIydGV4dCUyMiUyQyUyMmxlYXZlcyUyMiUzQSU1QiU3QiUyMm9iamVjdCUyMiUzQSUyMmxlYWYlMjIlMkMlMjJ0ZXh0JTIyJTNBJTIyQWx0byUyMGNvbnRlbmlkbyUyMGVuJTIwUG90YXNpbyUyMHByb3ZvY2ElMjB1biUyMGJ1ZW4lMjBkZXNhcnJvbGxvJTIwZGUlMjBsb3MlMjBib3RvbmVzJTIwZmxvcmFsZXMlMjB5JTIwZXZpdGElMjBlbCUyMGFtYXJpbGxhbWllbnRvJTIwbyUyMG1hcmNoaXRhbWllbnRvJTIwZGUlMjBsYXMlMjBob2phcy4lMjIlMkMlMjJtYXJrcyUyMiUzQSU1QiU1RCU3RCU1RCU3RCU1RCU3RCUyQyU3QiUyMm9iamVjdCUyMiUzQSUyMmJsb2NrJTIyJTJDJTIydHlwZSUyMiUzQSUyMmRpdiUyMiUyQyUyMmlzVm9pZCUyMiUzQWZhbHNlJTJDJTIyZGF0YSUyMiUzQSU3QiUyMmNsYXNzTmFtZSUyMiUzQSUyMmRldGFpbC1kZXNjLWRlY29yYXRlLXJpY2h0ZXh0JTIyJTdEJTJDJTIybm9kZXMlMjIlM0ElNUIlN0IlMjJvYmplY3QlMjIlM0ElMjJ0ZXh0JTIyJTJDJTIybGVhdmVzJTIyJTNBJTVCJTdCJTIyb2JqZWN0JTIyJTNBJTIybGVhZiUyMiUyQyUyMnRleHQlMjIlM0ElMjIlMjIlMkMlMjJtYXJrcyUyMiUzQSU1QiU1RCU3RCU1RCU3RCU1RCU3RCUyQyU3QiUyMm9iamVjdCUyMiUzQSUyMmJsb2NrJTIyJTJDJTIydHlwZSUyMiUzQSUyMmRpdiUyMiUyQyUyMmlzVm9pZCUyMiUzQWZhbHNlJTJDJTIyZGF0YSUyMiUzQSU3QiUyMmNsYXNzTmFtZSUyMiUzQSUyMmRldGFpbC1kZXNjLWRlY29yYXRlLXJpY2h0ZXh0JTIyJTdEJTJDJTIybm9kZXMlMjIlM0ElNUIlN0IlMjJvYmplY3QlMjIlM0ElMjJ0ZXh0JTIyJTJDJTIybGVhdmVzJTIyJTNBJTVCJTdCJTIyb2JqZWN0JTIyJTNBJTIybGVhZiUyMiUyQyUyMnRleHQlMjIlM0ElMjJObyUyMGFjZXJjYXIlMjBhbCUyMHRyb25jbyUyMGFsJTIwYWJvbmFyLiUyMiUyQyUyMm1hcmtzJTIyJTNBJTVCJTVEJTdEJTVEJTdEJTVEJTdEJTVEJTdEJTVEJTdE\"><strong><span class=\"slate-node-text\" data-key=\"49\">N\u00e4hern Sie sich beim D\u00fcngen nicht dem Stamm.<\/span><\/strong><\/div>\n","protected":false},"excerpt":{"rendered":"<ul class=\"a-unordered-list a-vertical a-spacing-mini\">\n<li><span class=\"a-list-item\">Organischer Speziald\u00fcnger f\u00fcr Rosen und Kletterpflanzen.<\/span><\/li>\n<li><span class=\"a-list-item\">F\u00f6rdert die Bl\u00fcte und das Aroma der Blumen. Intensiviert die Farbe.<\/span><\/li>\n<li><span class=\"a-list-item\">100% biologischer und veganer Herkunft. Hohe Assimilation mit NPK + 74% organischer Substanz und Humins\u00e4uren.<\/span><\/li>\n<li><span class=\"a-list-item\">Langsame und kontrollierte Formulierung pflanzlichen Ursprungs. St\u00e4rkt die Widerstandsf\u00e4higkeit gegen Krankheiten.<\/span><\/li>\n<li><span class=\"a-list-item\">Das Produkt ist 100% nat\u00fcrlich und unsch\u00e4dlich f\u00fcr Tiere, umweltfreundlich.<\/span><\/li>\n<\/ul>\n","protected":false},"featured_media":12315,"comment_status":"open","ping_status":"closed","template":"","meta":{"_acf_changed":false},"product_brand":[],"product_cat":[333,331],"product_tag":[1414],"class_list":{"0":"post-18091","1":"product","2":"type-product","3":"status-publish","4":"has-post-thumbnail","6":"product_cat-dungemittel","7":"product_cat-feste-dungemittel","8":"product_tag-caae-de","10":"first","11":"instock","12":"taxable","13":"shipping-taxable","14":"purchasable","15":"product-type-variable"},"acf":[],"_links":{"self":[{"href":"https:\/\/cultivers.es\/de\/wp-json\/wp\/v2\/product\/18091","targetHints":{"allow":["GET"]}}],"collection":[{"href":"https:\/\/cultivers.es\/de\/wp-json\/wp\/v2\/product"}],"about":[{"href":"https:\/\/cultivers.es\/de\/wp-json\/wp\/v2\/types\/product"}],"replies":[{"embeddable":true,"href":"https:\/\/cultivers.es\/de\/wp-json\/wp\/v2\/comments?post=18091"}],"wp:featuredmedia":[{"embeddable":true,"href":"https:\/\/cultivers.es\/de\/wp-json\/wp\/v2\/media\/12315"}],"wp:attachment":[{"href":"https:\/\/cultivers.es\/de\/wp-json\/wp\/v2\/media?parent=18091"}],"wp:term":[{"taxonomy":"product_brand","embeddable":true,"href":"https:\/\/cultivers.es\/de\/wp-json\/wp\/v2\/product_brand?post=18091"},{"taxonomy":"product_cat","embeddable":true,"href":"https:\/\/cultivers.es\/de\/wp-json\/wp\/v2\/product_cat?post=18091"},{"taxonomy":"product_tag","embeddable":true,"href":"https:\/\/cultivers.es\/de\/wp-json\/wp\/v2\/product_tag?post=18091"}],"curies":[{"name":"wp","href":"https:\/\/api.w.org\/{rel}","templated":true}]}}