{"id":18292,"date":"2021-10-22T12:12:49","date_gmt":"2021-10-22T12:12:49","guid":{"rendered":"https:\/\/cultivers.es\/abonos\/aminosaeuren-fluessig\/"},"modified":"2025-09-22T04:58:43","modified_gmt":"2025-09-22T04:58:43","slug":"aminosauren-flussig","status":"publish","type":"product","link":"https:\/\/cultivers.es\/de\/d\u00fcngemittel\/aminosauren-flussig\/","title":{"rendered":"Aminos\u00e4uren fl\u00fcssig"},"content":{"rendered":"<p>\u00d6kologisches Biostimulans mit freien Aminos\u00e4uren zur Steigerung der Produktivit\u00e4t. Es handelt sich um eine Formulierung von Aminos\u00e4uren, die durch enzymatische Hydrolyse gewonnen werden und die biologische Effizienz der Pflanzen verbessern. Es erleichtert die Entwicklung der Pflanzen und erh\u00f6ht die Produktivit\u00e4t auch unter ung\u00fcnstigen Bedingungen. Seine rasche Assimilation und Translokation erspart der Pflanze Energie f\u00fcr die Proteinsynthese und erm\u00f6glicht es ihr, physiologische Funktionen im Zusammenhang mit dem Austrieb, der Bl\u00fcte und der Fruchtbildung zu aktivieren, was die Produktivit\u00e4t erh\u00f6ht. Es hat ein perfekt ausgewogenes Aminogramm mit positiven Auswirkungen auf die Photosynthese, die Best\u00e4ubung und das Chelatbildungsverm\u00f6gen.<\/p>\n","protected":false},"excerpt":{"rendered":"<ul class=\"a-unordered-list a-vertical a-spacing-mini\">\n<li><span class=\"a-list-item\">\u00d6kologisches Biostimulans mit freien Aminos\u00e4uren zur Steigerung der Produktivit\u00e4t.<\/span><\/li>\n<li><span class=\"a-list-item\">Es handelt sich um eine Formulierung von Aminos\u00e4uren, die durch enzymatische Hydrolyse gewonnen werden und die biologische Effizienz der Pflanzen verbessern.<\/span><\/li>\n<li><span class=\"a-list-item\">Seine rasche Assimilation und Translokation erspart der Pflanze Energie f\u00fcr die Proteinsynthese und erm\u00f6glicht es ihr, physiologische Funktionen im Zusammenhang mit dem Austrieb, der Bl\u00fcte und der Fruchtbildung zu aktivieren, was die Produktivit\u00e4t erh\u00f6ht.<\/span><\/li>\n<li><span class=\"a-list-item\">Es hat ein perfekt ausgewogenes Aminogramm mit positiven Auswirkungen auf die Photosynthese, die Best\u00e4ubung und das Chelatbildungsverm\u00f6gen.<\/span><\/li>\n<\/ul>\n","protected":false},"featured_media":29011,"comment_status":"open","ping_status":"closed","template":"","meta":{"_acf_changed":false},"product_brand":[],"product_cat":[478,477],"product_tag":[1414],"class_list":{"0":"post-18292","1":"product","2":"type-product","3":"status-publish","4":"has-post-thumbnail","6":"product_cat-aminosauren","7":"product_cat-biostimulanzien","8":"product_tag-caae-de","10":"first","11":"instock","12":"taxable","13":"shipping-taxable","14":"purchasable","15":"product-type-variable"},"acf":[],"_links":{"self":[{"href":"https:\/\/cultivers.es\/de\/wp-json\/wp\/v2\/product\/18292","targetHints":{"allow":["GET"]}}],"collection":[{"href":"https:\/\/cultivers.es\/de\/wp-json\/wp\/v2\/product"}],"about":[{"href":"https:\/\/cultivers.es\/de\/wp-json\/wp\/v2\/types\/product"}],"replies":[{"embeddable":true,"href":"https:\/\/cultivers.es\/de\/wp-json\/wp\/v2\/comments?post=18292"}],"wp:featuredmedia":[{"embeddable":true,"href":"https:\/\/cultivers.es\/de\/wp-json\/wp\/v2\/media\/29011"}],"wp:attachment":[{"href":"https:\/\/cultivers.es\/de\/wp-json\/wp\/v2\/media?parent=18292"}],"wp:term":[{"taxonomy":"product_brand","embeddable":true,"href":"https:\/\/cultivers.es\/de\/wp-json\/wp\/v2\/product_brand?post=18292"},{"taxonomy":"product_cat","embeddable":true,"href":"https:\/\/cultivers.es\/de\/wp-json\/wp\/v2\/product_cat?post=18292"},{"taxonomy":"product_tag","embeddable":true,"href":"https:\/\/cultivers.es\/de\/wp-json\/wp\/v2\/product_tag?post=18292"}],"curies":[{"name":"wp","href":"https:\/\/api.w.org\/{rel}","templated":true}]}}