{"id":18301,"date":"2021-10-22T12:12:49","date_gmt":"2021-10-22T12:12:49","guid":{"rendered":"https:\/\/cultivers.es\/abonos\/calcium-tomaten-paprika-und-gemuesefluessigkeit\/"},"modified":"2025-09-22T04:59:47","modified_gmt":"2025-09-22T04:59:47","slug":"kalzium-tomaten-paprika-gemuse-flussigkeit","status":"publish","type":"product","link":"https:\/\/cultivers.es\/de\/d\u00fcngemittel\/kalzium-tomaten-paprika-gemuse-flussigkeit\/","title":{"rendered":"Calcium Tomaten, Paprika und Gem\u00fcsefl\u00fcssigkeit"},"content":{"rendered":"<p>Das in diesem Produkt enthaltene Kalzium stammt aus organischen Quellen (Kalziumacetat und Ligninsulfonat), die reich an nat\u00fcrlichen Betainen sind, und wird von den Pflanzen schnell assimiliert und verlagert. Es liefert wirksames Kalzium in den Phasen mit hohem Kalziumbedarf - Bewurzelung, Keimung, Bl\u00fcte und Fruchtbildung - in anspruchsvollen Kulturen und\/oder in solchen, die auf B\u00f6den mit Kalziummangel wachsen. Andererseits l\u00f6st die hohe organische Belastung bei den Pflanzen eine spezifische Reaktion aus, die durch eine Zunahme des vegetativen Wachstums gekennzeichnet ist. In salzhaltigen B\u00f6den oder bei der Verwendung von salzhaltigem Bew\u00e4sserungswasser mildert es die negativen Auswirkungen des Salzgehalts, indem es Natrium aus der feuchten Zwiebel verdr\u00e4ngt. An organische Molek\u00fcle gebundenes Kalzium verbessert die Ausflockung von Tonen und f\u00f6rdert die Aufnahme anderer N\u00e4hrstoffe.<\/p>\n","protected":false},"excerpt":{"rendered":"<ul class=\"a-unordered-list a-vertical a-spacing-mini\">\n<li><span class=\"a-list-item\">Kalziumkorrekturmittel f\u00fcr Tomaten, Paprika und alle Arten von Gem\u00fcse.<\/span><\/li>\n<li><span class=\"a-list-item\">St\u00e4rkt die Widerstandsf\u00e4higkeit gegen Krankheiten. Bek\u00e4mpft Wurzelf\u00e4ule und Peseta.<\/span><\/li>\n<li><span class=\"a-list-item\">Regelm\u00e4\u00dfig in den Phasen der gr\u00f6\u00dften vegetativen Aktivit\u00e4t anwenden: Scheitelentwicklung, Wurzelbildung, Vorbl\u00fcte, Fruchtansatz und Fruchtbildung.<\/span><\/li>\n<li><span class=\"a-list-item\">L\u00f6sung, die reich an Kalzium aus Carbons\u00e4uren - Acetaten und Ligninsulfonaten - ist, die die Aufnahme und Verteilung von Kalzium an die anspruchsvollen Pflanzenorgane verbessern.<\/span><\/li>\n<li><span class=\"a-list-item\">Verbessert den Wasserhaushalt, den Gewebeturgor und die Festigkeit der Fr\u00fcchte; auf den Boden aufgebracht, verbessert es die Durchl\u00fcftung sowie die Wasser- und N\u00e4hrstoffspeicherung.<\/span><\/li>\n<li><span class=\"a-list-item\">100% nat\u00fcrlicher und organischer D\u00fcnger.<\/span><\/li>\n<\/ul>\n","protected":false},"featured_media":28360,"comment_status":"open","ping_status":"closed","template":"","meta":{"_acf_changed":false},"product_brand":[],"product_cat":[585],"product_tag":[],"woo-feed-brand":[],"class_list":{"0":"post-18301","1":"product","2":"type-product","3":"status-publish","4":"has-post-thumbnail","6":"product_cat-defizit-korrektoren","8":"first","9":"instock","10":"taxable","11":"shipping-taxable","12":"purchasable","13":"product-type-variable"},"acf":[],"_links":{"self":[{"href":"https:\/\/cultivers.es\/de\/wp-json\/wp\/v2\/product\/18301","targetHints":{"allow":["GET"]}}],"collection":[{"href":"https:\/\/cultivers.es\/de\/wp-json\/wp\/v2\/product"}],"about":[{"href":"https:\/\/cultivers.es\/de\/wp-json\/wp\/v2\/types\/product"}],"replies":[{"embeddable":true,"href":"https:\/\/cultivers.es\/de\/wp-json\/wp\/v2\/comments?post=18301"}],"wp:featuredmedia":[{"embeddable":true,"href":"https:\/\/cultivers.es\/de\/wp-json\/wp\/v2\/media\/28360"}],"wp:attachment":[{"href":"https:\/\/cultivers.es\/de\/wp-json\/wp\/v2\/media?parent=18301"}],"wp:term":[{"taxonomy":"product_brand","embeddable":true,"href":"https:\/\/cultivers.es\/de\/wp-json\/wp\/v2\/product_brand?post=18301"},{"taxonomy":"product_cat","embeddable":true,"href":"https:\/\/cultivers.es\/de\/wp-json\/wp\/v2\/product_cat?post=18301"},{"taxonomy":"product_tag","embeddable":true,"href":"https:\/\/cultivers.es\/de\/wp-json\/wp\/v2\/product_tag?post=18301"},{"taxonomy":"woo-feed-brand","embeddable":true,"href":"https:\/\/cultivers.es\/de\/wp-json\/wp\/v2\/woo-feed-brand?post=18301"}],"curies":[{"name":"wp","href":"https:\/\/api.w.org\/{rel}","templated":true}]}}