{"id":18303,"date":"2021-10-22T12:12:50","date_gmt":"2021-10-22T12:12:50","guid":{"rendered":"https:\/\/cultivers.es\/abonos\/kupfersulfat\/"},"modified":"2026-04-06T10:20:13","modified_gmt":"2026-04-06T10:20:13","slug":"kupfer-sulfat","status":"publish","type":"product","link":"https:\/\/cultivers.es\/de\/d\u00fcngemittel\/kupfer-sulfat\/","title":{"rendered":"Kupfersulfat"},"content":{"rendered":"<p>Kupfersulfat zur Poolreinigung und dauerhaften Algenentfernung. Gro\u00dfe Wirkung als Algizid und Fungizid. Verhindert die Bildung von Algen und Pilzbefall. Sehr stabile mikronisierte Kupferfungizid-Wirkung, die von der Vegetation perfekt toleriert wird, erm\u00f6glicht das Spritzen mit hervorragender Wirksamkeit und ist besonders f\u00fcr die vorbeugende Bek\u00e4mpfung von Kryptogamie-Krankheiten geeignet. Kupfer(II)-sulfat-Pentahydrat Bek\u00e4mpft Mehltau, Blattflecken und -f\u00e4ule sowie Apfelschorf. Kupfersulfat f\u00fcr Sch\u00fclerexperimente wie z. B. die Kristallisation oder die Herstellung von Instant-Schnee. Kupfer Kupfersulfat CuS Benetzbares Pulver. Reinigung von Algen in Schwimmb\u00e4dern, fungizide Wirkung, vorbeugende Bek\u00e4mpfung von Kryptokrankheiten, Beseitigung von Pilzen in Pflanzen.<\/p>\n","protected":false},"excerpt":{"rendered":"<ul class=\"a-unordered-list a-vertical a-spacing-mini\">\n<li><span class=\"a-list-item\">Kupfersulfat<\/span><\/li>\n<li><span class=\"a-list-item\">Mikronisiertes Pulver, sehr stabil f\u00fcr mehrfache Verwendung im Garten. Kupfer(ii)-sulfat-Pentahydrat<\/span><\/li>\n<\/ul>\n","protected":false},"featured_media":12645,"comment_status":"open","ping_status":"closed","template":"","meta":{"_acf_changed":false},"product_brand":[],"product_cat":[586,585,479],"product_tag":[],"class_list":{"0":"post-18303","1":"product","2":"type-product","3":"status-publish","4":"has-post-thumbnail","6":"product_cat-bioprotektoren","7":"product_cat-defizit-korrektoren","8":"product_cat-kulturpflanzen-und-pflanzenschutz","10":"first","11":"instock","12":"taxable","13":"shipping-taxable","14":"purchasable","15":"product-type-variable"},"acf":[],"_links":{"self":[{"href":"https:\/\/cultivers.es\/de\/wp-json\/wp\/v2\/product\/18303","targetHints":{"allow":["GET"]}}],"collection":[{"href":"https:\/\/cultivers.es\/de\/wp-json\/wp\/v2\/product"}],"about":[{"href":"https:\/\/cultivers.es\/de\/wp-json\/wp\/v2\/types\/product"}],"replies":[{"embeddable":true,"href":"https:\/\/cultivers.es\/de\/wp-json\/wp\/v2\/comments?post=18303"}],"wp:featuredmedia":[{"embeddable":true,"href":"https:\/\/cultivers.es\/de\/wp-json\/wp\/v2\/media\/12645"}],"wp:attachment":[{"href":"https:\/\/cultivers.es\/de\/wp-json\/wp\/v2\/media?parent=18303"}],"wp:term":[{"taxonomy":"product_brand","embeddable":true,"href":"https:\/\/cultivers.es\/de\/wp-json\/wp\/v2\/product_brand?post=18303"},{"taxonomy":"product_cat","embeddable":true,"href":"https:\/\/cultivers.es\/de\/wp-json\/wp\/v2\/product_cat?post=18303"},{"taxonomy":"product_tag","embeddable":true,"href":"https:\/\/cultivers.es\/de\/wp-json\/wp\/v2\/product_tag?post=18303"}],"curies":[{"name":"wp","href":"https:\/\/api.w.org\/{rel}","templated":true}]}}