{"id":18304,"date":"2021-10-22T12:12:49","date_gmt":"2021-10-22T12:12:49","guid":{"rendered":"https:\/\/cultivers.es\/abonos\/korrektur-von-mehrfachdefiziten\/"},"modified":"2025-09-22T04:58:23","modified_gmt":"2025-09-22T04:58:23","slug":"mangelbeseitiger-mehrfach","status":"publish","type":"product","link":"https:\/\/cultivers.es\/de\/d\u00fcngemittel\/mangelbeseitiger-mehrfach\/","title":{"rendered":"Korrektur von Mehrfachm\u00e4ngeln"},"content":{"rendered":"<div class=\"page\" title=\"Seite 1\">\n<div class=\"section\">\n<div class=\"layoutArea\">\n<div class=\"column\">\n<p>Schnell assimilierbarer, wasserl\u00f6slicher organischer D\u00fcnger, der als Mehrfachmangelkorrekturmittel wirkt. Sein ausgewogener Reichtum an Mikroelementen gew\u00e4hrleistet eine optimale Pflanzenentwicklung. Es ist eine wirksame Erg\u00e4nzung zur Grundd\u00fcngung und wirkt sowohl entwicklungsf\u00f6rdernd als auch vorbeugend gegen Mangelerscheinungen. Seine Anwendung befriedigt auch die anspruchsvollsten Pflanzen und gew\u00e4hrleistet optimale N\u00e4hrstoffwerte w\u00e4hrend des gesamten Zyklus.<\/p>\n<\/div>\n<\/div>\n<\/div>\n<\/div>\n","protected":false},"excerpt":{"rendered":"<ul class=\"a-unordered-list a-vertical a-spacing-mini\">\n<li><span class=\"a-list-item\">tr\u00e4gt zu einer ausgewogenen Pflanzenern\u00e4hrung bei<\/span><\/li>\n<li><span class=\"a-list-item\">Optimale Versorgung mit Mikroelementen, die von der Pflanze schnell assimiliert werden<\/span><\/li>\n<li><span class=\"a-list-item\">Beugt Pflanzenmangelzust\u00e4nden vor<\/span><\/li>\n<li><span class=\"a-list-item\">Mix eco minimiert das Risiko von Sch\u00e4den an Bl\u00e4ttern und Fr\u00fcchten aufgrund von Physiopathien und verbessert so die Ernteertr\u00e4ge.<\/span><\/li>\n<li><span class=\"a-list-item\">Mehrfach-Mangelkorrekturmittel 100 % biologisch; zertifiziert f\u00fcr den biologischen Landbau durch den EAGC<\/span><\/li>\n<\/ul>\n","protected":false},"featured_media":12870,"comment_status":"open","ping_status":"closed","template":"","meta":{"_acf_changed":false},"product_brand":[],"product_cat":[585],"product_tag":[1414],"class_list":{"0":"post-18304","1":"product","2":"type-product","3":"status-publish","4":"has-post-thumbnail","6":"product_cat-defizit-korrektoren","7":"product_tag-caae-de","9":"first","10":"instock","11":"taxable","12":"shipping-taxable","13":"purchasable","14":"product-type-variable","15":"has-default-attributes"},"acf":[],"_links":{"self":[{"href":"https:\/\/cultivers.es\/de\/wp-json\/wp\/v2\/product\/18304","targetHints":{"allow":["GET"]}}],"collection":[{"href":"https:\/\/cultivers.es\/de\/wp-json\/wp\/v2\/product"}],"about":[{"href":"https:\/\/cultivers.es\/de\/wp-json\/wp\/v2\/types\/product"}],"replies":[{"embeddable":true,"href":"https:\/\/cultivers.es\/de\/wp-json\/wp\/v2\/comments?post=18304"}],"wp:featuredmedia":[{"embeddable":true,"href":"https:\/\/cultivers.es\/de\/wp-json\/wp\/v2\/media\/12870"}],"wp:attachment":[{"href":"https:\/\/cultivers.es\/de\/wp-json\/wp\/v2\/media?parent=18304"}],"wp:term":[{"taxonomy":"product_brand","embeddable":true,"href":"https:\/\/cultivers.es\/de\/wp-json\/wp\/v2\/product_brand?post=18304"},{"taxonomy":"product_cat","embeddable":true,"href":"https:\/\/cultivers.es\/de\/wp-json\/wp\/v2\/product_cat?post=18304"},{"taxonomy":"product_tag","embeddable":true,"href":"https:\/\/cultivers.es\/de\/wp-json\/wp\/v2\/product_tag?post=18304"}],"curies":[{"name":"wp","href":"https:\/\/api.w.org\/{rel}","templated":true}]}}