{"id":18306,"date":"2021-10-22T12:12:49","date_gmt":"2021-10-22T12:12:49","guid":{"rendered":"https:\/\/cultivers.es\/abonos\/calcium-und-bor-korrekturmittel\/"},"modified":"2025-09-22T04:58:31","modified_gmt":"2025-09-22T04:58:31","slug":"kalzium-bor-korrektor","status":"publish","type":"product","link":"https:\/\/cultivers.es\/de\/d\u00fcngemittel\/kalzium-bor-korrektor\/","title":{"rendered":"Calcium- und Bor-Korrekturmittel"},"content":{"rendered":"<div class=\"page\" title=\"Seite 1\">\n<div class=\"section\">\n<div class=\"layoutArea\">\n<div class=\"column\">\n<p>Kalzium- und Bormangel tritt vor allem in jungen Organen auf, da beide Elemente nur eine geringe oematische Mobilit\u00e4t aufweisen; daher h\u00e4ngt das ordnungsgem\u00e4\u00dfe Wachstum von neuen Knospen, Wurzeln und Reserveorganen von diesen N\u00e4hrstoffen ab.<\/p>\n<p>Es bietet eine Grundversorgung mit Kalzium und Bor, die in jedem Ern\u00e4hrungsprogramm f\u00fcr ertragreiche \u00f6kologische Kulturen enthalten sein sollte. Insbesondere in der f\u00fcr die Produktivit\u00e4t so wichtigen Phase des Fruchtansatzes und der Fruchtbildung.<\/p>\n<p>Verhindert Ern\u00e4hrungsungleichgewichte aufgrund von Kalzium- und Bormangel oder Malabsorption, die zu Krankheiten wie Rissbildung oder Wurzelf\u00e4ule f\u00fchren k\u00f6nnen.<\/p>\n<p>Es verleiht dem Pflanzengewebe, insbesondere den wachsenden Organen, Festigkeit und Elastizit\u00e4t. Seine hohe organische Belastung verleiht ihm au\u00dferdem einen zus\u00e4tzlichen Nutzen als Dynamisator des Pflanzenstoffwechsels.<\/p>\n<\/div>\n<\/div>\n<\/div>\n<\/div>\n","protected":false},"excerpt":{"rendered":"<ul class=\"a-unordered-list a-vertical a-spacing-mini\">\n<li><span class=\"a-list-item\">Wasserl\u00f6slicher organischer D\u00fcnger mit Calcium und Bor zur Verbesserung der Festigkeit, des Fruchtansatzes und der Rissbildung.<\/span><\/li>\n<li><span class=\"a-list-item\">Sorgt f\u00fcr die Festigkeit und Qualit\u00e4t der Fr\u00fcchte dank seiner hervorragenden Durchdringungsf\u00e4higkeit und der effizienten \u00dcbertragung von N\u00e4hrstoffen an die Bedarfsstellen.<\/span><\/li>\n<li><span class=\"a-list-item\">Stabile Formulierung von Kalzium, Bor und Aminos\u00e4uren, die durch ihre hohe organische Belastung einen zus\u00e4tzlichen Vorteil als Aktivator des Pflanzenstoffwechsels bietet.<\/span><\/li>\n<li><span class=\"a-list-item\">Verhindert und behebt Kalziummangel, insbesondere in Verbindung mit Bor.<\/span><\/li>\n<li><span class=\"a-list-item\">Er leistet einen grundlegenden Beitrag zu den ph\u00e4nologischen Phasen des Fruchtansatzes und des Fruchtansatzes, die f\u00fcr die Produktivit\u00e4t so wichtig sind.<\/span><\/li>\n<\/ul>\n","protected":false},"featured_media":12810,"comment_status":"open","ping_status":"closed","template":"","meta":{"_acf_changed":false},"product_brand":[],"product_cat":[585,592,589,536,359,590,524],"product_tag":[],"class_list":{"0":"post-18306","1":"product","2":"type-product","3":"status-publish","4":"has-post-thumbnail","6":"product_cat-defizit-korrektoren","7":"product_cat-obstbaume","8":"product_cat-obstgarten","9":"product_cat-orchideen","10":"product_cat-tomaten","11":"product_cat-tropisch","12":"product_cat-zitrusfruchte","14":"first","15":"instock","16":"taxable","17":"shipping-taxable","18":"purchasable","19":"product-type-variable"},"acf":[],"_links":{"self":[{"href":"https:\/\/cultivers.es\/de\/wp-json\/wp\/v2\/product\/18306","targetHints":{"allow":["GET"]}}],"collection":[{"href":"https:\/\/cultivers.es\/de\/wp-json\/wp\/v2\/product"}],"about":[{"href":"https:\/\/cultivers.es\/de\/wp-json\/wp\/v2\/types\/product"}],"replies":[{"embeddable":true,"href":"https:\/\/cultivers.es\/de\/wp-json\/wp\/v2\/comments?post=18306"}],"wp:featuredmedia":[{"embeddable":true,"href":"https:\/\/cultivers.es\/de\/wp-json\/wp\/v2\/media\/12810"}],"wp:attachment":[{"href":"https:\/\/cultivers.es\/de\/wp-json\/wp\/v2\/media?parent=18306"}],"wp:term":[{"taxonomy":"product_brand","embeddable":true,"href":"https:\/\/cultivers.es\/de\/wp-json\/wp\/v2\/product_brand?post=18306"},{"taxonomy":"product_cat","embeddable":true,"href":"https:\/\/cultivers.es\/de\/wp-json\/wp\/v2\/product_cat?post=18306"},{"taxonomy":"product_tag","embeddable":true,"href":"https:\/\/cultivers.es\/de\/wp-json\/wp\/v2\/product_tag?post=18306"}],"curies":[{"name":"wp","href":"https:\/\/api.w.org\/{rel}","templated":true}]}}