{"id":18307,"date":"2021-10-22T12:12:49","date_gmt":"2021-10-22T12:12:49","guid":{"rendered":"https:\/\/cultivers.es\/abonos\/eisensulfat\/"},"modified":"2026-03-19T07:05:26","modified_gmt":"2026-03-19T07:05:26","slug":"eisen-sulfat","status":"publish","type":"product","link":"https:\/\/cultivers.es\/de\/d\u00fcngemittel\/eisen-sulfat\/","title":{"rendered":"Eisen-Sulfat"},"content":{"rendered":"<p>Eisensulfat ist eine chemische Verbindung mit der chemischen Formel FeSO4. Er versorgt die Pflanzen mit einer gro\u00dfen Menge an N\u00e4hrstoffen (Schwefel, Eisen, Mangan&#8230;) und tr\u00e4gt dazu bei, den pH-Wert sowohl der organischen Substanz als auch des Bodens zu senken, was die Bodenstruktur verbessert und somit die landwirtschaftliche Produktion f\u00f6rdert.<\/p>\n<p>IRON SULPHATE FERTILISER ist ein chemisches Produkt in Form eines stumpfen oder past\u00f6sen blau-gr\u00fcnen kristallinen Pulvers. Es wurde speziell f\u00fcr die Verwendung als D\u00fcngemittel und f\u00fcr die Aufbereitung von Trinkwasser entwickelt. Bei B\u00f6den mit Eisenmangel: Eisenchlorose, Vergilbung der Bl\u00e4tter. Es wird auch verwendet, um Moos aus dem Boden zu entfernen, um den Boden gegen Insekten zu desinfizieren und um W\u00e4nde zu streichen, es gibt eine rostige Farbe, auch genannt Eisensulfat, gr\u00fcn, gr\u00fcnes Vitriol, Eisenvitriol, Melanterit.<\/p>\n","protected":false},"excerpt":{"rendered":"<ul class=\"a-unordered-list a-vertical a-spacing-mini\">\n<li><span class=\"a-list-item\">Er versorgt den Boden mit Eisen und f\u00f6rdert die Photosynthese der Pflanzen. Aktivator des Pflanzenstoffwechsels<\/span><\/li>\n<li><span class=\"a-list-item\">100% nat\u00fcrlicher D\u00fcnger. Erh\u00e4lt den S\u00e4uregehalt und senkt den pH-Wert des Bodens, beseitigt den N\u00e4hrstoffmangel bei Ihren Pflanzen. Er versorgt den Boden mit N\u00e4hrstoffen. Empfohlen f\u00fcr den Einsatz in sauren Pflanzen<\/span><\/li>\n<li><span class=\"a-list-item\">Bek\u00e4mpft Blattvergilbung, Eisenchlorose und intensiviert die gr\u00fcne Farbe. EC FERTILISER<\/span><\/li>\n<li><span class=\"a-list-item\">Betonbeize mit r\u00f6tlichem, rostigem Effekt f\u00fcr W\u00e4nde, Treppen, B\u00f6den usw.<\/span><\/li>\n<li><span class=\"a-list-item\">Im \u00f6kologischen Landbau zugelassenes Eisensulfat.<\/span><\/li>\n<\/ul>\n","protected":false},"featured_media":12740,"comment_status":"open","ping_status":"closed","template":"","meta":{"_acf_changed":false},"product_brand":[],"product_cat":[586,585,537,479,334],"product_tag":[],"class_list":{"0":"post-18307","1":"product","2":"type-product","3":"status-publish","4":"has-post-thumbnail","6":"product_cat-bioprotektoren","7":"product_cat-defizit-korrektoren","8":"product_cat-hortensien","9":"product_cat-kulturpflanzen-und-pflanzenschutz","10":"product_cat-rasen","12":"first","13":"instock","14":"featured","15":"taxable","16":"shipping-taxable","17":"purchasable","18":"product-type-variable"},"acf":[],"_links":{"self":[{"href":"https:\/\/cultivers.es\/de\/wp-json\/wp\/v2\/product\/18307","targetHints":{"allow":["GET"]}}],"collection":[{"href":"https:\/\/cultivers.es\/de\/wp-json\/wp\/v2\/product"}],"about":[{"href":"https:\/\/cultivers.es\/de\/wp-json\/wp\/v2\/types\/product"}],"replies":[{"embeddable":true,"href":"https:\/\/cultivers.es\/de\/wp-json\/wp\/v2\/comments?post=18307"}],"wp:featuredmedia":[{"embeddable":true,"href":"https:\/\/cultivers.es\/de\/wp-json\/wp\/v2\/media\/12740"}],"wp:attachment":[{"href":"https:\/\/cultivers.es\/de\/wp-json\/wp\/v2\/media?parent=18307"}],"wp:term":[{"taxonomy":"product_brand","embeddable":true,"href":"https:\/\/cultivers.es\/de\/wp-json\/wp\/v2\/product_brand?post=18307"},{"taxonomy":"product_cat","embeddable":true,"href":"https:\/\/cultivers.es\/de\/wp-json\/wp\/v2\/product_cat?post=18307"},{"taxonomy":"product_tag","embeddable":true,"href":"https:\/\/cultivers.es\/de\/wp-json\/wp\/v2\/product_tag?post=18307"}],"curies":[{"name":"wp","href":"https:\/\/api.w.org\/{rel}","templated":true}]}}