{"id":18308,"date":"2021-10-22T12:12:50","date_gmt":"2021-10-22T12:12:50","guid":{"rendered":"https:\/\/cultivers.es\/abonos\/magnesium-sulfat\/"},"modified":"2025-09-22T04:59:24","modified_gmt":"2025-09-22T04:59:24","slug":"magnesiumsulfat","status":"publish","type":"product","link":"https:\/\/cultivers.es\/de\/d\u00fcngemittel\/magnesiumsulfat\/","title":{"rendered":"Magnesium-Sulfat"},"content":{"rendered":"<p>Cultivers Magnesiumsulfat wird auf nat\u00fcrliche Weise durch mechanische Verfahren gewonnen und ist besonders f\u00fcr den Gartenbau, die Landwirtschaft und die G\u00e4rtnerei geeignet, da es die Entwicklung von Blumen und Pflanzen f\u00f6rdert.<\/p>\n<p>Es wird als D\u00fcngemittel f\u00fcr Gr\u00fcnpflanzen und bl\u00fchende Pflanzen verwendet, die in T\u00f6pfen, G\u00e4rten und Gew\u00e4chsh\u00e4usern angebaut werden. Speziell zur Behebung von Magnesiummangel bei Pflanzen.<\/p>\n","protected":false},"excerpt":{"rendered":"<ul class=\"a-unordered-list a-vertical a-spacing-mini\">\n<li><span class=\"a-list-item\">Organischer Universald\u00fcnger, ideal f\u00fcr alle Arten von Pflanzen, Obstb\u00e4umen, Rasen, G\u00e4rten, Au\u00dfen- und Zimmerpflanzen.<\/span><\/li>\n<li><span class=\"a-list-item\">Gr\u00fcneres Gras und gr\u00fcnere Pflanzen, so dass die Pflanze rauen Umwelteinfl\u00fcssen widerstehen kann. F\u00f6rdert den Keimungsprozess und das Wachstum der Samen in den Anfangsstadien.<\/span><\/li>\n<li><span class=\"a-list-item\">F\u00f6rdert die photosynthetische Aktivit\u00e4t in Gew\u00e4chshauskulturen.<\/span><\/li>\n<li><span class=\"a-list-item\">Verbesserung der Bodenqualit\u00e4t, Steigerung der Gem\u00fcseproduktion, Beschleunigung des Wachstums und Erh\u00f6hung der Bl\u00fcte. Dies gilt insbesondere f\u00fcr Tomaten und Paprika, da sie w\u00e4hrend des Wachstums viel Magnesium aufnehmen.<\/span><\/li>\n<li><span class=\"a-list-item\">100% nat\u00fcrlich und unsch\u00e4dlich f\u00fcr Tiere und Pflanzen.<\/span><\/li>\n<\/ul>\n","protected":false},"featured_media":13065,"comment_status":"open","ping_status":"closed","template":"","meta":{"_acf_changed":false},"product_brand":[],"product_cat":[585,358],"product_tag":[],"class_list":{"0":"post-18308","1":"product","2":"type-product","3":"status-publish","4":"has-post-thumbnail","6":"product_cat-defizit-korrektoren","7":"product_cat-koniferen-und-hecken","9":"first","10":"instock","11":"taxable","12":"shipping-taxable","13":"purchasable","14":"product-type-variable"},"acf":[],"_links":{"self":[{"href":"https:\/\/cultivers.es\/de\/wp-json\/wp\/v2\/product\/18308","targetHints":{"allow":["GET"]}}],"collection":[{"href":"https:\/\/cultivers.es\/de\/wp-json\/wp\/v2\/product"}],"about":[{"href":"https:\/\/cultivers.es\/de\/wp-json\/wp\/v2\/types\/product"}],"replies":[{"embeddable":true,"href":"https:\/\/cultivers.es\/de\/wp-json\/wp\/v2\/comments?post=18308"}],"wp:featuredmedia":[{"embeddable":true,"href":"https:\/\/cultivers.es\/de\/wp-json\/wp\/v2\/media\/13065"}],"wp:attachment":[{"href":"https:\/\/cultivers.es\/de\/wp-json\/wp\/v2\/media?parent=18308"}],"wp:term":[{"taxonomy":"product_brand","embeddable":true,"href":"https:\/\/cultivers.es\/de\/wp-json\/wp\/v2\/product_brand?post=18308"},{"taxonomy":"product_cat","embeddable":true,"href":"https:\/\/cultivers.es\/de\/wp-json\/wp\/v2\/product_cat?post=18308"},{"taxonomy":"product_tag","embeddable":true,"href":"https:\/\/cultivers.es\/de\/wp-json\/wp\/v2\/product_tag?post=18308"}],"curies":[{"name":"wp","href":"https:\/\/api.w.org\/{rel}","templated":true}]}}