{"id":18310,"date":"2021-10-22T12:12:49","date_gmt":"2021-10-22T12:12:49","guid":{"rendered":"https:\/\/cultivers.es\/abonos\/calcium-korrektor\/"},"modified":"2025-09-22T04:58:10","modified_gmt":"2025-09-22T04:58:10","slug":"kalziumkorrektor","status":"publish","type":"product","link":"https:\/\/cultivers.es\/de\/d\u00fcngemittel\/kalziumkorrektor\/","title":{"rendered":"Calcium-Korrektor"},"content":{"rendered":"<p>Kalziummangel tritt vor allem in jungen Organen auf, was auf die geringe oematische Mobilit\u00e4t beider Elemente zur\u00fcckzuf\u00fchren ist; daher h\u00e4ngt das ordnungsgem\u00e4\u00dfe Wachstum neuer Knospen, Wurzeln und Reserveorgane von diesen N\u00e4hrstoffen ab.<br \/>\nEine grundlegende Kalziumversorgung sollte in jedem Ern\u00e4hrungsprogramm f\u00fcr ertragreiche \u00f6kologische Kulturen enthalten sein. Vor allem w\u00e4hrend der f\u00fcr die Produktivit\u00e4t so wichtigen Phasen des Fruchtansatzes und der Fruchtbildung.<br \/>\nVermeidet Ern\u00e4hrungsungleichgewichte aufgrund fehlender oder schlechter Aufnahme von Kalzium, die Krankheiten wie Fruchtbruch oder Wurzelf\u00e4ule verursachen k\u00f6nnen.<br \/>\nSorgt f\u00fcr Festigkeit und Elastizit\u00e4t des Pflanzengewebes, insbesondere der Wachstumsorgane. Seine hohe organische Belastung mit osmoprotektiven Wirkstoffen verleiht ihm au\u00dferdem einen zus\u00e4tzlichen Nutzen als Dynamisator des Pflanzenstoffwechsels.<\/p>\n","protected":false},"excerpt":{"rendered":"<div id=\"featurebullets_feature_div\" class=\"celwidget\" data-feature-name=\"featurebullets\" data-csa-c-id=\"gbqm4e-9jr50v-fcn8td-bhykca\" data-cel-widget=\"featurebullets_feature_div\">\n<div id=\"feature-bullets\" class=\"a-section a-spacing-medium a-spacing-top-small\">\n<ul class=\"a-unordered-list a-vertical a-spacing-mini\">\n<li><span class=\"a-list-item\">Wasserl\u00f6slicher organischer D\u00fcnger mit Kalzium zur Verbesserung von Festigkeit, Fruchtansatz und Rissbildung.<\/span><\/li>\n<li><span class=\"a-list-item\">Es sorgt f\u00fcr die Festigkeit und die Qualit\u00e4t der Fr\u00fcchte dank seiner hervorragenden Durchdringungsf\u00e4higkeit und der effizienten \u00dcbertragung von N\u00e4hrstoffen in die Bedarfsbereiche.<\/span><\/li>\n<li><span class=\"a-list-item\">Stabile Formulierung von Kalzium und organischen S\u00e4uren, was ihm einen zus\u00e4tzlichen Vorteil als Aktivator des Pflanzenstoffwechsels verleiht.<\/span><\/li>\n<li><span class=\"a-list-item\">Verhindert und behebt Kalziummangel. Verhindert die F\u00e4ulnis von Tomaten und Paprika.<\/span><\/li>\n<li><span class=\"a-list-item\">Er leistet einen grundlegenden Beitrag zu den ph\u00e4nologischen Phasen des Fruchtansatzes und des Fruchtansatzes, die f\u00fcr die Produktivit\u00e4t so wichtig sind.<\/span><\/li>\n<\/ul>\n<\/div>\n<\/div>\n<div id=\"customerReviewsAttribute_feature_div\" class=\"celwidget\" data-feature-name=\"customerReviewsAttribute\" data-csa-c-id=\"whblxx-2rdkd0-mqk8t-btwcw4\" data-cel-widget=\"customerReviewsAttribute_feature_div\"><\/div>\n<div id=\"addOnItem_feature_div\" class=\"celwidget\" data-feature-name=\"addOnItem\" data-csa-c-id=\"4fp7ld-cjglio-gpdi2p-47ojib\" data-cel-widget=\"addOnItem_feature_div\"><\/div>\n<div id=\"andonCord_feature_div\" class=\"celwidget\" data-feature-name=\"andonCord\" data-csa-c-id=\"covfwd-9v6rya-mnj3cw-fqsqy4\" data-cel-widget=\"andonCord_feature_div\"><\/div>\n<div id=\"HLCXComparisonJumplink_feature_div\"><\/div>\n","protected":false},"featured_media":11099,"comment_status":"open","ping_status":"closed","template":"","meta":{"_acf_changed":false},"product_brand":[],"product_cat":[585,595,359,524],"product_tag":[1561],"class_list":{"0":"post-18310","1":"product","2":"type-product","3":"status-publish","4":"has-post-thumbnail","6":"product_cat-defizit-korrektoren","7":"product_cat-kakteen-sukkulenten-und-sukkulenten","8":"product_cat-tomaten","9":"product_cat-zitrusfruchte","10":"product_tag-ecocert-de","12":"first","13":"instock","14":"taxable","15":"shipping-taxable","16":"purchasable","17":"product-type-variable"},"acf":[],"_links":{"self":[{"href":"https:\/\/cultivers.es\/de\/wp-json\/wp\/v2\/product\/18310","targetHints":{"allow":["GET"]}}],"collection":[{"href":"https:\/\/cultivers.es\/de\/wp-json\/wp\/v2\/product"}],"about":[{"href":"https:\/\/cultivers.es\/de\/wp-json\/wp\/v2\/types\/product"}],"replies":[{"embeddable":true,"href":"https:\/\/cultivers.es\/de\/wp-json\/wp\/v2\/comments?post=18310"}],"wp:featuredmedia":[{"embeddable":true,"href":"https:\/\/cultivers.es\/de\/wp-json\/wp\/v2\/media\/11099"}],"wp:attachment":[{"href":"https:\/\/cultivers.es\/de\/wp-json\/wp\/v2\/media?parent=18310"}],"wp:term":[{"taxonomy":"product_brand","embeddable":true,"href":"https:\/\/cultivers.es\/de\/wp-json\/wp\/v2\/product_brand?post=18310"},{"taxonomy":"product_cat","embeddable":true,"href":"https:\/\/cultivers.es\/de\/wp-json\/wp\/v2\/product_cat?post=18310"},{"taxonomy":"product_tag","embeddable":true,"href":"https:\/\/cultivers.es\/de\/wp-json\/wp\/v2\/product_tag?post=18310"}],"curies":[{"name":"wp","href":"https:\/\/api.w.org\/{rel}","templated":true}]}}