{"id":18314,"date":"2021-10-22T12:12:49","date_gmt":"2021-10-22T12:12:49","guid":{"rendered":"https:\/\/cultivers.es\/abonos\/kalzium-tomaten-und-paprika\/"},"modified":"2025-09-22T04:58:50","modified_gmt":"2025-09-22T04:58:50","slug":"kalzium-tomaten-und-paprika","status":"publish","type":"product","link":"https:\/\/cultivers.es\/de\/d\u00fcngemittel\/kalzium-tomaten-und-paprika\/","title":{"rendered":"Kalzium-Tomaten und Paprika"},"content":{"rendered":"<p class=\"a-spacing-base\">Wasserl\u00f6slicher organischer D\u00fcnger mit Calcium zur Verbesserung der Festigkeit, des Fruchtansatzes und der Rissbildung. Es sorgt f\u00fcr die Festigkeit und die Qualit\u00e4t der Fr\u00fcchte dank seiner hervorragenden Durchdringungsf\u00e4higkeit und der effizienten \u00dcbertragung von N\u00e4hrstoffen in die Bedarfsbereiche.<\/p>\n<p class=\"a-spacing-base\">Stabile Kalziumformulierung, die durch ihre hohe organische Belastung einen zus\u00e4tzlichen Vorteil als Aktivator des Pflanzenstoffwechsels bietet. Generell beugt es Kalziummangelzust\u00e4nden vor und behebt sie. Er leistet einen grundlegenden Beitrag zu den ph\u00e4nologischen Phasen des Fruchtansatzes und des Fruchtansatzes, die f\u00fcr die Produktivit\u00e4t so wichtig sind. Auf diese Weise wird die endg\u00fcltige Qualit\u00e4t der Fr\u00fcchte gef\u00f6rdert und ein m\u00f6gliches N\u00e4hrstoffungleichgewicht vermieden, das bei Gartenbaupflanzen zu Rissbildung oder Wurzelf\u00e4ule f\u00fchren kann.<\/p>\n<h3 class=\"a-spacing-mini\">Was ist Calcio?<\/h3>\n<p>Kalzium ist ein struktureller Bestandteil der Zellwand und ist an der Permeabilit\u00e4t der Plasmamembran beteiligt. Es ist also am Transport von Photoassimilaten beteiligt, d.h. es tr\u00e4gt zur Fruchtf\u00fcllung bei. Das Wachstum neuer Triebe und neuer Wurzeln h\u00e4ngt von einem optimalen Kalziumgehalt ab. Mangelerscheinungen treten in den jungen Organen der Pflanze auf, was auf die geringe Mobilit\u00e4t \u00fcber das Phloem zur\u00fcckzuf\u00fchren ist.<\/p>\n<h3 class=\"a-spacing-mini\">Kalziummangel in Tomaten und Paprika<\/h3>\n<p>Die Wurzelf\u00e4ule ist eine Krankheit, die durch einen Mangel an Kalzium verursacht wird. Wenn Ihr Boden kalkhaltig ist und Sie unter dieser Physiopathologie leiden, liegt das daran, dass das Kalzium im Boden blockiert ist und von den Pflanzen nicht aufgenommen werden kann. Dieses Kalzium verbindet sich im Boden mit Phosphor und bildet Kalziumtriphosphat. Sie kann in sauren oder schlecht bew\u00e4sserten B\u00f6den auftreten, da sie ohne Wasser kein Kalzium aufnehmen. Wir k\u00f6nnen dieses Problem durch die Anwendung von kalziumhaltigen Produkten l\u00f6sen, aber es muss sich um Produkte handeln, bei denen das Kalzium durch organische Stoffe chelatisiert ist, so dass das Kalziummolek\u00fcl in die Pflanze eindringen kann, da das Kalzium sonst als einfacher Salzverdr\u00e4nger wirkt. Mit der Gabe von Kalzium sollte zu Beginn der Ernte begonnen werden, da Kalzium ein gro\u00dfes Molek\u00fcl ist, das sich nur schwer in der Pflanze bewegen l\u00e4sst, und wenn wir behandeln, wenn wir das Problem oder den Mangel bereits sehen, werden wir weiterhin einen kleinen R\u00fcckgang haben, bis die Pflanze das Kalzium aufnimmt.<\/p>\n","protected":false},"excerpt":{"rendered":"<ul class=\"a-unordered-list a-vertical a-spacing-mini\">\n<li><span class=\"a-list-item\">Wasserl\u00f6slicher organischer D\u00fcnger mit Kalzium zur Verbesserung der Tomaten- und Paprikakulturen.<\/span><\/li>\n<li><span class=\"a-list-item\">Stabile Formulierung von Calcium und organischen S\u00e4uren, die im Pflanzenstoffwechsel aktiv sind.<\/span><\/li>\n<li><span class=\"a-list-item\">Verhindert und behebt Kalziummangel. Verhindert die F\u00e4ulnis von Tomaten und Paprika.<\/span><\/li>\n<li><span class=\"a-list-item\">Er leistet einen grundlegenden Beitrag zu den ph\u00e4nologischen Phasen des Fruchtansatzes und des Fruchtansatzes, die f\u00fcr die Produktivit\u00e4t so wichtig sind.<\/span><\/li>\n<li><span class=\"a-list-item\">100% nat\u00fcrlich und unsch\u00e4dlich f\u00fcr Tiere und Pflanzen.<\/span><\/li>\n<\/ul>\n","protected":false},"featured_media":54018,"comment_status":"open","ping_status":"closed","template":"","meta":{"_acf_changed":false},"product_brand":[],"product_cat":[585,589,359],"product_tag":[1561],"class_list":{"0":"post-18314","1":"product","2":"type-product","3":"status-publish","4":"has-post-thumbnail","6":"product_cat-defizit-korrektoren","7":"product_cat-obstgarten","8":"product_cat-tomaten","9":"product_tag-ecocert-de","11":"first","12":"instock","13":"taxable","14":"shipping-taxable","15":"purchasable","16":"product-type-variable","17":"has-default-attributes"},"acf":[],"_links":{"self":[{"href":"https:\/\/cultivers.es\/de\/wp-json\/wp\/v2\/product\/18314","targetHints":{"allow":["GET"]}}],"collection":[{"href":"https:\/\/cultivers.es\/de\/wp-json\/wp\/v2\/product"}],"about":[{"href":"https:\/\/cultivers.es\/de\/wp-json\/wp\/v2\/types\/product"}],"replies":[{"embeddable":true,"href":"https:\/\/cultivers.es\/de\/wp-json\/wp\/v2\/comments?post=18314"}],"wp:featuredmedia":[{"embeddable":true,"href":"https:\/\/cultivers.es\/de\/wp-json\/wp\/v2\/media\/54018"}],"wp:attachment":[{"href":"https:\/\/cultivers.es\/de\/wp-json\/wp\/v2\/media?parent=18314"}],"wp:term":[{"taxonomy":"product_brand","embeddable":true,"href":"https:\/\/cultivers.es\/de\/wp-json\/wp\/v2\/product_brand?post=18314"},{"taxonomy":"product_cat","embeddable":true,"href":"https:\/\/cultivers.es\/de\/wp-json\/wp\/v2\/product_cat?post=18314"},{"taxonomy":"product_tag","embeddable":true,"href":"https:\/\/cultivers.es\/de\/wp-json\/wp\/v2\/product_tag?post=18314"}],"curies":[{"name":"wp","href":"https:\/\/api.w.org\/{rel}","templated":true}]}}