{"id":18486,"date":"2021-10-22T12:12:47","date_gmt":"2021-10-22T12:12:47","guid":{"rendered":"https:\/\/cultivers.es\/abonos\/agro-rohrmelasse-fuer-pflanzen\/"},"modified":"2025-09-22T04:57:18","modified_gmt":"2025-09-22T04:57:18","slug":"honigtau-melasse-fur-pflanzen","status":"publish","type":"product","link":"https:\/\/cultivers.es\/de\/d\u00fcngemittel\/honigtau-melasse-fur-pflanzen\/","title":{"rendered":"Agro-Rohrmelasse f\u00fcr Pflanzen"},"content":{"rendered":"<p>Im \u00f6kologischen Landbau wird empfohlen, die Dosis um 50 % zu erh\u00f6hen. F\u00fcr eine optimale Pflanzenentwicklung kann die Behandlung mit n\u00fctzlichen Bodenmikroorganismen kombiniert werden, so dass die Pflanze die N\u00e4hrstoffe im Boden besser aufnehmen kann. Pflanzen synthetisieren Aminos\u00e4uren aus Stickstoff, der in Form von Nitrat oder Ammonium aufgenommen wird. Neben ihrer strukturellen Funktion sind sie f\u00fcr die biochemischen Prozesse in der Pflanze unentbehrlich, da sie Teil der Zusammensetzung von Enzymen, Hormonen und verschiedenen Verbindungen sind, die an der Verteidigung und Immunit\u00e4t beteiligt sind. Es handelt sich um eine fl\u00fcssige Formulierung nat\u00fcrlichen Ursprungs mit einer hohen Konzentration an organischen Aminos\u00e4uren, die durch enzymatische Hydrolyse gewonnen und durch organische Stoffe erg\u00e4nzt werden. Es enth\u00e4lt 42 % organische Stoffe pflanzlichen Ursprungs und 10 % Glycin\/Betain, die die Osmoregulationseigenschaften der Pflanze verbessern und durch \u00e4u\u00dfere Einfl\u00fcsse (biotische und abiotische) verursachte Stresssituationen reduzieren. Es f\u00f6rdert reiche Ernten, indem es die Wasser- und N\u00e4hrstoffspeicherf\u00e4higkeit verbessert. Es kann w\u00e4hrend des gesamten Vegetationszyklus der Pflanzen angewendet werden, um die physikalisch-chemischen Eigenschaften des Bodens zu verbessern, die Kationenaustauschkapazit\u00e4t zu optimieren und eine bessere Wurzelentwicklung zu f\u00f6rdern.<\/p>\n","protected":false},"excerpt":{"rendered":"<ul class=\"a-unordered-list a-vertical a-spacing-mini\">\n<li><span class=\"a-list-item\">100% NAT\u00dcRLICHER HONIG: Von der CAAE als biologisch zertifiziert.<\/span><\/li>\n<li><span class=\"a-list-item\">VERBESSERT DIE BODENEIGENSCHAFTEN: f\u00f6rdert die mikrobielle Aktivit\u00e4t im Boden und erleichtert die Verf\u00fcgbarkeit von N\u00e4hrstoffen. Erh\u00f6ht die Bodenfruchtbarkeit, verbessert die Bodenbeschaffenheit, f\u00f6rdert die Wechselwirkungen zwischen Boden und Pflanze.<\/span><\/li>\n<li><span class=\"a-list-item\">IDEAL F\u00dcR ALKALINE B\u00d6DEN: Aufgrund seiner ausgewogenen Formulierung und seines leicht sauren Charakters.<\/span><\/li>\n<li><span class=\"a-list-item\">HOHE KONZENTRATION VON ORGANISCHEN AMINOS\u00c4UREN: kann w\u00e4hrend der gesamten Vegetationsperiode angewendet werden, um die physikalisch-chemischen Eigenschaften des Bodens zu verbessern.<\/span><\/li>\n<li><span class=\"a-list-item\">100% nat\u00fcrlich und unsch\u00e4dlich f\u00fcr Tiere und Pflanzen.<\/span><\/li>\n<\/ul>\n","protected":false},"featured_media":53219,"comment_status":"open","ping_status":"closed","template":"","meta":{"_acf_changed":false},"product_brand":[],"product_cat":[396,336,1273,598,537,595,358,592,589,525,536,334,597,359,590,599,524],"product_tag":[1414],"class_list":{"0":"post-18486","1":"product","2":"type-product","3":"status-publish","4":"has-post-thumbnail","6":"product_cat-bodenregeneratoren","7":"product_cat-bonsai-de","8":"product_cat-empfohlene-dungemittel","9":"product_cat-geranien","10":"product_cat-hortensien","11":"product_cat-kakteen-sukkulenten-und-sukkulenten","12":"product_cat-koniferen-und-hecken","13":"product_cat-obstbaume","14":"product_cat-obstgarten","15":"product_cat-olivenbaum","16":"product_cat-orchideen","17":"product_cat-rasen","18":"product_cat-rosenstraucher","19":"product_cat-tomaten","20":"product_cat-tropisch","21":"product_cat-zierpflanzen","22":"product_cat-zitrusfruchte","23":"product_tag-caae-de","25":"first","26":"instock","27":"taxable","28":"shipping-taxable","29":"purchasable","30":"product-type-variable"},"acf":[],"_links":{"self":[{"href":"https:\/\/cultivers.es\/de\/wp-json\/wp\/v2\/product\/18486","targetHints":{"allow":["GET"]}}],"collection":[{"href":"https:\/\/cultivers.es\/de\/wp-json\/wp\/v2\/product"}],"about":[{"href":"https:\/\/cultivers.es\/de\/wp-json\/wp\/v2\/types\/product"}],"replies":[{"embeddable":true,"href":"https:\/\/cultivers.es\/de\/wp-json\/wp\/v2\/comments?post=18486"}],"wp:featuredmedia":[{"embeddable":true,"href":"https:\/\/cultivers.es\/de\/wp-json\/wp\/v2\/media\/53219"}],"wp:attachment":[{"href":"https:\/\/cultivers.es\/de\/wp-json\/wp\/v2\/media?parent=18486"}],"wp:term":[{"taxonomy":"product_brand","embeddable":true,"href":"https:\/\/cultivers.es\/de\/wp-json\/wp\/v2\/product_brand?post=18486"},{"taxonomy":"product_cat","embeddable":true,"href":"https:\/\/cultivers.es\/de\/wp-json\/wp\/v2\/product_cat?post=18486"},{"taxonomy":"product_tag","embeddable":true,"href":"https:\/\/cultivers.es\/de\/wp-json\/wp\/v2\/product_tag?post=18486"}],"curies":[{"name":"wp","href":"https:\/\/api.w.org\/{rel}","templated":true}]}}