{"id":18506,"date":"2021-10-22T12:12:48","date_gmt":"2021-10-22T12:12:48","guid":{"rendered":"https:\/\/cultivers.es\/abonos\/fluessige-huminsaeuren\/"},"modified":"2025-09-22T04:57:18","modified_gmt":"2025-09-22T04:57:18","slug":"sauer-humos-flussig","status":"publish","type":"product","link":"https:\/\/cultivers.es\/de\/d\u00fcngemittel\/sauer-humos-flussig\/","title":{"rendered":"Fl\u00fcssige Humins\u00e4uren"},"content":{"rendered":"<p>Fl\u00fcssige L\u00f6sung von Humin- und Fulvos\u00e4uren, geeignet f\u00fcr die Bew\u00e4sserung. Es zeichnet sich durch die Qualit\u00e4t seiner Bestandteile und seine Homogenit\u00e4t aus.<\/p>\n<p>Es f\u00f6rdert die Wirksamkeit von NPK-D\u00fcngern und bildet keine unl\u00f6slichen Ausf\u00e4llungen.<\/p>\n<p>Die regelm\u00e4\u00dfige Anwendung w\u00e4hrend des gesamten Erntezyklus hat einen direkten und positiven Einfluss auf die Erhaltung der Bodenfruchtbarkeit. Stimuliert die Pflanzenentwicklung in verschiedenen Entwicklungsstadien. Unter den Bedingungen einer angemessenen Mineralstoffversorgung haben sie positive Auswirkungen.<\/p>\n<p>Fl\u00fcssige L\u00f6sung von Humin- und Fulvos\u00e4uren mit Leonardit, geeignet f\u00fcr die Bew\u00e4sserung.<\/p>\n","protected":false},"excerpt":{"rendered":"<ul class=\"a-unordered-list a-vertical a-spacing-mini\">\n<li><span class=\"a-list-item\">HUMINS\u00c4UREN UND FULVOS\u00c4UREN FL\u00dcSSIG<\/span><\/li>\n<li><span class=\"a-list-item\">Fl\u00fcssige L\u00f6sung von Humin- und Fulvos\u00e4uren, geeignet f\u00fcr die Bew\u00e4sserung.<\/span><\/li>\n<li><span class=\"a-list-item\">HUMIC 12-3 zeichnet sich durch die Qualit\u00e4t seiner Bestandteile und seine Homogenit\u00e4t aus. Es f\u00f6rdert die Wirksamkeit von NPK-D\u00fcngern und bildet keine unl\u00f6slichen Ausf\u00e4llungen.<\/span><\/li>\n<li><span class=\"a-list-item\">Die regelm\u00e4\u00dfige Anwendung von Hd w\u00e4hrend des gesamten Erntezyklus hat einen direkten und positiven Einfluss auf die Erhaltung der Bodenfruchtbarkeit.<\/span><\/li>\n<li><span class=\"a-list-item\">Stimuliert die Pflanzenentwicklung in verschiedenen Entwicklungsstadien. Unter den Bedingungen einer angemessenen Mineralstoffversorgung haben sie positive Auswirkungen<\/span><\/li>\n<\/ul>\n","protected":false},"featured_media":28238,"comment_status":"open","ping_status":"closed","template":"","meta":{"_acf_changed":false},"product_brand":[],"product_cat":[396,653],"product_tag":[],"class_list":{"0":"post-18506","1":"product","2":"type-product","3":"status-publish","4":"has-post-thumbnail","6":"product_cat-bodenregeneratoren","7":"product_cat-huminsauren","9":"first","10":"instock","11":"featured","12":"taxable","13":"shipping-taxable","14":"purchasable","15":"product-type-variable"},"acf":[],"_links":{"self":[{"href":"https:\/\/cultivers.es\/de\/wp-json\/wp\/v2\/product\/18506","targetHints":{"allow":["GET"]}}],"collection":[{"href":"https:\/\/cultivers.es\/de\/wp-json\/wp\/v2\/product"}],"about":[{"href":"https:\/\/cultivers.es\/de\/wp-json\/wp\/v2\/types\/product"}],"replies":[{"embeddable":true,"href":"https:\/\/cultivers.es\/de\/wp-json\/wp\/v2\/comments?post=18506"}],"wp:featuredmedia":[{"embeddable":true,"href":"https:\/\/cultivers.es\/de\/wp-json\/wp\/v2\/media\/28238"}],"wp:attachment":[{"href":"https:\/\/cultivers.es\/de\/wp-json\/wp\/v2\/media?parent=18506"}],"wp:term":[{"taxonomy":"product_brand","embeddable":true,"href":"https:\/\/cultivers.es\/de\/wp-json\/wp\/v2\/product_brand?post=18506"},{"taxonomy":"product_cat","embeddable":true,"href":"https:\/\/cultivers.es\/de\/wp-json\/wp\/v2\/product_cat?post=18506"},{"taxonomy":"product_tag","embeddable":true,"href":"https:\/\/cultivers.es\/de\/wp-json\/wp\/v2\/product_tag?post=18506"}],"curies":[{"name":"wp","href":"https:\/\/api.w.org\/{rel}","templated":true}]}}