{"id":18510,"date":"2021-10-22T12:12:48","date_gmt":"2021-10-22T12:12:48","guid":{"rendered":"https:\/\/cultivers.es\/abonos\/fluessiges-bewurzelungsmittel\/"},"modified":"2025-09-22T04:57:25","modified_gmt":"2025-09-22T04:57:25","slug":"okologische-wurzel-flussigkeit","status":"publish","type":"product","link":"https:\/\/cultivers.es\/de\/d\u00fcngemittel\/okologische-wurzel-flussigkeit\/","title":{"rendered":"Fl\u00fcssiges Bewurzelungsmittel"},"content":{"rendered":"<p>Es handelt sich um einen organischen D\u00fcnger, der besonders geeignet ist, die Wurzelentwicklung in den schwierigsten Anbauphasen zu stimulieren, wenn eine maximale Beteiligung des Wurzelsystems erforderlich ist. Die untersuchte Formulierung mit den durch EDTA chelatisierten und durch Aminos\u00e4uren komplexierten Mikroelementen erm\u00f6glicht eine schnelle Absorption und Translokation in der Pflanze und gew\u00e4hrleistet so eine maximale Effizienz in k\u00fcrzester Zeit. Sie beg\u00fcnstigt die Wechselwirkungen zwischen Boden und Pflanze und f\u00f6rdert das Gleichgewicht zwischen dem Wurzel- und dem Luftsystem der Pflanze. Sein Einsatz ist ab dem Umpflanzen, in der Bl\u00fcte- und Fruchtansatzphase oder zur \u00dcberwindung von Stress- oder Phytotoxizit\u00e4tsepisoden, die w\u00e4hrend des Anbauzyklus auftreten k\u00f6nnen, voll gerechtfertigt.<\/p>\n","protected":false},"excerpt":{"rendered":"<ul class=\"a-unordered-list a-vertical a-spacing-mini\">\n<li><span class=\"a-list-item\">Regt die Bildung von Sekund\u00e4rwurzeln an, indem es die Zahl der absorbierenden H\u00e4rchen erh\u00f6ht und die F\u00e4higkeit zur N\u00e4hrstoffaufnahme regeneriert.<\/span><\/li>\n<li><span class=\"a-list-item\">Organischer D\u00fcnger f\u00fcr die Wurzelentwicklung.<\/span><\/li>\n<li><span class=\"a-list-item\">Sie beg\u00fcnstigt die Wechselwirkungen zwischen Boden und Pflanze und f\u00f6rdert das Gleichgewicht zwischen den Wurzeln und dem oberirdischen Teil der Pflanze.<\/span><\/li>\n<li><span class=\"a-list-item\">Es sollte ab dem Umpflanzen, in der Bl\u00fcte- und Fruchtansatzphase oder zur \u00dcberwindung von Stress oder Phytotoxizit\u00e4t, die w\u00e4hrend der Wachstumsperiode auftreten k\u00f6nnen, verwendet werden.<\/span><\/li>\n<li><span class=\"a-list-item\">100% biologisches Bewurzelungsmittel. Zertifiziert f\u00fcr den \u00f6kologischen Landbau durch Ecocert.<\/span><\/li>\n<\/ul>\n","protected":false},"featured_media":28280,"comment_status":"open","ping_status":"closed","template":"","meta":{"_acf_changed":false},"product_brand":[],"product_cat":[336,654],"product_tag":[1561],"class_list":{"0":"post-18510","1":"product","2":"type-product","3":"status-publish","4":"has-post-thumbnail","6":"product_cat-bonsai-de","7":"product_cat-verwurzelung","8":"product_tag-ecocert-de","10":"first","11":"instock","12":"taxable","13":"shipping-taxable","14":"purchasable","15":"product-type-variable"},"acf":[],"_links":{"self":[{"href":"https:\/\/cultivers.es\/de\/wp-json\/wp\/v2\/product\/18510","targetHints":{"allow":["GET"]}}],"collection":[{"href":"https:\/\/cultivers.es\/de\/wp-json\/wp\/v2\/product"}],"about":[{"href":"https:\/\/cultivers.es\/de\/wp-json\/wp\/v2\/types\/product"}],"replies":[{"embeddable":true,"href":"https:\/\/cultivers.es\/de\/wp-json\/wp\/v2\/comments?post=18510"}],"wp:featuredmedia":[{"embeddable":true,"href":"https:\/\/cultivers.es\/de\/wp-json\/wp\/v2\/media\/28280"}],"wp:attachment":[{"href":"https:\/\/cultivers.es\/de\/wp-json\/wp\/v2\/media?parent=18510"}],"wp:term":[{"taxonomy":"product_brand","embeddable":true,"href":"https:\/\/cultivers.es\/de\/wp-json\/wp\/v2\/product_brand?post=18510"},{"taxonomy":"product_cat","embeddable":true,"href":"https:\/\/cultivers.es\/de\/wp-json\/wp\/v2\/product_cat?post=18510"},{"taxonomy":"product_tag","embeddable":true,"href":"https:\/\/cultivers.es\/de\/wp-json\/wp\/v2\/product_tag?post=18510"}],"curies":[{"name":"wp","href":"https:\/\/api.w.org\/{rel}","templated":true}]}}