{"id":18511,"date":"2021-10-22T12:12:48","date_gmt":"2021-10-22T12:12:48","guid":{"rendered":"https:\/\/cultivers.es\/abonos\/huminsaeuren\/"},"modified":"2025-09-22T04:34:45","modified_gmt":"2025-09-22T04:34:45","slug":"acido-huminsauren","status":"publish","type":"product","link":"https:\/\/cultivers.es\/de\/d\u00fcngemittel\/acido-huminsauren\/","title":{"rendered":"Feste Humins\u00e4uren"},"content":{"rendered":"<p>Hochl\u00f6sliche konzentrierte Humins\u00e4uren. Es verbessert die Bodeneigenschaften, die Feuchtigkeitsspeicherkapazit\u00e4t, die Wurzelentwicklung der Pflanzen und ihre F\u00e4higkeit, N\u00e4hrstoffe besser zu assimilieren. Es liegt in Form von hochreinen Mikrogranulaten vor, die vollst\u00e4ndig wasserl\u00f6slich sind, was es ideal f\u00fcr die Anwendung im Wurzelbereich macht, einschlie\u00dflich der Verwendung bei der Bew\u00e4sserung. Seine regelm\u00e4\u00dfige Zufuhr f\u00f6rdert die Entwicklung der Pflanzen durch Verbesserung der Bodenfruchtbarkeit und Erh\u00f6hung der Wasser- und N\u00e4hrstoffspeicherf\u00e4higkeit. Es kann w\u00e4hrend der gesamten Vegetationsperiode angewendet werden, um die physikalisch-chemischen Eigenschaften des Bodens zu verbessern, seine Kationenaustauschkapazit\u00e4t zu erh\u00f6hen, die Wasserverh\u00e4ltnisse zu verbessern und die Wurzelentwicklung zu f\u00f6rdern. Aufgrund seiner Zusammensetzung ist es in der Lage, alle Arten von B\u00f6den zu verbessern: Es erh\u00f6ht die Durchl\u00fcftung von Lehmb\u00f6den; es verbessert das Wasserr\u00fcckhalteverm\u00f6gen von Sandb\u00f6den; es tr\u00e4gt zur Wiederherstellung der Struktur erodierter B\u00f6den bei.     <\/p>\n","protected":false},"excerpt":{"rendered":"<ul>\n<li>L\u00f6sliche Leonardit-Humins\u00e4uren und Fulvos\u00e4uren<\/li>\n<li>Verbessert die Bodeneigenschaften, das Wasserhalteverm\u00f6gen und die Wurzelentwicklung der Pflanzen.<\/li>\n<li>Hochreines Mikrogranulat, das vollst\u00e4ndig wasserl\u00f6slich ist und sich daher ideal f\u00fcr die Wurzelanwendung, einschlie\u00dflich der Bew\u00e4sserung, eignet.<\/li>\n<li>Seine regelm\u00e4\u00dfige Zufuhr f\u00f6rdert die Entwicklung der Pflanzen durch Verbesserung der Bodenfruchtbarkeit und Erh\u00f6hung der Wasser- und N\u00e4hrstoffspeicherf\u00e4higkeit.<\/li>\n<li>Kann w\u00e4hrend der gesamten Vegetationsperiode angewendet werden, um die physikalisch-chemischen Eigenschaften des Bodens zu verbessern und seine Kationenaustauschkapazit\u00e4t zu erh\u00f6hen<\/li>\n<\/ul>\n","protected":false},"featured_media":13040,"comment_status":"open","ping_status":"closed","template":"","meta":{"_acf_changed":false},"product_brand":[],"product_cat":[396,653],"product_tag":[1414],"class_list":{"0":"post-18511","1":"product","2":"type-product","3":"status-publish","4":"has-post-thumbnail","6":"product_cat-bodenregeneratoren","7":"product_cat-huminsauren","8":"product_tag-caae-de","10":"first","11":"instock","12":"taxable","13":"shipping-taxable","14":"purchasable","15":"product-type-variable","16":"has-default-attributes"},"acf":[],"_links":{"self":[{"href":"https:\/\/cultivers.es\/de\/wp-json\/wp\/v2\/product\/18511","targetHints":{"allow":["GET"]}}],"collection":[{"href":"https:\/\/cultivers.es\/de\/wp-json\/wp\/v2\/product"}],"about":[{"href":"https:\/\/cultivers.es\/de\/wp-json\/wp\/v2\/types\/product"}],"replies":[{"embeddable":true,"href":"https:\/\/cultivers.es\/de\/wp-json\/wp\/v2\/comments?post=18511"}],"wp:featuredmedia":[{"embeddable":true,"href":"https:\/\/cultivers.es\/de\/wp-json\/wp\/v2\/media\/13040"}],"wp:attachment":[{"href":"https:\/\/cultivers.es\/de\/wp-json\/wp\/v2\/media?parent=18511"}],"wp:term":[{"taxonomy":"product_brand","embeddable":true,"href":"https:\/\/cultivers.es\/de\/wp-json\/wp\/v2\/product_brand?post=18511"},{"taxonomy":"product_cat","embeddable":true,"href":"https:\/\/cultivers.es\/de\/wp-json\/wp\/v2\/product_cat?post=18511"},{"taxonomy":"product_tag","embeddable":true,"href":"https:\/\/cultivers.es\/de\/wp-json\/wp\/v2\/product_tag?post=18511"}],"curies":[{"name":"wp","href":"https:\/\/api.w.org\/{rel}","templated":true}]}}