{"id":18515,"date":"2021-10-22T12:12:47","date_gmt":"2021-10-22T12:12:47","guid":{"rendered":"https:\/\/cultivers.es\/abonos\/oekologischer-fluessigduenger-fuer-orchideen\/"},"modified":"2025-09-22T04:54:52","modified_gmt":"2025-09-22T04:54:52","slug":"dunger-orchideen-okologisch-flussig","status":"publish","type":"product","link":"https:\/\/cultivers.es\/de\/d\u00fcngemittel\/dunger-orchideen-okologisch-flussig\/","title":{"rendered":"Organischer Fl\u00fcssigd\u00fcnger f\u00fcr Orchideen"},"content":{"rendered":"<p>\u00d6kologischer Fl\u00fcssigd\u00fcnger <a href=\"https:\/\/es.wikipedia.org\/wiki\/Orchidaceae\" target=\"_blank\" rel=\"noopener\">f\u00fcr Orchideen<\/a>. Der organische <a href=\"https:\/\/cultivers.es\/de\/abonos-ecologicos\/die-anpflanzung\/orchideen\/\">Orchideend\u00fcnger<\/a> ist eine fl\u00fcssige Formulierung, die entwickelt wurde, um eine vollst\u00e4ndige und ausgewogene Ern\u00e4hrung f\u00fcr Wachstum und Bl\u00fcte zu bieten.<br \/>\nDie Formel enth\u00e4lt Mikroelemente, die f\u00fcr die Entwicklung der Pflanzen und eine lang anhaltende Bl\u00fcte notwendig sind.<\/p>\n","protected":false},"excerpt":{"rendered":"<ul class=\"a-unordered-list a-vertical a-spacing-mini\">\n<li><span class=\"a-list-item\">Organischer Universal-Fl\u00fcssigd\u00fcnger f\u00fcr alle Arten von Orchideen.<\/span><\/li>\n<li><span class=\"a-list-item\">Ges\u00fcndere und kr\u00e4ftigere Pflanzen. Erleichtert die Pflanzenentwicklung in Stresssituationen und erm\u00f6glicht eine bessere Erholung der Pflanzen.<\/span><\/li>\n<li><span class=\"a-list-item\">Optimale Ausgewogenheit der wesentlichen N\u00e4hrstoffe f\u00fcr die vegetative Entwicklung und die Fruchtbildung.<\/span><\/li>\n<li><span class=\"a-list-item\">NPK 3-1-3 L\u00f6sung. Kombinierte Versorgung mit Makron\u00e4hrstoffen (Stickstoff, Phosphor und Kalium) und Mikron\u00e4hrstoffen (Bor, Kalzium, Eisen, Mangan, Molybd\u00e4n und Zink) f\u00fcr eine vollst\u00e4ndige und ausgewogene Ern\u00e4hrung. Aminos\u00e4uren f\u00f6rdern die Assimilation der Elemente und verleihen ihm eine biostimulierende Wirkung.<\/span><\/li>\n<li><span class=\"a-list-item\">Das Produkt ist 100% nat\u00fcrlich und unsch\u00e4dlich f\u00fcr Tiere, umweltfreundlich.<\/span><\/li>\n<\/ul>\n","protected":false},"featured_media":26976,"comment_status":"open","ping_status":"closed","template":"","meta":{"_acf_changed":false},"product_brand":[],"product_cat":[333,384,536],"product_tag":[1414],"class_list":{"0":"post-18515","1":"product","2":"type-product","3":"status-publish","4":"has-post-thumbnail","6":"product_cat-dungemittel","7":"product_cat-flussigdunger","8":"product_cat-orchideen","9":"product_tag-caae-de","11":"first","12":"instock","13":"featured","14":"taxable","15":"shipping-taxable","16":"purchasable","17":"product-type-variable"},"acf":[],"_links":{"self":[{"href":"https:\/\/cultivers.es\/de\/wp-json\/wp\/v2\/product\/18515","targetHints":{"allow":["GET"]}}],"collection":[{"href":"https:\/\/cultivers.es\/de\/wp-json\/wp\/v2\/product"}],"about":[{"href":"https:\/\/cultivers.es\/de\/wp-json\/wp\/v2\/types\/product"}],"replies":[{"embeddable":true,"href":"https:\/\/cultivers.es\/de\/wp-json\/wp\/v2\/comments?post=18515"}],"wp:featuredmedia":[{"embeddable":true,"href":"https:\/\/cultivers.es\/de\/wp-json\/wp\/v2\/media\/26976"}],"wp:attachment":[{"href":"https:\/\/cultivers.es\/de\/wp-json\/wp\/v2\/media?parent=18515"}],"wp:term":[{"taxonomy":"product_brand","embeddable":true,"href":"https:\/\/cultivers.es\/de\/wp-json\/wp\/v2\/product_brand?post=18515"},{"taxonomy":"product_cat","embeddable":true,"href":"https:\/\/cultivers.es\/de\/wp-json\/wp\/v2\/product_cat?post=18515"},{"taxonomy":"product_tag","embeddable":true,"href":"https:\/\/cultivers.es\/de\/wp-json\/wp\/v2\/product_tag?post=18515"}],"curies":[{"name":"wp","href":"https:\/\/api.w.org\/{rel}","templated":true}]}}