{"id":18516,"date":"2021-10-22T12:12:47","date_gmt":"2021-10-22T12:12:47","guid":{"rendered":"https:\/\/cultivers.es\/abonos\/hortensienduenger-fluessig-bio\/"},"modified":"2025-09-22T04:54:29","modified_gmt":"2025-09-22T04:54:29","slug":"hydrangea-okologischer-flussigdunger","status":"publish","type":"product","link":"https:\/\/cultivers.es\/de\/d\u00fcngemittel\/hydrangea-okologischer-flussigdunger\/","title":{"rendered":"Hortensiend\u00fcnger Fl\u00fcssig Bio"},"content":{"rendered":"<p>Hortensiend\u00fcnger Fl\u00fcssig Organisch. Der organische D\u00fcnger f\u00fcr <a href=\"https:\/\/cultivers.es\/de\/abonos-ecologicos\/die-anpflanzung\/hortensien\/\">Hortensien<\/a> und andere saure Pflanzen ist eine fl\u00fcssige organische Formulierung, die ein N\u00e4hrstoffgleichgewicht bietet, das entwickelt wurde, um den pH-Wert des Bodens niedrig zu halten. Erleichterung der Aufnahme von N\u00e4hrstoffen durch die Pflanze. Empfohlen zur F\u00f6rderung der Bl\u00fcte und des kontrollierten Wachstums. Enth\u00e4lt chelatiertes Eisen, um das intensive Gr\u00fcn der Bl\u00e4tter zu erhalten.<\/p>\n","protected":false},"excerpt":{"rendered":"<div id=\"featurebullets_feature_div\" class=\"celwidget\" data-feature-name=\"featurebullets\" data-csa-c-id=\"h67mi0-q9y2q7-vu8qw4-w2mjpb\" data-cel-widget=\"featurebullets_feature_div\">\n<div id=\"feature-bullets\" class=\"a-section a-spacing-medium a-spacing-top-small\">\n<ul class=\"a-unordered-list a-vertical a-spacing-mini\">\n<li><span class=\"a-list-item\">Fl\u00fcssiger organischer Universald\u00fcnger f\u00fcr alle Arten von Hortensien<\/span><\/li>\n<li><span class=\"a-list-item\">Ges\u00fcndere und kr\u00e4ftigere Pflanzen; erleichtert die Pflanzenentwicklung in Stresssituationen und erm\u00f6glicht eine bessere Erholung der Pflanzen<\/span><\/li>\n<li><span class=\"a-list-item\">Optimale Ausgewogenheit der wesentlichen N\u00e4hrstoffe f\u00fcr das vegetative Wachstum und die Bl\u00fcte<\/span><\/li>\n<li><span class=\"a-list-item\">npk 4-1-4 L\u00f6sung; kombinierte Zufuhr von Makron\u00e4hrstoffen (Stickstoff, Phosphor und Kalium) und Mikron\u00e4hrstoffen (Bor, Kalzium, Eisen, Magnesium, Molybd\u00e4n und Zink) f\u00fcr eine vollst\u00e4ndigere und ausgewogenere Ern\u00e4hrung; Aminos\u00e4uren beg\u00fcnstigen die Assimilation der Elemente und bieten eine biostimulierende Wirkung<\/span><\/li>\n<li><span class=\"a-list-item\">100% nat\u00fcrliches und tierfreundliches, umweltfreundliches Produkt.<\/span><\/li>\n<\/ul>\n<\/div>\n<\/div>\n<div id=\"customerReviewsAttribute_feature_div\" class=\"celwidget\" data-feature-name=\"customerReviewsAttribute\" data-csa-c-id=\"ects49-4kgjvk-2bbvbt-fwog5a\" data-cel-widget=\"customerReviewsAttribute_feature_div\"><\/div>\n<div id=\"addOnItem_feature_div\" class=\"celwidget\" data-feature-name=\"addOnItem\" data-csa-c-id=\"32fera-bvdwdu-3reqfs-j84kzh\" data-cel-widget=\"addOnItem_feature_div\"><\/div>\n<div id=\"andonCord_feature_div\" class=\"celwidget\" data-feature-name=\"andonCord\" data-csa-c-id=\"m483jm-dl2w6t-iso3nd-zdw8h4\" data-cel-widget=\"andonCord_feature_div\"><\/div>\n<div id=\"HLCXComparisonJumplink_feature_div\"><\/div>\n","protected":false},"featured_media":27000,"comment_status":"open","ping_status":"closed","template":"","meta":{"_acf_changed":false},"product_brand":[],"product_cat":[333,384,537],"product_tag":[1414],"class_list":{"0":"post-18516","1":"product","2":"type-product","3":"status-publish","4":"has-post-thumbnail","6":"product_cat-dungemittel","7":"product_cat-flussigdunger","8":"product_cat-hortensien","9":"product_tag-caae-de","11":"first","12":"instock","13":"taxable","14":"shipping-taxable","15":"purchasable","16":"product-type-variable"},"acf":[],"_links":{"self":[{"href":"https:\/\/cultivers.es\/de\/wp-json\/wp\/v2\/product\/18516","targetHints":{"allow":["GET"]}}],"collection":[{"href":"https:\/\/cultivers.es\/de\/wp-json\/wp\/v2\/product"}],"about":[{"href":"https:\/\/cultivers.es\/de\/wp-json\/wp\/v2\/types\/product"}],"replies":[{"embeddable":true,"href":"https:\/\/cultivers.es\/de\/wp-json\/wp\/v2\/comments?post=18516"}],"wp:featuredmedia":[{"embeddable":true,"href":"https:\/\/cultivers.es\/de\/wp-json\/wp\/v2\/media\/27000"}],"wp:attachment":[{"href":"https:\/\/cultivers.es\/de\/wp-json\/wp\/v2\/media?parent=18516"}],"wp:term":[{"taxonomy":"product_brand","embeddable":true,"href":"https:\/\/cultivers.es\/de\/wp-json\/wp\/v2\/product_brand?post=18516"},{"taxonomy":"product_cat","embeddable":true,"href":"https:\/\/cultivers.es\/de\/wp-json\/wp\/v2\/product_cat?post=18516"},{"taxonomy":"product_tag","embeddable":true,"href":"https:\/\/cultivers.es\/de\/wp-json\/wp\/v2\/product_tag?post=18516"}],"curies":[{"name":"wp","href":"https:\/\/api.w.org\/{rel}","templated":true}]}}