{"id":18525,"date":"2021-10-22T12:12:47","date_gmt":"2021-10-22T12:12:47","guid":{"rendered":"https:\/\/cultivers.es\/abonos\/geranien-duenger-bio-fluessig\/"},"modified":"2025-09-22T04:54:21","modified_gmt":"2025-09-22T04:54:21","slug":"organisch-geranium-flussig-okologischer-dunger","status":"publish","type":"product","link":"https:\/\/cultivers.es\/de\/d\u00fcngemittel\/organisch-geranium-flussig-okologischer-dunger\/","title":{"rendered":"Geranien-D\u00fcnger Bio Fl\u00fcssig"},"content":{"rendered":"<p><a href=\"https:\/\/cultivers.es\/de\/abonos-ecologicos\/die-anpflanzung\/geranien\/\">Geranien-D\u00fcnger<\/a> Fl\u00fcssig \u00d6kologisch. Unser organischer D\u00fcnger f\u00fcr Geranien ist eine organische Formulierung mit einem erforschten N\u00e4hrstoffgleichgewicht, das eine optimale Entwicklung der Geranien gew\u00e4hrleistet. Eine \u00fcppige und lang anhaltende Bl\u00fcte enth\u00e4lt einen Komplex von Makro- und Mikron\u00e4hrstoffen, die alle Wachstums- und Bl\u00fctephasen Ihrer Pflanzen optimieren.<\/p>\n","protected":false},"excerpt":{"rendered":"<ul class=\"a-unordered-list a-vertical a-spacing-mini\">\n<li><span class=\"a-list-item\">Organischer Universal-Fl\u00fcssigd\u00fcnger f\u00fcr alle Geranienarten.<\/span><\/li>\n<li><span class=\"a-list-item\">Ges\u00fcndere und kr\u00e4ftigere Pflanzen. Erleichtert die Pflanzenentwicklung in Stresssituationen und erm\u00f6glicht eine bessere Erholung der Pflanzen.<\/span><\/li>\n<li><span class=\"a-list-item\">Optimale Ausgewogenheit der wesentlichen N\u00e4hrstoffe f\u00fcr die vegetative Entwicklung und die Fruchtbildung.<\/span><\/li>\n<li><span class=\"a-list-item\">NPK 4-1-7 L\u00f6sung. Kombinierte Versorgung mit Makron\u00e4hrstoffen (Stickstoff, Phosphor und Kalium) und Mikron\u00e4hrstoffen (Bor, Kalzium, Eisen, Mangan, Molybd\u00e4n und Zink) f\u00fcr eine vollst\u00e4ndige und ausgewogene Ern\u00e4hrung. Aminos\u00e4uren f\u00f6rdern die Assimilation der Elemente und verleihen ihm eine biostimulierende Wirkung.<\/span><\/li>\n<li><span class=\"a-list-item\">Das Produkt ist 100% nat\u00fcrlich und unsch\u00e4dlich f\u00fcr Tiere, umweltfreundlich.<\/span><\/li>\n<\/ul>\n","protected":false},"featured_media":27024,"comment_status":"open","ping_status":"closed","template":"","meta":{"_acf_changed":false},"product_brand":[],"product_cat":[333,384],"product_tag":[1414],"class_list":{"0":"post-18525","1":"product","2":"type-product","3":"status-publish","4":"has-post-thumbnail","6":"product_cat-dungemittel","7":"product_cat-flussigdunger","8":"product_tag-caae-de","10":"first","11":"instock","12":"taxable","13":"shipping-taxable","14":"purchasable","15":"product-type-variable"},"acf":[],"_links":{"self":[{"href":"https:\/\/cultivers.es\/de\/wp-json\/wp\/v2\/product\/18525","targetHints":{"allow":["GET"]}}],"collection":[{"href":"https:\/\/cultivers.es\/de\/wp-json\/wp\/v2\/product"}],"about":[{"href":"https:\/\/cultivers.es\/de\/wp-json\/wp\/v2\/types\/product"}],"replies":[{"embeddable":true,"href":"https:\/\/cultivers.es\/de\/wp-json\/wp\/v2\/comments?post=18525"}],"wp:featuredmedia":[{"embeddable":true,"href":"https:\/\/cultivers.es\/de\/wp-json\/wp\/v2\/media\/27024"}],"wp:attachment":[{"href":"https:\/\/cultivers.es\/de\/wp-json\/wp\/v2\/media?parent=18525"}],"wp:term":[{"taxonomy":"product_brand","embeddable":true,"href":"https:\/\/cultivers.es\/de\/wp-json\/wp\/v2\/product_brand?post=18525"},{"taxonomy":"product_cat","embeddable":true,"href":"https:\/\/cultivers.es\/de\/wp-json\/wp\/v2\/product_cat?post=18525"},{"taxonomy":"product_tag","embeddable":true,"href":"https:\/\/cultivers.es\/de\/wp-json\/wp\/v2\/product_tag?post=18525"}],"curies":[{"name":"wp","href":"https:\/\/api.w.org\/{rel}","templated":true}]}}