{"id":18638,"date":"2021-10-25T08:52:28","date_gmt":"2021-10-25T08:52:28","guid":{"rendered":"https:\/\/cultivers.es\/abonos\/kupfer-oxychlorid\/"},"modified":"2025-09-22T05:00:44","modified_gmt":"2025-09-22T05:00:44","slug":"kupferoxychlorid","status":"publish","type":"product","link":"https:\/\/cultivers.es\/de\/d\u00fcngemittel\/kupferoxychlorid\/","title":{"rendered":"Kupfer-Oxychlorid"},"content":{"rendered":"<div class=\"fusion-text\">\n<h3 class=\"fusion-responsive-typography-calculated\" data-fontsize=\"16\" data-lineheight=\"30.08px\">Kupferquelle f\u00fcr alle Arten von Pflanzen<\/h3>\n<\/div>\n<div class=\"fusion-text\">\n<h4 class=\"fusion-responsive-typography-calculated\" data-fontsize=\"15\" data-lineheight=\"25.95px\">Kupfer wird vom FRAC (Fungicide Resistance Action Committee) als anorganisches Multi-Site-Fungizid und Bakteriostatikum mit sehr geringem Resistenzrisiko eingestuft.<\/h4>\n<div class=\"fusion-text\">\n<p>Seine Wirkungsweise beruht auf der Anwesenheit von Cu2+-Ionen in w\u00e4ssriger L\u00f6sung. Cu2+-Ionen werden vom Erreger aufgenommen, bis die Anh\u00e4ufung seine Zellen kollabieren l\u00e4sst, indem sie den Atmungsprozess blockiert, die Proteinsynthese hemmt und die Membranaktivit\u00e4t verringert.<br \/>\nDiese multidiane Wirkung von Kupfer umfasst verschiedene Prozesse, die von unterschiedlichen Genen gesteuert werden, was die Entwicklung einer Resistenz erschwert.<\/p>\n<\/div>\n<p>Kupfer wird vom FRAC (Fungicide Resistance Action Committee) als anorganisches Multisite-Fungizid und Bakteriostatikum mit sehr geringem Resistenzrisiko eingestuft.<br \/>\nSeine Wirkungsweise basiert auf der Anwesenheit von Cu2+-Ionen in w\u00e4ssriger L\u00f6sung. Die Cu2+-Ionen werden vom Erreger aufgenommen, bis die Akkumulation seine Zellen zum Kollabieren bringt, indem sie den Atmungsprozess blockiert, die Proteinsynthese hemmt und die Membranaktivit\u00e4t verringert.<br \/>\nDiese multidisziplin\u00e4re Wirkung des Kupfers umfasst verschiedene Prozesse, die von unterschiedlichen Genen gesteuert werden, was die Entwicklung einer Resistenz erschwert. <\/p>\n<\/div>\n","protected":false},"excerpt":{"rendered":"<ul>\n<li>Kupferoxychlorid ist eine Kupferquelle f\u00fcr alle Arten von Pflanzen.<\/li>\n<li>70% Kupferoxychlorid<\/li>\n<li>Produkt f\u00fcr den \u00f6kologischen Landbau gem\u00e4\u00df EG-Verordnung 834\/2007 und 889\/2008 und NOP-Verordnung.<\/li>\n<li>D\u00fcngemittelsuspension auf Kupferbasis<\/li>\n<li>Als Blattspray, in Wasser verd\u00fcnnt, auftragen und den Beh\u00e4lter vorher sch\u00fctteln.<\/li>\n<\/ul>\n","protected":false},"featured_media":28707,"comment_status":"open","ping_status":"closed","template":"","meta":{"_acf_changed":false},"product_brand":[],"product_cat":[585,586,479,592,589,525],"product_tag":[1561],"class_list":{"0":"post-18638","1":"product","2":"type-product","3":"status-publish","4":"has-post-thumbnail","6":"product_cat-defizit-korrektoren","7":"product_cat-bioprotektoren","8":"product_cat-kulturpflanzen-und-pflanzenschutz","9":"product_cat-obstbaume","10":"product_cat-obstgarten","11":"product_cat-olivenbaum","12":"product_tag-ecocert-de","14":"first","15":"instock","16":"taxable","17":"shipping-taxable","18":"purchasable","19":"product-type-variable","20":"has-default-attributes"},"acf":[],"_links":{"self":[{"href":"https:\/\/cultivers.es\/de\/wp-json\/wp\/v2\/product\/18638","targetHints":{"allow":["GET"]}}],"collection":[{"href":"https:\/\/cultivers.es\/de\/wp-json\/wp\/v2\/product"}],"about":[{"href":"https:\/\/cultivers.es\/de\/wp-json\/wp\/v2\/types\/product"}],"replies":[{"embeddable":true,"href":"https:\/\/cultivers.es\/de\/wp-json\/wp\/v2\/comments?post=18638"}],"wp:featuredmedia":[{"embeddable":true,"href":"https:\/\/cultivers.es\/de\/wp-json\/wp\/v2\/media\/28707"}],"wp:attachment":[{"href":"https:\/\/cultivers.es\/de\/wp-json\/wp\/v2\/media?parent=18638"}],"wp:term":[{"taxonomy":"product_brand","embeddable":true,"href":"https:\/\/cultivers.es\/de\/wp-json\/wp\/v2\/product_brand?post=18638"},{"taxonomy":"product_cat","embeddable":true,"href":"https:\/\/cultivers.es\/de\/wp-json\/wp\/v2\/product_cat?post=18638"},{"taxonomy":"product_tag","embeddable":true,"href":"https:\/\/cultivers.es\/de\/wp-json\/wp\/v2\/product_tag?post=18638"}],"curies":[{"name":"wp","href":"https:\/\/api.w.org\/{rel}","templated":true}]}}