{"id":18727,"date":"2021-10-22T12:12:52","date_gmt":"2021-10-22T12:12:52","guid":{"rendered":"https:\/\/cultivers.es\/abonos\/fischmehl\/"},"modified":"2025-09-22T05:27:04","modified_gmt":"2025-09-22T05:27:04","slug":"fischmehl","status":"publish","type":"product","link":"https:\/\/cultivers.es\/de\/d\u00fcngemittel\/fischmehl\/","title":{"rendered":"Fischmehl"},"content":{"rendered":"<p>Fischmehl ist ein organischer D\u00fcnger mit einem hohen Stickstoff- und Phosphorgehalt. Aktivator eines ausgewogenen Pflanzenwachstums. Seine Anwendung bietet eine schnelle und ausgewogene Versorgung mit Stickstoff und Phosphor, die die physiologischen Prozesse der Pflanzen f\u00f6rdert und stimuliert. In Pflanzen befindet sich der meiste Stickstoff in Verbindungen mit hohem Molekulargewicht (Proteine und Nukleins\u00e4uren). In der Regel ist es das Makroelement, das die Pflanzenproduktion am h\u00e4ufigsten einschr\u00e4nkt. Stickstoffmangel f\u00fchrt zu einer Chlorose der \u00e4lteren Bl\u00e4tter und zu einem R\u00fcckgang der Biomassefl\u00e4che.    Die N\u00e4hrstoffe werden nach und nach freigesetzt und decken den Bedarf der Pflanzen w\u00e4hrend ihrer Entwicklung. Sein Einsatz erh\u00f6ht die Photosyntheserate und sichert die Versorgung mit Stickstoff und Phosphor in den kritischen Momenten des vegetativen Wachstums. Aufgrund seiner Herkunft und seines Herstellungsverfahrens werden seine Bestandteile nicht durch Regenwasser oder l\u00e4ngere Bew\u00e4sserung ausgewaschen, wodurch der Verlust von N\u00e4hrstoffen und die Verunreinigung des Grundwassers vermieden werden. <\/p>\n","protected":false},"excerpt":{"rendered":"<ul class=\"a-unordered-list a-vertical a-spacing-mini\">\n<li><span class=\"a-list-item\">Organischer D\u00fcnger tierischen Ursprungs mit hohem Stickstoff- und Phosphorgehalt. NP 9,5% + 8,23% + 8,23%.<\/span><\/li>\n<li><span class=\"a-list-item\">100% nat\u00fcrlicher D\u00fcnger f\u00fcr den Boden, der gleichm\u00e4\u00dfig auf die Bodenoberfl\u00e4che aufgetragen, leicht eingegraben und anschlie\u00dfend bew\u00e4ssert wird.<\/span><\/li>\n<li><span class=\"a-list-item\">Es deckt den Bedarf der Pflanzen im Laufe ihrer Entwicklung.<\/span><\/li>\n<li><span class=\"a-list-item\">Es verliert seine Eigenschaften nicht, wenn es regnet.<\/span><\/li>\n<li><span class=\"a-list-item\">Aktivator eines ausgewogenen Pflanzenwachstums. Seine Anwendung bietet eine schnelle und ausgewogene Versorgung mit Stickstoff und Phosphor, die die physiologischen Prozesse der Pflanzen f\u00f6rdert und stimuliert.<\/span><\/li>\n<\/ul>\n","protected":false},"featured_media":13030,"comment_status":"open","ping_status":"closed","template":"","meta":{"_acf_changed":false},"product_brand":[],"product_cat":[396,692],"product_tag":[1561],"woo-feed-brand":[],"class_list":{"0":"post-18727","1":"product","2":"type-product","3":"status-publish","4":"has-post-thumbnail","6":"product_cat-bodenregeneratoren","7":"product_cat-rohmaterialien","8":"product_tag-ecocert-de","10":"first","11":"outofstock","12":"taxable","13":"shipping-taxable","14":"purchasable","15":"product-type-variable"},"acf":[],"_links":{"self":[{"href":"https:\/\/cultivers.es\/de\/wp-json\/wp\/v2\/product\/18727","targetHints":{"allow":["GET"]}}],"collection":[{"href":"https:\/\/cultivers.es\/de\/wp-json\/wp\/v2\/product"}],"about":[{"href":"https:\/\/cultivers.es\/de\/wp-json\/wp\/v2\/types\/product"}],"replies":[{"embeddable":true,"href":"https:\/\/cultivers.es\/de\/wp-json\/wp\/v2\/comments?post=18727"}],"wp:featuredmedia":[{"embeddable":true,"href":"https:\/\/cultivers.es\/de\/wp-json\/wp\/v2\/media\/13030"}],"wp:attachment":[{"href":"https:\/\/cultivers.es\/de\/wp-json\/wp\/v2\/media?parent=18727"}],"wp:term":[{"taxonomy":"product_brand","embeddable":true,"href":"https:\/\/cultivers.es\/de\/wp-json\/wp\/v2\/product_brand?post=18727"},{"taxonomy":"product_cat","embeddable":true,"href":"https:\/\/cultivers.es\/de\/wp-json\/wp\/v2\/product_cat?post=18727"},{"taxonomy":"product_tag","embeddable":true,"href":"https:\/\/cultivers.es\/de\/wp-json\/wp\/v2\/product_tag?post=18727"},{"taxonomy":"woo-feed-brand","embeddable":true,"href":"https:\/\/cultivers.es\/de\/wp-json\/wp\/v2\/woo-feed-brand?post=18727"}],"curies":[{"name":"wp","href":"https:\/\/api.w.org\/{rel}","templated":true}]}}