{"id":18728,"date":"2021-10-25T06:37:06","date_gmt":"2021-10-25T06:37:06","guid":{"rendered":"https:\/\/cultivers.es\/abonos\/meeresalgen-duenger-fluessig\/"},"modified":"2026-03-19T07:05:53","modified_gmt":"2026-03-19T07:05:53","slug":"seegras-seegras-flussigkeit","status":"publish","type":"product","link":"https:\/\/cultivers.es\/de\/d\u00fcngemittel\/seegras-seegras-flussigkeit\/","title":{"rendered":"Meeresalgen-D\u00fcnger fl\u00fcssig"},"content":{"rendered":"<p>Konzentrierte L\u00f6sung aus nat\u00fcrlichem Algenextrakt (Ascophyllum nodosum), Aminos\u00e4uren, Peptiden, Algins\u00e4ure und Mannitol, die das Wachstum mit maximaler Kraft beschleunigt, dank der Energiezufuhr, der Stoffwechselaktivierung, der chelatierten Mineralquellen und der phytohormonellen Substanzen, die von Natur aus in den Algen enthalten sind und die die genetischen Ressourcen der Pflanze auch unter ung\u00fcnstigen Bedingungen stimulieren und verbessern. Meeresalgenextrakt ist reich an Pflanzenwachstumshormonen wie Cytokininen, Gibberellinen und Auxinen sowie an nat\u00fcrlichen organischen Molek\u00fclen wie Betainen, Mannitol, Polysacchariden und Aminos\u00e4uren. Aminos\u00e4uren spielen eine wesentliche Rolle bei der Aufrechterhaltung des Wasserhaushalts von Pflanzen, insbesondere unter ung\u00fcnstigen klimatischen Bedingungen. Es liefert essenzielle Metaboliten, die leicht von den Wurzeln aufgenommen werden, und erh\u00f6ht die Bodenfruchtbarkeit durch die Stimulierung der mikrobiellen Aktivit\u00e4t. Reaktivator des Pflanzenwachstums und -stoffwechsels, der durch ung\u00fcnstige physiologische Ereignisse oder abiotischen Stress ver\u00e4ndert wird.<\/p>\n","protected":false},"excerpt":{"rendered":"<ul class=\"a-unordered-list a-vertical a-spacing-mini\">\n<li><span class=\"a-list-item\">100% nat\u00fcrlicher Meeresalgend\u00fcnger. Seetang-Extrakt (Ascophyllum nodosum)<\/span><\/li>\n<li><span class=\"a-list-item\">Sie stimulieren das Wurzelwachstum und das vegetative Wachstum. Den Austausch zwischen Wurzel und Boden anregen<\/span><\/li>\n<li><span class=\"a-list-item\">Erholung von gestressten Kulturen.<\/span><\/li>\n<li><span class=\"a-list-item\">Erh\u00f6hung der Leistung der Wurzelaufnahme und des N\u00e4hrstofftransfers<\/span><\/li>\n<li><span class=\"a-list-item\">Verbesserung des Wurzelsystems und der Verpflanzung.<\/span><\/li>\n<li><span class=\"a-list-item\">Pflanzenst\u00e4rkungsmittel. Erh\u00f6hen Sie die Anzahl der Fr\u00fcchte und verbessern Sie deren Qualit\u00e4t.<\/span><\/li>\n<li><span class=\"a-list-item\">Meeresalgenextrakt ist reich an Pflanzenwachstumshormonen wie Cytokininen, Gibberellinen und Auxinen sowie an nat\u00fcrlichen organischen Molek\u00fclen wie Betainen, Mannitol, Polysacchariden und Aminos\u00e4uren.<\/span><\/li>\n<\/ul>\n","protected":false},"featured_media":28944,"comment_status":"open","ping_status":"closed","template":"","meta":{"_acf_changed":false},"product_brand":[],"product_cat":[693,477,336,598,537,592,589,334,597,590,599,524],"product_tag":[1414],"class_list":{"0":"post-18728","1":"product","2":"type-product","3":"status-publish","4":"has-post-thumbnail","6":"product_cat-seegras","7":"product_cat-biostimulanzien","8":"product_cat-bonsai-de","9":"product_cat-geranien","10":"product_cat-hortensien","11":"product_cat-obstbaume","12":"product_cat-obstgarten","13":"product_cat-rasen","14":"product_cat-rosenstraucher","15":"product_cat-tropisch","16":"product_cat-zierpflanzen","17":"product_cat-zitrusfruchte","18":"product_tag-caae-de","20":"first","21":"instock","22":"taxable","23":"shipping-taxable","24":"purchasable","25":"product-type-variable"},"acf":[],"_links":{"self":[{"href":"https:\/\/cultivers.es\/de\/wp-json\/wp\/v2\/product\/18728","targetHints":{"allow":["GET"]}}],"collection":[{"href":"https:\/\/cultivers.es\/de\/wp-json\/wp\/v2\/product"}],"about":[{"href":"https:\/\/cultivers.es\/de\/wp-json\/wp\/v2\/types\/product"}],"replies":[{"embeddable":true,"href":"https:\/\/cultivers.es\/de\/wp-json\/wp\/v2\/comments?post=18728"}],"wp:featuredmedia":[{"embeddable":true,"href":"https:\/\/cultivers.es\/de\/wp-json\/wp\/v2\/media\/28944"}],"wp:attachment":[{"href":"https:\/\/cultivers.es\/de\/wp-json\/wp\/v2\/media?parent=18728"}],"wp:term":[{"taxonomy":"product_brand","embeddable":true,"href":"https:\/\/cultivers.es\/de\/wp-json\/wp\/v2\/product_brand?post=18728"},{"taxonomy":"product_cat","embeddable":true,"href":"https:\/\/cultivers.es\/de\/wp-json\/wp\/v2\/product_cat?post=18728"},{"taxonomy":"product_tag","embeddable":true,"href":"https:\/\/cultivers.es\/de\/wp-json\/wp\/v2\/product_tag?post=18728"}],"curies":[{"name":"wp","href":"https:\/\/api.w.org\/{rel}","templated":true}]}}