{"id":18732,"date":"2021-10-22T12:12:52","date_gmt":"2021-10-22T12:12:52","guid":{"rendered":"https:\/\/cultivers.es\/abonos\/knochenmehl\/"},"modified":"2025-09-22T05:30:41","modified_gmt":"2025-09-22T05:30:41","slug":"mehlknochen","status":"publish","type":"product","link":"https:\/\/cultivers.es\/de\/d\u00fcngemittel\/mehlknochen\/","title":{"rendered":"Knochenmehl"},"content":{"rendered":"<p>Das Wurzelsystem der Pflanze ist f\u00fcr die Erkundung des Bodens und die Aufnahme von Wasser und Mineralstoffen aus dem Boden verantwortlich. Eine \u00fcppige Wurzel ist eine der direktesten und wirtschaftlichsten M\u00f6glichkeiten, die Effizienz der N\u00e4hrstoffaufnahme zu erh\u00f6hen und damit den zus\u00e4tzlichen NPK-Einsatz zu reduzieren.<br \/>\nAu\u00dferdem werden in der Wurzel die meisten Hormone synthetisiert, die f\u00fcr die Regulierung des Pflanzenstoffwechsels bei wichtigen Prozessen wie Zellteilung, Zellverdickung und -dehnung, Fruchtansatz und Fruchtwachstum usw. verantwortlich sind. Kalzium ist an den Widerstands- und Anpassungsreaktionen der Pflanze beteiligt und ist einer der wichtigsten Bestandteile der Zellwand, der sie durchl\u00e4ssig macht. Au\u00dferdem verbessert es die Qualit\u00e4t, die Konsistenz und die Haltbarkeit der Fr\u00fcchte nach der Ernte.<br \/>\nNat\u00fcrlicher D\u00fcnger, ideal zum Pflanzen von B\u00e4umen und Str\u00e4uchern. F\u00f6rdert die Bewurzelung und stimuliert die Bl\u00fcte und Fruchtbildung.<\/p>\n","protected":false},"excerpt":{"rendered":"<ul>\n<li>Nat\u00fcrlicher D\u00fcnger, der alle Arten von Pflanzen mit Phosphor und Kalzium versorgt.<\/li>\n<li>Stimuliert die Bewurzelung, das Wachstum, die N\u00e4hrstoffaufnahme und die Bl\u00fcte der Pflanzen<\/li>\n<li>Erh\u00f6ht den Fruchtansatz<\/li>\n<li>Verbessert die Vitalit\u00e4t und Widerstandskraft gegen\u00fcber Sch\u00e4dlingen und externen negativen Faktoren<\/li>\n<li>Ideal f\u00fcr alle Arten von Kulturpflanzen, Pflanzen und G\u00e4rten.<\/li>\n<\/ul>\n","protected":false},"featured_media":13170,"comment_status":"open","ping_status":"closed","template":"","meta":{"_acf_changed":false},"product_brand":[],"product_cat":[396,1273,692],"product_tag":[1561],"woo-feed-brand":[],"class_list":{"0":"post-18732","1":"product","2":"type-product","3":"status-publish","4":"has-post-thumbnail","6":"product_cat-bodenregeneratoren","7":"product_cat-empfohlene-dungemittel","8":"product_cat-rohmaterialien","9":"product_tag-ecocert-de","11":"first","12":"outofstock","13":"taxable","14":"shipping-taxable","15":"purchasable","16":"product-type-variable"},"acf":[],"_links":{"self":[{"href":"https:\/\/cultivers.es\/de\/wp-json\/wp\/v2\/product\/18732","targetHints":{"allow":["GET"]}}],"collection":[{"href":"https:\/\/cultivers.es\/de\/wp-json\/wp\/v2\/product"}],"about":[{"href":"https:\/\/cultivers.es\/de\/wp-json\/wp\/v2\/types\/product"}],"replies":[{"embeddable":true,"href":"https:\/\/cultivers.es\/de\/wp-json\/wp\/v2\/comments?post=18732"}],"wp:featuredmedia":[{"embeddable":true,"href":"https:\/\/cultivers.es\/de\/wp-json\/wp\/v2\/media\/13170"}],"wp:attachment":[{"href":"https:\/\/cultivers.es\/de\/wp-json\/wp\/v2\/media?parent=18732"}],"wp:term":[{"taxonomy":"product_brand","embeddable":true,"href":"https:\/\/cultivers.es\/de\/wp-json\/wp\/v2\/product_brand?post=18732"},{"taxonomy":"product_cat","embeddable":true,"href":"https:\/\/cultivers.es\/de\/wp-json\/wp\/v2\/product_cat?post=18732"},{"taxonomy":"product_tag","embeddable":true,"href":"https:\/\/cultivers.es\/de\/wp-json\/wp\/v2\/product_tag?post=18732"},{"taxonomy":"woo-feed-brand","embeddable":true,"href":"https:\/\/cultivers.es\/de\/wp-json\/wp\/v2\/woo-feed-brand?post=18732"}],"curies":[{"name":"wp","href":"https:\/\/api.w.org\/{rel}","templated":true}]}}