{"id":18737,"date":"2021-10-25T06:46:15","date_gmt":"2021-10-25T06:46:15","guid":{"rendered":"https:\/\/cultivers.es\/abonos\/eisenchelat\/"},"modified":"2025-09-22T05:01:30","modified_gmt":"2025-09-22T05:01:30","slug":"eisenchelat","status":"publish","type":"product","link":"https:\/\/cultivers.es\/de\/d\u00fcngemittel\/eisenchelat\/","title":{"rendered":"Eisenchelat"},"content":{"rendered":"<p>Hochwertiges organisches Eisenchelat (Fe-EDDHA). Der Chelatbildner EDDHA hat sich in einem weiten pH-Bereich als der stabilste erwiesen und ist wirksam bei der Vorbeugung und Korrektur von Eisenmangel. Der Einsatz von Eisen befriedigt die ern\u00e4hrungsphysiologisch anspruchsvollsten Kulturen und gew\u00e4hrleistet optimale Werte w\u00e4hrend des gesamten Zyklus. Eines der besten Eisenchelate auf dem Markt, da es schnell assimiliert wird und kein Tropfsystem verstopft. Es ist sehr einfach anzuwenden und sehr wichtig f\u00fcr das normale Funktionieren und die gute Entwicklung der Pflanzen.<\/p>\n","protected":false},"excerpt":{"rendered":"<div id=\"featurebullets_feature_div\" class=\"celwidget\" data-feature-name=\"featurebullets\" data-csa-c-id=\"l7uvy3-ao07gy-on54rr-cc6d0a\" data-cel-widget=\"featurebullets_feature_div\">\n<div id=\"feature-bullets\" class=\"a-section a-spacing-medium a-spacing-top-small\">\n<ul class=\"a-unordered-list a-vertical a-spacing-mini\">\n<li>Hochaufl\u00f6sendes Eisenchelat, das in Bew\u00e4sserungssystemen keine Verstopfungsprobleme verursacht.<\/li>\n<li>Ein essentieller Pflanzenn\u00e4hrstoff, der an vielen lebenswichtigen Funktionen beteiligt ist, unter anderem an der Chlorophyllsynthese.<\/li>\n<li>Korrekturmittel f\u00fcr Eisenmangel. Verhindert und heilt Eisenmangel (Eisenchlorose) in Gartenbau-, Baum- und Zierkulturen.<\/li>\n<li>\u00d6kologisches Produkt, das f\u00fcr alle Arten von Pflanzen und B\u00e4umen geeignet ist. ZUSAMMENSETZUNG 6%Fe-EDDHA, 4,8 ORTHO-ORTHO ISOMERE<\/li>\n<li><span class=\"a-list-item\">CAAE-zertifizierte Registrierungsnummer: CE-007459-2019.<\/span><\/li>\n<\/ul>\n<\/div>\n<\/div>\n<div id=\"bissProductSpecification_feature_div\" class=\"celwidget\" data-feature-name=\"bissProductSpecification\" data-csa-c-id=\"sq1azf-sizrfp-blbik0-fsxp1s\" data-cel-widget=\"bissProductSpecification_feature_div\"><\/div>\n","protected":false},"featured_media":13060,"comment_status":"open","ping_status":"closed","template":"","meta":{"_acf_changed":false},"product_brand":[],"product_cat":[585,336,537,358,592,589,525,359,590,524],"product_tag":[1414],"class_list":{"0":"post-18737","1":"product","2":"type-product","3":"status-publish","4":"has-post-thumbnail","6":"product_cat-defizit-korrektoren","7":"product_cat-bonsai-de","8":"product_cat-hortensien","9":"product_cat-koniferen-und-hecken","10":"product_cat-obstbaume","11":"product_cat-obstgarten","12":"product_cat-olivenbaum","13":"product_cat-tomaten","14":"product_cat-tropisch","15":"product_cat-zitrusfruchte","16":"product_tag-caae-de","18":"first","19":"instock","20":"taxable","21":"shipping-taxable","22":"purchasable","23":"product-type-variable"},"acf":[],"_links":{"self":[{"href":"https:\/\/cultivers.es\/de\/wp-json\/wp\/v2\/product\/18737","targetHints":{"allow":["GET"]}}],"collection":[{"href":"https:\/\/cultivers.es\/de\/wp-json\/wp\/v2\/product"}],"about":[{"href":"https:\/\/cultivers.es\/de\/wp-json\/wp\/v2\/types\/product"}],"replies":[{"embeddable":true,"href":"https:\/\/cultivers.es\/de\/wp-json\/wp\/v2\/comments?post=18737"}],"wp:featuredmedia":[{"embeddable":true,"href":"https:\/\/cultivers.es\/de\/wp-json\/wp\/v2\/media\/13060"}],"wp:attachment":[{"href":"https:\/\/cultivers.es\/de\/wp-json\/wp\/v2\/media?parent=18737"}],"wp:term":[{"taxonomy":"product_brand","embeddable":true,"href":"https:\/\/cultivers.es\/de\/wp-json\/wp\/v2\/product_brand?post=18737"},{"taxonomy":"product_cat","embeddable":true,"href":"https:\/\/cultivers.es\/de\/wp-json\/wp\/v2\/product_cat?post=18737"},{"taxonomy":"product_tag","embeddable":true,"href":"https:\/\/cultivers.es\/de\/wp-json\/wp\/v2\/product_tag?post=18737"}],"curies":[{"name":"wp","href":"https:\/\/api.w.org\/{rel}","templated":true}]}}