{"id":18740,"date":"2021-10-22T12:12:52","date_gmt":"2021-10-22T12:12:52","guid":{"rendered":"https:\/\/cultivers.es\/abonos\/blutmehl\/"},"modified":"2025-09-22T05:27:05","modified_gmt":"2025-09-22T05:27:05","slug":"blutmehl","status":"publish","type":"product","link":"https:\/\/cultivers.es\/de\/d\u00fcngemittel\/blutmehl\/","title":{"rendered":"Blutmehl"},"content":{"rendered":"<div id=\"dpx-product-description_feature_div\">\n<div class=\"celwidget\" data-csa-c-id=\"mdcyhe-ls0iz6-ohfoul-lrk501\">\n<div id=\"descriptionAndDetails\" class=\"a-section a-spacing-extra-large\">\n<div id=\"productDescription_feature_div\" class=\"celwidget\" data-feature-name=\"productDescription\" data-csa-c-id=\"e9phv9-53ceub-yamamk-mh29o4\">\n<div>\n<div id=\"productDescription_feature_div\" class=\"a-row feature\" data-feature-name=\"productDescription\" data-template-name=\"productDescription\">\n<div id=\"productDescription\" class=\"a-section a-spacing-small\">\n<p>In Pflanzen befindet sich der meiste Stickstoff in Verbindungen mit hohem Molekulargewicht (Proteine und Nukleins\u00e4uren). In der Regel ist es das Makroelement, das die Pflanzenproduktion am h\u00e4ufigsten einschr\u00e4nkt. Stickstoffmangel f\u00fchrt zu einer Chlorose der \u00e4lteren Bl\u00e4tter und zu einem R\u00fcckgang der Biomassefl\u00e4che. Blutmehl ist ein organischer D\u00fcnger mit einem hohen Stickstoffgehalt, der aus Blutmehl gewonnen wird. Sein Einsatz erh\u00f6ht die Photosyntheserate und sichert die Stickstoffversorgung in den kritischen Momenten des vegetativen Wachstums. Aufgrund seiner Herkunft und seines Herstellungsverfahrens werden seine Inhaltsstoffe weder durch Regenwasser noch durch l\u00e4nger andauernde Risiken ausgewaschen, wodurch der Verlust von N\u00e4hrstoffen und die Verunreinigung des Grundwassers vermieden werden. Die h\u00e4ufigste Art der Einarbeitung ist die direkte Ausbringung auf den Boden, wobei es ratsam ist, das Produkt im Boden zu vergraben.<\/p>\n<\/div>\n<\/div>\n<\/div>\n<\/div>\n<\/div>\n<\/div>\n<\/div>\n<div id=\"dpx-btf-renewed-program-description_feature_div\">\n<div class=\"celwidget\" data-csa-c-id=\"gfrgo0-et0pqc-i4n9er-23hq09\">\n<div id=\"renewedProgramDescriptionBtf_feature_div\" class=\"celwidget\" data-feature-name=\"renewedProgramDescriptionBtf\" data-csa-c-id=\"gzitx3-hc152w-a9z3jn-m2jdjp\"><\/div>\n<\/div>\n<\/div>\n<div id=\"dpx-climate-pledge-friendly-btf_feature_div\">\n<div class=\"celwidget\" data-csa-c-id=\"7e5fqa-nrq9z2-2vsv3r-ujbfdq\">\n<div id=\"climatePledgeFriendlyBTF_feature_div\" class=\"celwidget\" data-feature-name=\"climatePledgeFriendlyBTF\" data-csa-c-id=\"pn4w35-br7bqo-41ar66-oxoi63\"><\/div>\n<\/div>\n<\/div>\n<div id=\"dpx-post-purchase-witb-btf_feature_div\">\n<div class=\"celwidget\" data-csa-c-id=\"k8oypu-gnjskc-tlkrb2-emsamd\">\n<div id=\"postPurchaseWhatsInTheBox_feature_div\" class=\"celwidget\" data-feature-name=\"postPurchaseWhatsInTheBox\" data-csa-c-id=\"d02w2p-3rcseo-f4hc8d-triz4x\"><\/div>\n<\/div>\n<\/div>\n<div id=\"dpx-aplus-brand-story_feature_div\">\n<div class=\"celwidget\" data-csa-c-id=\"fxbjyj-rtsmlo-pqlipn-e3kpp2\">\n<div id=\"aplusBrandStory_feature_div\" class=\"celwidget\" data-feature-name=\"aplusBrandStory\" data-csa-c-id=\"62qccn-jo8v26-1l4yh-79y8nb\"><\/div>\n<\/div>\n<\/div>\n<div id=\"dpx-aplus-product-description_feature_div\"><\/div>\n<div id=\"dpx-aplus-3p-product-description_feature_div\"><\/div>\n<div id=\"dpx-aplus-sustainability-story_feature_div\">\n<div class=\"celwidget\" data-csa-c-id=\"o1xnc8-4310n8-y4abaz-z38w6j\">\n<div id=\"aplusSustainabilityStory_feature_div\" class=\"celwidget\" data-feature-name=\"aplusSustainabilityStory\" data-csa-c-id=\"i4vhbq-shwdvw-8ckiob-xkws1w\"><\/div>\n<\/div>\n<\/div>\n<div id=\"dpx-default-important-information_feature_div\">\n<div class=\"celwidget\" data-csa-c-id=\"cesrqi-bsdurj-22ls72-sjkbqf\">\n<div id=\"importantInformation_feature_div\" class=\"celwidget\" data-feature-name=\"importantInformation\" data-csa-c-id=\"e94z17-jnr5y3-cxktrs-vz7zuf\"><\/div>\n<\/div>\n<\/div>\n<div id=\"sims-consolidated-4_feature_div\">\n<div class=\"celwidget\" data-csa-c-id=\"8frqmh-2ewatn-o3u45d-xh0b75\">\n<div class=\"celwidget pd_rd_w-DRblN pf_rd_p-dcd633b7-cb38-4615-862b-a9bd1fbbb388 pf_rd_r-PFPFAB15HQGYYVMZE8X6 pd_rd_r-6a5163c9-d8be-4e3f-8219-5f4d867f39d5 pd_rd_wg-WDKgq c-f\" data-csa-c-content-id=\"amzn1.sym.dcd633b7-cb38-4615-862b-a9bd1fbbb388\" data-csa-c-slot-id=\"sims-container-4\" data-csa-c-type=\"widget\" data-csa-c-painter=\"p13n-desktop-carousel-cards\" data-csa-c-id=\"1kqu96-te1og-kl38mc-s07hw7\"><\/div>\n<\/div>\n<\/div>\n","protected":false},"excerpt":{"rendered":"<div id=\"featurebullets_feature_div\" class=\"celwidget\" data-feature-name=\"featurebullets\" data-csa-c-id=\"5x5wfr-fvdurm-nwghkk-ji2r82\">\n<div id=\"feature-bullets\" class=\"a-section a-spacing-medium a-spacing-top-small\">\n<ul class=\"a-unordered-list a-vertical a-spacing-mini\">\n<li><span class=\"a-list-item\">Organischer D\u00fcnger mit hohem Stickstoffgehalt, der aus Blutmehl gewonnen wird.<\/span><\/li>\n<li><span class=\"a-list-item\">Sorgt f\u00fcr eine schnelle und ausgewogene Stickstoffversorgung<\/span><\/li>\n<li><span class=\"a-list-item\">Aktivator eines ausgewogenen Pflanzenwachstums<\/span><\/li>\n<li><span class=\"a-list-item\">Die N\u00e4hrstoffe werden nach und nach freigesetzt und decken den Bedarf der Pflanze w\u00e4hrend ihrer Entwicklung.<\/span><\/li>\n<li><span class=\"a-list-item\">100% biologisches Produkt von caee, Registrierungsnummer: 26172<\/span><\/li>\n<\/ul>\n<\/div>\n<\/div>\n","protected":false},"featured_media":13180,"comment_status":"open","ping_status":"closed","template":"","meta":{"_acf_changed":false},"product_brand":[],"product_cat":[396,692],"product_tag":[1561],"woo-feed-brand":[],"class_list":{"0":"post-18740","1":"product","2":"type-product","3":"status-publish","4":"has-post-thumbnail","6":"product_cat-bodenregeneratoren","7":"product_cat-rohmaterialien","8":"product_tag-ecocert-de","10":"first","11":"outofstock","12":"taxable","13":"shipping-taxable","14":"purchasable","15":"product-type-variable"},"acf":[],"_links":{"self":[{"href":"https:\/\/cultivers.es\/de\/wp-json\/wp\/v2\/product\/18740","targetHints":{"allow":["GET"]}}],"collection":[{"href":"https:\/\/cultivers.es\/de\/wp-json\/wp\/v2\/product"}],"about":[{"href":"https:\/\/cultivers.es\/de\/wp-json\/wp\/v2\/types\/product"}],"replies":[{"embeddable":true,"href":"https:\/\/cultivers.es\/de\/wp-json\/wp\/v2\/comments?post=18740"}],"wp:featuredmedia":[{"embeddable":true,"href":"https:\/\/cultivers.es\/de\/wp-json\/wp\/v2\/media\/13180"}],"wp:attachment":[{"href":"https:\/\/cultivers.es\/de\/wp-json\/wp\/v2\/media?parent=18740"}],"wp:term":[{"taxonomy":"product_brand","embeddable":true,"href":"https:\/\/cultivers.es\/de\/wp-json\/wp\/v2\/product_brand?post=18740"},{"taxonomy":"product_cat","embeddable":true,"href":"https:\/\/cultivers.es\/de\/wp-json\/wp\/v2\/product_cat?post=18740"},{"taxonomy":"product_tag","embeddable":true,"href":"https:\/\/cultivers.es\/de\/wp-json\/wp\/v2\/product_tag?post=18740"},{"taxonomy":"woo-feed-brand","embeddable":true,"href":"https:\/\/cultivers.es\/de\/wp-json\/wp\/v2\/woo-feed-brand?post=18740"}],"curies":[{"name":"wp","href":"https:\/\/api.w.org\/{rel}","templated":true}]}}