{"id":18741,"date":"2021-10-22T12:12:52","date_gmt":"2021-10-22T12:12:52","guid":{"rendered":"https:\/\/cultivers.es\/abonos\/steinmehl-basaltstaub\/"},"modified":"2025-09-22T05:24:25","modified_gmt":"2025-09-22T05:24:25","slug":"steinmehl","status":"publish","type":"product","link":"https:\/\/cultivers.es\/de\/d\u00fcngemittel\/steinmehl\/","title":{"rendered":"Steinmehl. Basaltstaub"},"content":{"rendered":"<p>Basalt ist ein Eruptivgestein vulkanischen Ursprungs, das reich an Kiesels\u00e4ure, Kalzium, Magnesium und Eisen ist und in der konventionellen und biologischen Landwirtschaft verwendet wird.<br \/>\nRegelm\u00e4\u00dfige Anwendungen in armen B\u00f6den verbessern die Kationenaustauschkapazit\u00e4t und die N\u00e4hrstoffbindung.<br \/>\nBei starken Regenf\u00e4llen und Auswaschung k\u00f6nnen N\u00e4hrstoffe so schnell freigesetzt werden, dass sie im Boden verbleiben und von den Pflanzen verwertet werden k\u00f6nnen.<\/p>\n","protected":false},"excerpt":{"rendered":"<ul>\n<li>Basaltpulver. D\u00fcngemittel auf Siliziumbasis. Versorgung mit Mikroelementen f\u00fcr alle Arten von Pflanzen.<\/li>\n<li>Basaltpulver ist ein Eruptivgestein vulkanischen Ursprungs, das reich an Kiesels\u00e4ure, Kalzium, Magnesium und Eisen ist und in der konventionellen und \u00f6kologischen Landwirtschaft verwendet wird.<\/li>\n<li>Regelm\u00e4\u00dfige Anwendungen von Steinmehl in armen B\u00f6den verbessern die Kationenaustauschkapazit\u00e4t und die N\u00e4hrstoffbindung.<\/li>\n<li>Hilft bei Vergiftungen, die durch einen \u00dcberschuss an Aluminium, Eisen oder Mangan verursacht werden.<\/li>\n<\/ul>\n","protected":false},"featured_media":11159,"comment_status":"open","ping_status":"closed","template":"","meta":{"_acf_changed":false},"product_brand":[],"product_cat":[396,692],"product_tag":[],"woo-feed-brand":[],"class_list":{"0":"post-18741","1":"product","2":"type-product","3":"status-publish","4":"has-post-thumbnail","6":"product_cat-bodenregeneratoren","7":"product_cat-rohmaterialien","9":"first","10":"instock","11":"featured","12":"taxable","13":"shipping-taxable","14":"purchasable","15":"product-type-variable","16":"has-default-attributes"},"acf":[],"_links":{"self":[{"href":"https:\/\/cultivers.es\/de\/wp-json\/wp\/v2\/product\/18741","targetHints":{"allow":["GET"]}}],"collection":[{"href":"https:\/\/cultivers.es\/de\/wp-json\/wp\/v2\/product"}],"about":[{"href":"https:\/\/cultivers.es\/de\/wp-json\/wp\/v2\/types\/product"}],"replies":[{"embeddable":true,"href":"https:\/\/cultivers.es\/de\/wp-json\/wp\/v2\/comments?post=18741"}],"wp:featuredmedia":[{"embeddable":true,"href":"https:\/\/cultivers.es\/de\/wp-json\/wp\/v2\/media\/11159"}],"wp:attachment":[{"href":"https:\/\/cultivers.es\/de\/wp-json\/wp\/v2\/media?parent=18741"}],"wp:term":[{"taxonomy":"product_brand","embeddable":true,"href":"https:\/\/cultivers.es\/de\/wp-json\/wp\/v2\/product_brand?post=18741"},{"taxonomy":"product_cat","embeddable":true,"href":"https:\/\/cultivers.es\/de\/wp-json\/wp\/v2\/product_cat?post=18741"},{"taxonomy":"product_tag","embeddable":true,"href":"https:\/\/cultivers.es\/de\/wp-json\/wp\/v2\/product_tag?post=18741"},{"taxonomy":"woo-feed-brand","embeddable":true,"href":"https:\/\/cultivers.es\/de\/wp-json\/wp\/v2\/woo-feed-brand?post=18741"}],"curies":[{"name":"wp","href":"https:\/\/api.w.org\/{rel}","templated":true}]}}