{"id":18742,"date":"2021-10-22T13:29:43","date_gmt":"2021-10-22T13:29:43","guid":{"rendered":"https:\/\/cultivers.es\/abonos\/fluessiger-wurmhumus\/"},"modified":"2025-09-22T05:30:51","modified_gmt":"2025-09-22T05:30:51","slug":"flussig-erdwurm-humus","status":"publish","type":"product","link":"https:\/\/cultivers.es\/de\/d\u00fcngemittel\/flussig-erdwurm-humus\/","title":{"rendered":"Fl\u00fcssiger Wurmhumus"},"content":{"rendered":"<p>LOMBRIZ HUMUS stammt aus der Stabilisierung von organischem Material tierischen Ursprungs durch Regenw\u00fcrmer der Art Eisenia foetida und ist mit Phytohormonen angereichert, die als Pflanzenwachstumsregulatoren wirken. Er ist reich an mikrobieller Flora (1 Gramm Humus enth\u00e4lt etwa 2 Billionen Mikroorganismen), die das Leben im Boden schnell wiederherstellen. Verbessert die Bodenstruktur, die Durchl\u00fcftung und das Feuchthalteverm\u00f6gen. Stimuliert die Wurzelentwicklung und die N\u00e4hrstoffaufnahme der Pflanzen. Es hat einen neutralen pH-Wert und ist daher ideal f\u00fcr die Anwendung auf allen Bodenarten. Produkt frei von Salmonella sp, Escherichia coli und frei von Schwermetallen. Produkt frei von Salmonella sp, Escherichia coli und frei von Schwermetallen. Die kontinuierliche Anwendung von Vermicompost verbessert die Bodeneigenschaften, was sich in einer h\u00f6heren Qualit\u00e4t und einem h\u00f6heren Ertrag der Pflanzen niederschl\u00e4gt. Wurmhumus hat eine hohe mikrobielle Aktivit\u00e4t, die das Pflanzenwachstum verbessert. Es hat eine unterdr\u00fcckende Wirkung gegen Nematoden und andere Pflanzenpathogene. Wurmhumus hat die F\u00e4higkeit, die Extrahierbarkeit von Schwermetallen und das Verhalten (Adsorption, Abbau) von Pestiziden im Boden zu ver\u00e4ndern und gesch\u00e4digte B\u00f6den zu regenerieren.<\/p>\n","protected":false},"excerpt":{"rendered":"<div id=\"featurebullets_feature_div\" class=\"celwidget\" data-feature-name=\"featurebullets\" data-csa-c-id=\"245fnw-2te75m-sv0udn-eq9t1v\" data-cel-widget=\"featurebullets_feature_div\">\n<div id=\"feature-bullets\" class=\"a-section a-spacing-medium a-spacing-top-small\">\n<ul class=\"a-unordered-list a-vertical a-spacing-mini\">\n<li><span class=\"a-list-item\">100% biologischer Wurmhumus von h\u00f6chster Qualit\u00e4t.<\/span><\/li>\n<li><span class=\"a-list-item\">Stimulator der Pflanzenwurzelentwicklung und der N\u00e4hrstoffaufnahme. <\/span><\/li>\n<li><span class=\"a-list-item\">Es hat einen neutralen pH-Wert und eignet sich daher f\u00fcr alle Arten von B\u00f6den als Quelle f\u00fcr organische Stoffe. <\/span><\/li>\n<li><span class=\"a-list-item\">Wurmhumus erh\u00f6ht die Qualit\u00e4t und den Ertrag der Pflanzen. Es hat ein niedriges C\/N-Verh\u00e4ltnis, das eine schnelle Mineralisierung und N\u00e4hrstofffreisetzung erm\u00f6glicht.<\/span><\/li>\n<li><span class=\"a-list-item\">Von sohiscert zertifizierte Registrierungsnummer: CV237PAE-07.<\/span><\/li>\n<\/ul>\n<\/div>\n<\/div>\n<div id=\"customerReviewsAttribute_feature_div\" class=\"celwidget\" data-feature-name=\"customerReviewsAttribute\" data-csa-c-id=\"gms01g-hds0gw-ttj0o5-amotg8\" data-cel-widget=\"customerReviewsAttribute_feature_div\"><\/div>\n<div id=\"addOnItem_feature_div\" class=\"celwidget\" data-feature-name=\"addOnItem\" data-csa-c-id=\"sjbsfd-ae4hfa-ywtuny-kelnhg\" data-cel-widget=\"addOnItem_feature_div\"><\/div>\n<div id=\"andonCord_feature_div\" class=\"celwidget\" data-feature-name=\"andonCord\" data-csa-c-id=\"vkqi6k-olw88z-eqvebc-9slw0y\" data-cel-widget=\"andonCord_feature_div\"><\/div>\n<div id=\"HLCXComparisonJumplink_feature_div\"><\/div>\n","protected":false},"featured_media":28792,"comment_status":"open","ping_status":"closed","template":"","meta":{"_acf_changed":false},"product_brand":[],"product_cat":[396,336,384,598,537,358,592,589,334,597,359,590,599,600,524],"product_tag":[1561],"class_list":{"0":"post-18742","1":"product","2":"type-product","3":"status-publish","4":"has-post-thumbnail","6":"product_cat-bodenregeneratoren","7":"product_cat-bonsai-de","8":"product_cat-flussigdunger","9":"product_cat-geranien","10":"product_cat-hortensien","11":"product_cat-koniferen-und-hecken","12":"product_cat-obstbaume","13":"product_cat-obstgarten","14":"product_cat-rasen","15":"product_cat-rosenstraucher","16":"product_cat-tomaten","17":"product_cat-tropisch","18":"product_cat-zierpflanzen","19":"product_cat-zimmerpflanzen","20":"product_cat-zitrusfruchte","21":"product_tag-ecocert-de","23":"first","24":"instock","25":"taxable","26":"shipping-taxable","27":"purchasable","28":"product-type-variable"},"acf":[],"_links":{"self":[{"href":"https:\/\/cultivers.es\/de\/wp-json\/wp\/v2\/product\/18742","targetHints":{"allow":["GET"]}}],"collection":[{"href":"https:\/\/cultivers.es\/de\/wp-json\/wp\/v2\/product"}],"about":[{"href":"https:\/\/cultivers.es\/de\/wp-json\/wp\/v2\/types\/product"}],"replies":[{"embeddable":true,"href":"https:\/\/cultivers.es\/de\/wp-json\/wp\/v2\/comments?post=18742"}],"wp:featuredmedia":[{"embeddable":true,"href":"https:\/\/cultivers.es\/de\/wp-json\/wp\/v2\/media\/28792"}],"wp:attachment":[{"href":"https:\/\/cultivers.es\/de\/wp-json\/wp\/v2\/media?parent=18742"}],"wp:term":[{"taxonomy":"product_brand","embeddable":true,"href":"https:\/\/cultivers.es\/de\/wp-json\/wp\/v2\/product_brand?post=18742"},{"taxonomy":"product_cat","embeddable":true,"href":"https:\/\/cultivers.es\/de\/wp-json\/wp\/v2\/product_cat?post=18742"},{"taxonomy":"product_tag","embeddable":true,"href":"https:\/\/cultivers.es\/de\/wp-json\/wp\/v2\/product_tag?post=18742"}],"curies":[{"name":"wp","href":"https:\/\/api.w.org\/{rel}","templated":true}]}}