{"id":18913,"date":"2021-10-22T12:12:51","date_gmt":"2021-10-22T12:12:51","guid":{"rendered":"https:\/\/cultivers.es\/abonos\/natriumbikarbonat\/"},"modified":"2025-09-22T05:23:30","modified_gmt":"2025-09-22T05:23:30","slug":"natriumbikarbonat","status":"publish","type":"product","link":"https:\/\/cultivers.es\/de\/d\u00fcngemittel\/natriumbikarbonat\/","title":{"rendered":"Natriumbikarbonat"},"content":{"rendered":"<p>Natriumbicarbonat, auch bekannt als Natriumhydrogencarbonat, Natriumhydrogencarbonat, Natriumbicarbonat oder Vichy-Salz, ist eine wei\u00dfe, kristalline, feste Verbindung, die aus einem nat\u00fcrlich vorkommenden Mineral namens Natron gewonnen wird, das gro\u00dfe Mengen an Natriumbicarbonat enth\u00e4lt. Es handelt sich um eine wasserl\u00f6sliche Verbindung, die sich in Gegenwart von S\u00e4ure in Kohlendioxid (CO2) und Wasser zersetzt.<\/p>\n","protected":false},"excerpt":{"rendered":"<ul>\n<li>100 % nat\u00fcrliches Natriumbicarbonat f\u00fcr vielf\u00e4ltige Anwendungen.<\/li>\n<li>Es beschleunigt die Photosynthese, st\u00e4rkt die Pflanze und l\u00e4sst sie mehr Bl\u00e4tter wachsen.<\/li>\n<li>Es h\u00e4lt Ameisen und andere Insekten fern.<\/li>\n<li>Haushaltsreinigung: Badreiniger, K\u00fcchenreiniger, Textilreiniger, Fleckenentfernung, usw.<\/li>\n<\/ul>\n","protected":false},"featured_media":11175,"comment_status":"open","ping_status":"closed","template":"","meta":{"_acf_changed":false},"product_brand":[],"product_cat":[480,479],"product_tag":[],"woo-feed-brand":[],"class_list":{"0":"post-18913","1":"product","2":"type-product","3":"status-publish","4":"has-post-thumbnail","6":"product_cat-grundlegende-stoffe","7":"product_cat-kulturpflanzen-und-pflanzenschutz","9":"first","10":"instock","11":"taxable","12":"shipping-taxable","13":"purchasable","14":"product-type-variable","15":"has-default-attributes"},"acf":[],"_links":{"self":[{"href":"https:\/\/cultivers.es\/de\/wp-json\/wp\/v2\/product\/18913","targetHints":{"allow":["GET"]}}],"collection":[{"href":"https:\/\/cultivers.es\/de\/wp-json\/wp\/v2\/product"}],"about":[{"href":"https:\/\/cultivers.es\/de\/wp-json\/wp\/v2\/types\/product"}],"replies":[{"embeddable":true,"href":"https:\/\/cultivers.es\/de\/wp-json\/wp\/v2\/comments?post=18913"}],"wp:featuredmedia":[{"embeddable":true,"href":"https:\/\/cultivers.es\/de\/wp-json\/wp\/v2\/media\/11175"}],"wp:attachment":[{"href":"https:\/\/cultivers.es\/de\/wp-json\/wp\/v2\/media?parent=18913"}],"wp:term":[{"taxonomy":"product_brand","embeddable":true,"href":"https:\/\/cultivers.es\/de\/wp-json\/wp\/v2\/product_brand?post=18913"},{"taxonomy":"product_cat","embeddable":true,"href":"https:\/\/cultivers.es\/de\/wp-json\/wp\/v2\/product_cat?post=18913"},{"taxonomy":"product_tag","embeddable":true,"href":"https:\/\/cultivers.es\/de\/wp-json\/wp\/v2\/product_tag?post=18913"},{"taxonomy":"woo-feed-brand","embeddable":true,"href":"https:\/\/cultivers.es\/de\/wp-json\/wp\/v2\/woo-feed-brand?post=18913"}],"curies":[{"name":"wp","href":"https:\/\/api.w.org\/{rel}","templated":true}]}}