{"id":18916,"date":"2021-10-22T12:12:50","date_gmt":"2021-10-22T12:12:50","guid":{"rendered":"https:\/\/cultivers.es\/abonos\/brennnesseljauche\/"},"modified":"2026-01-16T06:28:52","modified_gmt":"2026-01-16T06:28:52","slug":"brennnessel-purpur","status":"publish","type":"product","link":"https:\/\/cultivers.es\/de\/d\u00fcngemittel\/brennnessel-purpur\/","title":{"rendered":"Brennnesseljauche"},"content":{"rendered":"<p>Bio-Brennnessel. Nat\u00fcrlicher Grundstoff auf Basis von Urtica spp. Die Brennnessel (Urtica spp.) ist eine Pflanze, deren Extrakt oder Schlamm eine Zusammensetzung enth\u00e4lt, die reich an Verbindungen ist, die den nat\u00fcrlichen Abwehrmechanismus der Pflanze st\u00e4rken. Es kann als D\u00fcngemittel oder als pflanzenf\u00f6rderndes Mittel eingesetzt werden. Es ist auch reich an sekund\u00e4ren Elementen wie Schwefel, Silizium und Magnesium. Er enth\u00e4lt auch Spurenelemente wie Eisen und Mangan. Es ist bekannt, dass es Insekten (vor allem Blattl\u00e4use) abwehrt, und Silizium tr\u00e4gt zu seiner pilzhemmenden Wirkung bei. Auch andere Wirkungen werden ihm zugeschrieben, wie im Folgenden aufgef\u00fchrt: -F\u00f6rderung der Wurzelentwicklung, der Bl\u00fcte und Erh\u00f6hung des Brix-Wertes in den Fr\u00fcchten. Sie beschleunigen die Zersetzung von organischem Material und werden als Aktivatoren in Kompostierungsprozessen eingesetzt. Korrigiert N\u00e4hrstoffmangel und verbessert die Photosynthese bei Pflanzen. Erh\u00f6ht die mikrobielle Aktivit\u00e4t im Boden.<\/p>\n","protected":false},"excerpt":{"rendered":"<ul class=\"a-unordered-list a-vertical a-spacing-mini\">\n<li><span class=\"a-list-item\">Der Extrakt oder die Aufschl\u00e4mmung enth\u00e4lt eine Zusammensetzung, die reich an Verbindungen ist, die den nat\u00fcrlichen Abwehrmechanismus der Pflanzen st\u00e4rken. Es kann als D\u00fcngemittel oder als pflanzenf\u00f6rderndes Mittel eingesetzt werden. <\/span><\/li>\n<li><span class=\"a-list-item\">Reich an sekund\u00e4ren Elementen wie Schwefel, Silizium und Magnesium.<\/span><\/li>\n<li><span class=\"a-list-item\">Die insektenabweisende Wirkung (vor allem gegen Blattl\u00e4use) und die pilzhemmende Wirkung von Silizium.<\/span><\/li>\n<li><span class=\"a-list-item\">Es beg\u00fcnstigt die Wurzelentwicklung, die Bl\u00fcte und den Anstieg des Brix-Gehalts in den Fr\u00fcchten. Erh\u00f6ht die mikrobielle Aktivit\u00e4t im Boden.<\/span><\/li>\n<li><span class=\"a-list-item\">Sie beschleunigen die Zersetzung von organischem Material und werden als Aktivatoren in Kompostierungsprozessen eingesetzt.<\/span><\/li>\n<li><span class=\"a-list-item\">Korrigiert N\u00e4hrstoffmangel und verbessert die Photosynthese bei Pflanzen. Enth\u00e4lt Spurenelemente wie Eisen und Mangan.<\/span><\/li>\n<\/ul>\n","protected":false},"featured_media":28546,"comment_status":"open","ping_status":"closed","template":"","meta":{"_acf_changed":false},"product_brand":[],"product_cat":[480],"product_tag":[1561],"woo-feed-brand":[],"class_list":{"0":"post-18916","1":"product","2":"type-product","3":"status-publish","4":"has-post-thumbnail","6":"product_cat-grundlegende-stoffe","7":"product_tag-ecocert-de","9":"first","10":"instock","11":"taxable","12":"shipping-taxable","13":"purchasable","14":"product-type-variable"},"acf":[],"_links":{"self":[{"href":"https:\/\/cultivers.es\/de\/wp-json\/wp\/v2\/product\/18916","targetHints":{"allow":["GET"]}}],"collection":[{"href":"https:\/\/cultivers.es\/de\/wp-json\/wp\/v2\/product"}],"about":[{"href":"https:\/\/cultivers.es\/de\/wp-json\/wp\/v2\/types\/product"}],"replies":[{"embeddable":true,"href":"https:\/\/cultivers.es\/de\/wp-json\/wp\/v2\/comments?post=18916"}],"wp:featuredmedia":[{"embeddable":true,"href":"https:\/\/cultivers.es\/de\/wp-json\/wp\/v2\/media\/28546"}],"wp:attachment":[{"href":"https:\/\/cultivers.es\/de\/wp-json\/wp\/v2\/media?parent=18916"}],"wp:term":[{"taxonomy":"product_brand","embeddable":true,"href":"https:\/\/cultivers.es\/de\/wp-json\/wp\/v2\/product_brand?post=18916"},{"taxonomy":"product_cat","embeddable":true,"href":"https:\/\/cultivers.es\/de\/wp-json\/wp\/v2\/product_cat?post=18916"},{"taxonomy":"product_tag","embeddable":true,"href":"https:\/\/cultivers.es\/de\/wp-json\/wp\/v2\/product_tag?post=18916"},{"taxonomy":"woo-feed-brand","embeddable":true,"href":"https:\/\/cultivers.es\/de\/wp-json\/wp\/v2\/woo-feed-brand?post=18916"}],"curies":[{"name":"wp","href":"https:\/\/api.w.org\/{rel}","templated":true}]}}