{"id":18923,"date":"2021-10-22T12:12:50","date_gmt":"2021-10-22T12:12:50","guid":{"rendered":"https:\/\/cultivers.es\/abonos\/systemisches-kupfer\/"},"modified":"2026-03-19T07:05:34","modified_gmt":"2026-03-19T07:05:34","slug":"kupfer-system","status":"publish","type":"product","link":"https:\/\/cultivers.es\/de\/d\u00fcngemittel\/kupfer-system\/","title":{"rendered":"Systemisches Kupfer"},"content":{"rendered":"<p>Systemisches Kupfer ist der beste Kupferinput, um das Pflanzengewebe auf einem optimalen Gesundheitsniveau zu halten. Dank seiner schnellen Assimilation und seiner effektiven internen Translokation durch die Pflanze hat es eine fungistatische Wirkung, die die Entwicklung von Krankheitserregern hemmt. Im Gegensatz zu anderen Produkten auf dem Markt verlangsamt es das Pflanzenwachstum nach der Anwendung nicht, sondern hat eine biostimulierende Wirkung, die zu h\u00f6heren Ertr\u00e4gen f\u00fchrt.<\/p>\n","protected":false},"excerpt":{"rendered":"<ul class=\"a-unordered-list a-vertical a-spacing-mini\">\n<li><span class=\"a-list-item\">Behebt Kupfermangel, wirkt fungistatisch, erh\u00f6ht den Ernteertrag.<\/span><\/li>\n<li><span class=\"a-list-item\">Schnell assimilierte organische Kupferl\u00f6sung mit stimulierender Wirkung.<\/span><\/li>\n<li><span class=\"a-list-item\">Verbessert das Abwehrsystem der Pflanze in feindlichen Umgebungen, die die Entwicklung von Pilz- und Bakterienkrankheiten beg\u00fcnstigen.<\/span><\/li>\n<li><span class=\"a-list-item\">Es ist die beste Versorgung mit Kupfer, um das Pflanzengewebe auf einem optimalen Gesundheitsniveau zu halten.<\/span><\/li>\n<li><span class=\"a-list-item\">Es verlangsamt das Pflanzenwachstum nach der Anwendung nicht, sondern hat eine biostimulierende Wirkung, die zu h\u00f6heren Ertr\u00e4gen f\u00fchrt.<\/span><\/li>\n<\/ul>\n","protected":false},"featured_media":28479,"comment_status":"open","ping_status":"closed","template":"","meta":{"_acf_changed":false},"product_brand":[],"product_cat":[586,585,479,592,589,525,359],"product_tag":[1414],"class_list":{"0":"post-18923","1":"product","2":"type-product","3":"status-publish","4":"has-post-thumbnail","6":"product_cat-bioprotektoren","7":"product_cat-defizit-korrektoren","8":"product_cat-kulturpflanzen-und-pflanzenschutz","9":"product_cat-obstbaume","10":"product_cat-obstgarten","11":"product_cat-olivenbaum","12":"product_cat-tomaten","13":"product_tag-caae-de","15":"first","16":"instock","17":"taxable","18":"shipping-taxable","19":"purchasable","20":"product-type-variable"},"acf":[],"_links":{"self":[{"href":"https:\/\/cultivers.es\/de\/wp-json\/wp\/v2\/product\/18923","targetHints":{"allow":["GET"]}}],"collection":[{"href":"https:\/\/cultivers.es\/de\/wp-json\/wp\/v2\/product"}],"about":[{"href":"https:\/\/cultivers.es\/de\/wp-json\/wp\/v2\/types\/product"}],"replies":[{"embeddable":true,"href":"https:\/\/cultivers.es\/de\/wp-json\/wp\/v2\/comments?post=18923"}],"wp:featuredmedia":[{"embeddable":true,"href":"https:\/\/cultivers.es\/de\/wp-json\/wp\/v2\/media\/28479"}],"wp:attachment":[{"href":"https:\/\/cultivers.es\/de\/wp-json\/wp\/v2\/media?parent=18923"}],"wp:term":[{"taxonomy":"product_brand","embeddable":true,"href":"https:\/\/cultivers.es\/de\/wp-json\/wp\/v2\/product_brand?post=18923"},{"taxonomy":"product_cat","embeddable":true,"href":"https:\/\/cultivers.es\/de\/wp-json\/wp\/v2\/product_cat?post=18923"},{"taxonomy":"product_tag","embeddable":true,"href":"https:\/\/cultivers.es\/de\/wp-json\/wp\/v2\/product_tag?post=18923"}],"curies":[{"name":"wp","href":"https:\/\/api.w.org\/{rel}","templated":true}]}}