{"id":18925,"date":"2021-10-22T12:12:50","date_gmt":"2021-10-22T12:12:50","guid":{"rendered":"https:\/\/cultivers.es\/abonos\/mast-und-reifungsduenger\/"},"modified":"2026-03-19T07:05:37","modified_gmt":"2026-03-19T07:05:37","slug":"dungemittel-mast-und-reifung","status":"publish","type":"product","link":"https:\/\/cultivers.es\/de\/d\u00fcngemittel\/dungemittel-mast-und-reifung\/","title":{"rendered":"Mast- und Reifungsd\u00fcnger"},"content":{"rendered":"<div class=\"page\" title=\"Seite 1\">\n<div class=\"section\">\n<div class=\"layoutArea\">\n<div class=\"column\">\n<p>Mast- und Reifed\u00fcnger ist ein D\u00fcnger mit hohem Gehalt an <a href=\"https:\/\/cultivers.es\/de\/abonos-ecologicos\/dungemittel\/huminsauren\/\">Fulvos\u00e4uren<\/a> und Kalium. Es bietet zahlreiche Vorteile, die seine prim\u00e4re Funktion der Versorgung mit hochwertigem, schnell assimiliertem Kalium erg\u00e4nzen.<\/p>\n<p>Fulvos\u00e4uren sind starke organische Stimulanzien. Aufgrund ihrer geringeren Molek\u00fclgr\u00f6\u00dfe sind sie reaktionsfreudiger als Humins\u00e4uren und wirken daher schneller zur Verbesserung des Pflanzenwachstums. Sie erh\u00f6hen auch die Durchl\u00e4ssigkeit der Zellmembranen und verbessern so die N\u00e4hrstoffaufnahme.<\/p>\n<p>Im Boden wirken sie als nat\u00fcrliche Chelatbildner. Sie bilden Fulvate mit blockierten Kationen und wandeln diese in leicht assimilierbare Molek\u00fcle um, die schnell in das Innere der Pflanze gelangen und die Versorgung mit D\u00fcngemitteln, die w\u00e4hrend der Bew\u00e4sserung ausgebracht werden, optimieren. Verbesserung der Bodenstruktur durch verbesserte Bel\u00fcftung und Tonausflockung, wodurch das Wurzelwachstum gef\u00f6rdert wird.<\/p>\n<p>Unser Mast- und Reifed\u00fcnger verbessert die Pigmentproduktion in Obst und Gem\u00fcse und damit die Farbintensit\u00e4t. Der Zucker-, S\u00e4ure- und Saftgehalt wird erh\u00f6ht und das Aroma wird intensiviert. Die vermarkteten Fr\u00fcchte sind f\u00fcr die Kunden viel attraktiver.<\/p>\n<p>Es erh\u00f6ht die Konsistenz des Pflanzengewebes, was entscheidend ist.<\/p>\n<\/div>\n<\/div>\n<\/div>\n<\/div>\n","protected":false},"excerpt":{"rendered":"<div id=\"featurebullets_feature_div\" class=\"celwidget\" data-feature-name=\"featurebullets\" data-csa-c-id=\"kxuqun-1zzt9o-6y97l6-wnlnvu\" data-cel-widget=\"featurebullets_feature_div\">\n<div id=\"feature-bullets\" class=\"a-section a-spacing-medium a-spacing-top-small\">\n<ul class=\"a-unordered-list a-vertical a-spacing-mini\">\n<li><span class=\"a-list-item\">pH-neutrale Kaliuml\u00f6sung f\u00fcr die Mast und Reifung von Fr\u00fcchten.<\/span><\/li>\n<li><span class=\"a-list-item\">Es ist sehr mobil und verlagert sich, so dass die Pflanze es besser und schneller aufnehmen kann.<\/span><\/li>\n<li><span class=\"a-list-item\">Es f\u00f6rdert die Synthese von Zuckern und deren anschlie\u00dfende Anreicherung in den Reserveorganen.<\/span><\/li>\n<li><span class=\"a-list-item\">Es wird empfohlen, es w\u00e4hrend der Fruchtphase anzuwenden, um den Mastprozess zu verbessern, da es die Vergr\u00f6\u00dferung und Gleichm\u00e4\u00dfigkeit der Fr\u00fcchte beg\u00fcnstigt.<\/span><\/li>\n<li><span class=\"a-list-item\">Kaliumd\u00fcnger, der f\u00fcr die Ausbringung w\u00e4hrend der Wachstumsphasen von Fr\u00fcchten und anderen Reserveorganen geeignet ist<\/span><\/li>\n<\/ul>\n<\/div>\n<\/div>\n","protected":false},"featured_media":12695,"comment_status":"open","ping_status":"closed","template":"","meta":{"_acf_changed":false},"product_brand":[],"product_cat":[589,711,359],"product_tag":[1561],"class_list":{"0":"post-18925","1":"product","2":"type-product","3":"status-publish","4":"has-post-thumbnail","6":"product_cat-obstgarten","7":"product_cat-reifung-und-ausmast-de","8":"product_cat-tomaten","9":"product_tag-ecocert-de","11":"first","12":"instock","13":"featured","14":"taxable","15":"shipping-taxable","16":"purchasable","17":"product-type-variable"},"acf":[],"_links":{"self":[{"href":"https:\/\/cultivers.es\/de\/wp-json\/wp\/v2\/product\/18925","targetHints":{"allow":["GET"]}}],"collection":[{"href":"https:\/\/cultivers.es\/de\/wp-json\/wp\/v2\/product"}],"about":[{"href":"https:\/\/cultivers.es\/de\/wp-json\/wp\/v2\/types\/product"}],"replies":[{"embeddable":true,"href":"https:\/\/cultivers.es\/de\/wp-json\/wp\/v2\/comments?post=18925"}],"wp:featuredmedia":[{"embeddable":true,"href":"https:\/\/cultivers.es\/de\/wp-json\/wp\/v2\/media\/12695"}],"wp:attachment":[{"href":"https:\/\/cultivers.es\/de\/wp-json\/wp\/v2\/media?parent=18925"}],"wp:term":[{"taxonomy":"product_brand","embeddable":true,"href":"https:\/\/cultivers.es\/de\/wp-json\/wp\/v2\/product_brand?post=18925"},{"taxonomy":"product_cat","embeddable":true,"href":"https:\/\/cultivers.es\/de\/wp-json\/wp\/v2\/product_cat?post=18925"},{"taxonomy":"product_tag","embeddable":true,"href":"https:\/\/cultivers.es\/de\/wp-json\/wp\/v2\/product_tag?post=18925"}],"curies":[{"name":"wp","href":"https:\/\/api.w.org\/{rel}","templated":true}]}}