{"id":18928,"date":"2021-10-22T12:12:50","date_gmt":"2021-10-22T12:12:50","guid":{"rendered":"https:\/\/cultivers.es\/abonos\/kraft-kontakt-kaliumloesung\/"},"modified":"2025-09-25T12:58:41","modified_gmt":"2025-09-25T12:58:41","slug":"kalilosung","status":"publish","type":"product","link":"https:\/\/cultivers.es\/de\/d\u00fcngemittel\/kalilosung\/","title":{"rendered":"Force Contac Kalium Seife"},"content":{"rendered":"<p>Produkt, das die Tensid- und Dispergierwirkung von Fetts\u00e4uren wirksam kombiniert. Der Ursprung der Fetts\u00e4uren in Verbindung mit der Wirkung von Kalium als strukturgebendes Element bereitet die Blattoberfl\u00e4che angemessen vor und verhindert so den Befall durch verschiedene Schadinsekten. Es hat auch eine gute blattfilmwaschende Wirkung, wenn es mit hohem Druck gespritzt wird.<\/p>\n","protected":false},"excerpt":{"rendered":"<ul class=\"a-unordered-list a-vertical a-spacing-mini\">\n<li><span class=\"a-list-item\">100 % organische Kaliuml\u00f6sung, die durch Kontakt wirkt und gegen alle Arten von Sch\u00e4dlingen wirksam ist.<\/span><\/li>\n<li><span class=\"a-list-item\">Es sollte fr\u00fch am Morgen oder am Abend aufgetragen werden, wobei die Stunden mit maximaler Sonneneinstrahlung zu vermeiden sind. Hauptmerkmal.<\/span><\/li>\n<li><span class=\"a-list-item\">Hilft bei der Reinigung von Melasse und Pflanzenflecken sowie bei der Desinfektion von Arbeitsger\u00e4ten. Hauptmerkmal.<\/span><\/li>\n<li><span class=\"a-list-item\">Keine Phytotoxizit\u00e4t, kein Sicherheitszeitraum. R\u00fcckstandsfreies Insektizid<\/span><\/li>\n<\/ul>\n","protected":false},"featured_media":14675,"comment_status":"open","ping_status":"closed","template":"","meta":{"_acf_changed":false},"product_brand":[],"product_cat":[586],"product_tag":[1561],"woo-feed-brand":[],"class_list":{"0":"post-18928","1":"product","2":"type-product","3":"status-publish","4":"has-post-thumbnail","6":"product_cat-bioprotektoren","7":"product_tag-ecocert-de","9":"first","10":"instock","11":"taxable","12":"shipping-taxable","13":"purchasable","14":"product-type-variable"},"acf":[],"_links":{"self":[{"href":"https:\/\/cultivers.es\/de\/wp-json\/wp\/v2\/product\/18928","targetHints":{"allow":["GET"]}}],"collection":[{"href":"https:\/\/cultivers.es\/de\/wp-json\/wp\/v2\/product"}],"about":[{"href":"https:\/\/cultivers.es\/de\/wp-json\/wp\/v2\/types\/product"}],"replies":[{"embeddable":true,"href":"https:\/\/cultivers.es\/de\/wp-json\/wp\/v2\/comments?post=18928"}],"wp:featuredmedia":[{"embeddable":true,"href":"https:\/\/cultivers.es\/de\/wp-json\/wp\/v2\/media\/14675"}],"wp:attachment":[{"href":"https:\/\/cultivers.es\/de\/wp-json\/wp\/v2\/media?parent=18928"}],"wp:term":[{"taxonomy":"product_brand","embeddable":true,"href":"https:\/\/cultivers.es\/de\/wp-json\/wp\/v2\/product_brand?post=18928"},{"taxonomy":"product_cat","embeddable":true,"href":"https:\/\/cultivers.es\/de\/wp-json\/wp\/v2\/product_cat?post=18928"},{"taxonomy":"product_tag","embeddable":true,"href":"https:\/\/cultivers.es\/de\/wp-json\/wp\/v2\/product_tag?post=18928"},{"taxonomy":"woo-feed-brand","embeddable":true,"href":"https:\/\/cultivers.es\/de\/wp-json\/wp\/v2\/woo-feed-brand?post=18928"}],"curies":[{"name":"wp","href":"https:\/\/api.w.org\/{rel}","templated":true}]}}