{"id":18929,"date":"2021-10-22T12:12:50","date_gmt":"2021-10-22T12:12:50","guid":{"rendered":"https:\/\/cultivers.es\/abonos\/mast-und-farbintensivierungsduenger\/"},"modified":"2025-09-22T05:00:56","modified_gmt":"2025-09-22T05:00:56","slug":"farbintensivierender-farbverstarkender-dunger","status":"publish","type":"product","link":"https:\/\/cultivers.es\/de\/d\u00fcngemittel\/farbintensivierender-farbverstarkender-dunger\/","title":{"rendered":"Mast- und Farbintensivierungsd\u00fcnger"},"content":{"rendered":"<p>Mast- und Farbintensivierungsd\u00fcnger auf Basis von <a href=\"https:\/\/cultivers.es\/de\/abonos-ecologicos\/dungemittel\/biostimulanzien\/seegras\/\">Algenextrakten<\/a> mit Mikron\u00e4hrstoffen. Diese wirken synergetisch auf die Pflanze, um m\u00f6glichst viele der verf\u00fcgbaren Fotoassimilate in die wachsenden Fr\u00fcchte zu leiten. In der Pflanze konkurrieren die Fr\u00fcchte um ein begrenztes, aber nicht festgelegtes Angebot an Photoassimilaten. Diese werden auf die verschiedenen Senken verteilt, je nach deren Position und Entfernung von den Quellen. Und nat\u00fcrlich die von ihnen ausge\u00fcbte Kraft, die nichts anderes ist als die F\u00e4higkeit, Photosimilate anzuziehen und zu akkumulieren. Die Kapazit\u00e4t wird durch anatomische und hormonelle Faktoren bestimmt.<\/p>\n<p>Die Verteilung von Photoassimilaten in der Pflanze kann daher als regulierter Prozess angesehen werden. Auf komplexe Weise aufgrund der Interaktion zwischen den Fr\u00fcchten selbst, zwischen den Fr\u00fcchten und den Bl\u00e4ttern und nat\u00fcrlich aufgrund des Funktionszustandes des Transportweges, des Phloems<a href=\"https:\/\/es.wikipedia.org\/wiki\/Floema\" target=\"_blank\" rel=\"noopener\">.<\/a> Er besteht aus den Siebr\u00f6hren, den dazugeh\u00f6rigen Zellen und den Gef\u00e4\u00dfverbindungen.<\/p>\n<p>Mast- und Farbintensivierungsd\u00fcnger sollten w\u00e4hrend des Fruchtansatzes, des Fruchtwachstums und der Reifephase ausgebracht werden, um die Anzahl der Fr\u00fcchte, ihre Gr\u00f6\u00dfe und F\u00e4rbung zu erh\u00f6hen.<\/p>\n","protected":false},"excerpt":{"rendered":"<ul class=\"a-unordered-list a-vertical a-spacing-mini\">\n<li><span class=\"a-list-item\">D\u00fcnger auf Algenbasis zur Stimulierung des Obstwachstums, ohne synthetische Hormone.<\/span><\/li>\n<li><span class=\"a-list-item\">Es ist ein ideales Produkt f\u00fcr den Fruchtansatz, die Fettung, die F\u00e4rbung und die Reifung der Fr\u00fcchte.<\/span><\/li>\n<li><span class=\"a-list-item\">Es steigert den Ertrag aller Arten von Kulturpflanzen und seine Wirkung ist sehr schnell sichtbar.<\/span><\/li>\n<li><span class=\"a-list-item\">Verbessert alle Qualit\u00e4tsparameter der Fr\u00fcchte: Gr\u00f6\u00dfe, Konsistenz, Prallheit, F\u00e4rbung, Homogenit\u00e4t und Lagerf\u00e4higkeit.<\/span><\/li>\n<li><span class=\"a-list-item\">Es ist ein 100 % organischer Stimulator. Zertifiziert f\u00fcr den \u00f6kologischen Landbau durch die CAEE.<\/span><\/li>\n<\/ul>\n","protected":false},"featured_media":29171,"comment_status":"open","ping_status":"closed","template":"","meta":{"_acf_changed":false},"product_brand":[],"product_cat":[592,525,711,590,524],"product_tag":[],"class_list":{"0":"post-18929","1":"product","2":"type-product","3":"status-publish","4":"has-post-thumbnail","6":"product_cat-obstbaume","7":"product_cat-olivenbaum","8":"product_cat-reifung-und-ausmast-de","9":"product_cat-tropisch","10":"product_cat-zitrusfruchte","12":"first","13":"instock","14":"taxable","15":"shipping-taxable","16":"purchasable","17":"product-type-variable"},"acf":[],"_links":{"self":[{"href":"https:\/\/cultivers.es\/de\/wp-json\/wp\/v2\/product\/18929","targetHints":{"allow":["GET"]}}],"collection":[{"href":"https:\/\/cultivers.es\/de\/wp-json\/wp\/v2\/product"}],"about":[{"href":"https:\/\/cultivers.es\/de\/wp-json\/wp\/v2\/types\/product"}],"replies":[{"embeddable":true,"href":"https:\/\/cultivers.es\/de\/wp-json\/wp\/v2\/comments?post=18929"}],"wp:featuredmedia":[{"embeddable":true,"href":"https:\/\/cultivers.es\/de\/wp-json\/wp\/v2\/media\/29171"}],"wp:attachment":[{"href":"https:\/\/cultivers.es\/de\/wp-json\/wp\/v2\/media?parent=18929"}],"wp:term":[{"taxonomy":"product_brand","embeddable":true,"href":"https:\/\/cultivers.es\/de\/wp-json\/wp\/v2\/product_brand?post=18929"},{"taxonomy":"product_cat","embeddable":true,"href":"https:\/\/cultivers.es\/de\/wp-json\/wp\/v2\/product_cat?post=18929"},{"taxonomy":"product_tag","embeddable":true,"href":"https:\/\/cultivers.es\/de\/wp-json\/wp\/v2\/product_tag?post=18929"}],"curies":[{"name":"wp","href":"https:\/\/api.w.org\/{rel}","templated":true}]}}