{"id":18940,"date":"2021-10-22T12:12:50","date_gmt":"2021-10-22T12:12:50","guid":{"rendered":"https:\/\/cultivers.es\/abonos\/seegras-duenger\/"},"modified":"2025-09-22T04:59:34","modified_gmt":"2025-09-22T04:59:34","slug":"dungemittel-seegras-seegras","status":"publish","type":"product","link":"https:\/\/cultivers.es\/de\/d\u00fcngemittel\/dungemittel-seegras-seegras\/","title":{"rendered":"Meeresalgen-D\u00fcnger Ascophyllum nodosum"},"content":{"rendered":"<p>Seaweed Fertiliser ist ein hochmoderner Bioaktivator auf Basis von Ascophyllum nodosum-Extrakten.<\/p>\n<p>Dieser D\u00fcnger enth\u00e4lt bioaktive Bestandteile wie Algins\u00e4ure, Mannitol und Phytohormone. Sie helfen der Pflanze, ung\u00fcnstige Bedingungen gut zu verkraften.<\/p>\n<p>Der formulierte Seetangd\u00fcnger ist ein l\u00f6slicher Feststoff. Entwickelt aus nordatlantischem Seetang, der direkt an der K\u00fcste geerntet, sortiert und verarbeitet wird, um ein Maximum an Frische und Vitalit\u00e4t seines bioaktiven Materials zu erhalten.<\/p>\n<p>Das Vorhandensein von Algins\u00e4ure und Mannitol in seiner Zusammensetzung tr\u00e4gt zur Absorption und Verlagerung von N\u00e4hrstoffen bei. Sie erzeugt einen Synergieeffekt, der die Reaktion der Pflanzen auf ung\u00fcnstige Bedingungen verbessert und die hormonelle Aktivit\u00e4t in verschiedenen ph\u00e4nologischen Stadien f\u00f6rdert. Dies tr\u00e4gt zur Leistungssteigerung bei.<\/p>\n<p>Die Art Ascophyllum nodosum ertr\u00e4gt in ihrem nat\u00fcrlichen Lebensraum im Gegensatz zu anderen Braunalgen Zeiten des Eintauchens in das Meer und Zeiten, in denen sie den Elementen ausgesetzt ist, je nach Gezeitenzyklus. Dies ist eine erfolgreiche physiologische Anpassung an Wasser-, Salz- und Hitzestressbedingungen und bedeutet, dass diese Algen eine einzigartige biochemische Zusammensetzung haben.<\/p>\n<p>Algins\u00e4ure ist ein Polysaccharid, eine strukturelle Komponente in den Zellw\u00e4nden von Ascophyllum nodosum. Es spielt eine wichtige Rolle im Wasserhaushalt und bei der physiologischen Reaktion auf abiotischen Stress.<\/p>\n<p>Mannitol ist ein Polyol, das von Ascophyllum nodosum synthetisiert wird. Es wirkt nicht nur als Osmoprotektivum, sondern auch als wirksames Antioxidans, indem es reaktive Sauerstoffspezies (ROS) blockiert und so Stoffwechselver\u00e4nderungen verhindert.<\/p>\n","protected":false},"excerpt":{"rendered":"<ul>\n<li>Bioaktivator der neuesten Generation auf der Grundlage von Extrakten aus Ascophyllum nodosum<\/li>\n<li>Liefert bioaktive Bestandteile wie Algins\u00e4ure, Mannitol und Phytohormone<\/li>\n<li>Sie helfen der Pflanze, ung\u00fcnstige Bedingungen gut zu verkraften.<\/li>\n<li>L\u00f6sliche, feste Formulierung, die aus nordatlantischen Algen entwickelt wurde, die an der K\u00fcste geerntet, sortiert und verarbeitet werden, um ein Maximum an Frische und Lebendigkeit ihres bioaktiven Materials zu erhalten.<\/li>\n<li>Das Vorhandensein von Algins\u00e4ure und Mannitol in seiner Zusammensetzung, die zur Absorption und Verlagerung von N\u00e4hrstoffen beitragen.<\/li>\n<\/ul>\n","protected":false},"featured_media":11195,"comment_status":"open","ping_status":"closed","template":"","meta":{"_acf_changed":false},"product_brand":[],"product_cat":[477,336,598,537,592,589,525,536,597,693,359,590,599,524],"product_tag":[1414],"woo-feed-brand":[],"class_list":{"0":"post-18940","1":"product","2":"type-product","3":"status-publish","4":"has-post-thumbnail","6":"product_cat-biostimulanzien","7":"product_cat-bonsai-de","8":"product_cat-geranien","9":"product_cat-hortensien","10":"product_cat-obstbaume","11":"product_cat-obstgarten","12":"product_cat-olivenbaum","13":"product_cat-orchideen","14":"product_cat-rosenstraucher","15":"product_cat-seegras","16":"product_cat-tomaten","17":"product_cat-tropisch","18":"product_cat-zierpflanzen","19":"product_cat-zitrusfruchte","20":"product_tag-caae-de","22":"first","23":"instock","24":"taxable","25":"shipping-taxable","26":"purchasable","27":"product-type-variable"},"acf":[],"_links":{"self":[{"href":"https:\/\/cultivers.es\/de\/wp-json\/wp\/v2\/product\/18940","targetHints":{"allow":["GET"]}}],"collection":[{"href":"https:\/\/cultivers.es\/de\/wp-json\/wp\/v2\/product"}],"about":[{"href":"https:\/\/cultivers.es\/de\/wp-json\/wp\/v2\/types\/product"}],"replies":[{"embeddable":true,"href":"https:\/\/cultivers.es\/de\/wp-json\/wp\/v2\/comments?post=18940"}],"wp:featuredmedia":[{"embeddable":true,"href":"https:\/\/cultivers.es\/de\/wp-json\/wp\/v2\/media\/11195"}],"wp:attachment":[{"href":"https:\/\/cultivers.es\/de\/wp-json\/wp\/v2\/media?parent=18940"}],"wp:term":[{"taxonomy":"product_brand","embeddable":true,"href":"https:\/\/cultivers.es\/de\/wp-json\/wp\/v2\/product_brand?post=18940"},{"taxonomy":"product_cat","embeddable":true,"href":"https:\/\/cultivers.es\/de\/wp-json\/wp\/v2\/product_cat?post=18940"},{"taxonomy":"product_tag","embeddable":true,"href":"https:\/\/cultivers.es\/de\/wp-json\/wp\/v2\/product_tag?post=18940"},{"taxonomy":"woo-feed-brand","embeddable":true,"href":"https:\/\/cultivers.es\/de\/wp-json\/wp\/v2\/woo-feed-brand?post=18940"}],"curies":[{"name":"wp","href":"https:\/\/api.w.org\/{rel}","templated":true}]}}