{"id":19029,"date":"2022-01-03T15:43:48","date_gmt":"2022-01-03T15:43:48","guid":{"rendered":"https:\/\/cultivers.es\/abonos\/blaehton-arlit\/"},"modified":"2025-09-22T04:39:56","modified_gmt":"2025-09-22T04:39:56","slug":"ton-blahton-erlit","status":"publish","type":"product","link":"https:\/\/cultivers.es\/de\/d\u00fcngemittel\/ton-blahton-erlit\/","title":{"rendered":"Bl\u00e4hton Arlit"},"content":{"rendered":"<div id=\"dpx-product-description_feature_div\">\n<div class=\"celwidget\" data-csa-c-id=\"me6ggt-ey59js-65y5uj-bfwyy4\" data-cel-widget=\"dpx-product-description_csm_instrumentation_wrapper\">\n<div id=\"descriptionAndDetails\" class=\"a-section a-spacing-extra-large\">\n<div id=\"productDescription_feature_div\" class=\"celwidget\" data-feature-name=\"productDescription\" data-csa-c-id=\"8fgsas-5nyvrc-j3hehr-52zv5x\" data-cel-widget=\"productDescription_feature_div\">\n<div>\n<div id=\"productDescription_feature_div\" class=\"a-row feature\" data-feature-name=\"productDescription\" data-template-name=\"productDescription\" data-cel-widget=\"productDescription_feature_div\">\n<div id=\"productDescription\" class=\"a-section a-spacing-small\">\n<p>Arlite oder Bl\u00e4hton ist ein leichter keramischer Zuschlagstoff. Mit einer Partikelgr\u00f6\u00dfe von 8\/16 mm mit vielf\u00e4ltigen Verwendungsm\u00f6glichkeiten im Bereich der Gartenarbeit und des Bauwesens. Kugeln aus nat\u00fcrlichem Ton von keramischer Farbe, die hohen Temperaturen ausgesetzt werden, um ein leichtes, hochpor\u00f6ses, dekoratives und entw\u00e4sserndes Produkt zu erhalten. Verhindert das Verklumpen in Substraten und h\u00e4lt N\u00e4hrstoffe zur\u00fcck. Drainagebasis und in Hydrokulturen. Sie werden aufgrund ihrer Farbe und ihres Aussehens als dekorative Elemente verwendet, verbessern aber auch die Wasserfilterung, verringern die Verdunstung von Wasser aus dem Substrat und reduzieren das Keimen von Unkraut im Garten.<\/p>\n<\/div>\n<\/div>\n<\/div>\n<\/div>\n<\/div>\n<\/div>\n<\/div>\n","protected":false},"excerpt":{"rendered":"<ul class=\"a-unordered-list a-vertical a-spacing-mini\">\n<li><span class=\"a-list-item\">Kugeln aus nat\u00fcrlichem Ton, die bei hohen Temperaturen gewonnen werden, Gr\u00f6\u00dfe 8\/16 mm. Homogenes, leichtes Produkt mit hoher Porosit\u00e4t.<\/span><\/li>\n<li><span class=\"a-list-item\">Verhindert das Verklumpen von Substraten und h\u00e4lt die N\u00e4hrstoffe zur\u00fcck.<\/span><\/li>\n<li><span class=\"a-list-item\">Er kann als Drainageboden und f\u00fcr Hydrokulturen verwendet werden.<\/span><\/li>\n<li><span class=\"a-list-item\">Verbessert die Entw\u00e4sserung der Pflanzen. Verhindert, dass die Wurzeln verfaulen. Sch\u00fctzt den Boden vor pl\u00f6tzlichen Temperaturschwankungen.<\/span><\/li>\n<li><span class=\"a-list-item\">VERWENDUNG: Einzeln oder gemischt mit dem Substrat. Kann f\u00fcr dekorative Zwecke verwendet werden.<\/span><\/li>\n<\/ul>\n","protected":false},"featured_media":13410,"comment_status":"open","ping_status":"closed","template":"","meta":{"_acf_changed":false},"product_brand":[],"product_cat":[595,536,717,600],"product_tag":[],"class_list":{"0":"post-19029","1":"product","2":"type-product","3":"status-publish","4":"has-post-thumbnail","6":"product_cat-kakteen-sukkulenten-und-sukkulenten","7":"product_cat-orchideen","8":"product_cat-substrate-und-dekorative","9":"product_cat-zimmerpflanzen","11":"first","12":"instock","13":"taxable","14":"shipping-taxable","15":"purchasable","16":"product-type-variable"},"acf":[],"_links":{"self":[{"href":"https:\/\/cultivers.es\/de\/wp-json\/wp\/v2\/product\/19029","targetHints":{"allow":["GET"]}}],"collection":[{"href":"https:\/\/cultivers.es\/de\/wp-json\/wp\/v2\/product"}],"about":[{"href":"https:\/\/cultivers.es\/de\/wp-json\/wp\/v2\/types\/product"}],"replies":[{"embeddable":true,"href":"https:\/\/cultivers.es\/de\/wp-json\/wp\/v2\/comments?post=19029"}],"wp:featuredmedia":[{"embeddable":true,"href":"https:\/\/cultivers.es\/de\/wp-json\/wp\/v2\/media\/13410"}],"wp:attachment":[{"href":"https:\/\/cultivers.es\/de\/wp-json\/wp\/v2\/media?parent=19029"}],"wp:term":[{"taxonomy":"product_brand","embeddable":true,"href":"https:\/\/cultivers.es\/de\/wp-json\/wp\/v2\/product_brand?post=19029"},{"taxonomy":"product_cat","embeddable":true,"href":"https:\/\/cultivers.es\/de\/wp-json\/wp\/v2\/product_cat?post=19029"},{"taxonomy":"product_tag","embeddable":true,"href":"https:\/\/cultivers.es\/de\/wp-json\/wp\/v2\/product_tag?post=19029"}],"curies":[{"name":"wp","href":"https:\/\/api.w.org\/{rel}","templated":true}]}}