{"id":19030,"date":"2021-12-21T14:34:10","date_gmt":"2021-12-21T14:34:10","guid":{"rendered":"https:\/\/cultivers.es\/abonos\/kaliumsulfat\/"},"modified":"2025-09-22T04:39:41","modified_gmt":"2025-09-22T04:39:41","slug":"kaliumsulfat","status":"publish","type":"product","link":"https:\/\/cultivers.es\/de\/d\u00fcngemittel\/kaliumsulfat\/","title":{"rendered":"Kaliumsulfat"},"content":{"rendered":"<p class=\"p1\"><b>Kaliumsulfat <\/b>(K2SO4) ist das Kaliumsalz der Schwefels\u00e4ure in Form eines wei\u00dfen, wasserl\u00f6slichen Pulvers. D\u00fcnger <b>f\u00fcr den<\/b> Anbau von Pflanzen, insbesondere von Wasserpflanzen, da <b>er<\/b> chlorfrei ist. Es kombiniert zwei wichtige N\u00e4hrstoffe: <b>Kalium<\/b> und Schwefel, die beide <b>von den<\/b> Pflanzen aufgenommen werden k\u00f6nnen. Der hohe Kalium- und Schwefelgehalt verbessert die Qualit\u00e4t und erh\u00f6ht die Ertr\u00e4ge. Kalium verbessert den Wasserhaushalt der Pflanzen und aktiviert eine Reihe von Enzymen, die den Stickstoffmetabolismus unterst\u00fctzen. Erh\u00f6ht den Eiwei\u00df- und Glutengehalt (in Getreide), f\u00f6rdert die Photosyntheseaktivit\u00e4t und die entw\u00e4ssernde Verdauung. Macht die Pflanzen widerstandsf\u00e4hig gegen Stress und Pilzbefall. Schwefel ist f\u00fcr die Proteinsynthese und die Funktion von Enzymen unerl\u00e4sslich.<span class=\"Apple-converted-space\">  <\/span>Vertr\u00e4glich mit den meisten D\u00fcngemitteln, mit Ausnahme von Calciumd\u00fcngern, da es zu unl\u00f6slichen Calciumsulfatausf\u00e4llungen kommt. Kompatibel mit einer breiten Palette anderer L\u00f6sungen f\u00fcr die Pflanzenern\u00e4hrung.<\/p>\n<p class=\"p2\">Stimuliert den Wassergehalt der Zellen, verbessert den Wassergehalt der Zellen, verbessert<span class=\"Apple-converted-space\">  <\/span>Mast und Fruchtqualit\u00e4t. Bessere Konservierung von Obst und Gem\u00fcse.<\/p>\n<p class=\"p2\">Es tr\u00e4gt zur K\u00e4lteresistenz der Pflanzen bei, indem es die Salzkonzentration der Zells\u00e4fte reguliert.<\/p>\n<p class=\"p2\">Kalium und Stickstoff sind gute Freunde, so dass ein kaliumreicher D\u00fcngeplan die Stickstoffaufnahme f\u00f6rdert.<\/p>\n","protected":false},"excerpt":{"rendered":"<ul class=\"a-unordered-list a-vertical a-spacing-mini\">\n<li><span class=\"a-list-item\">D\u00fcngemittel NPK 0-0-50. D\u00fcnger f\u00fcr Gartenpflanzen und Aquarienpflanzen. Es hinterl\u00e4sst keine R\u00fcckst\u00e4nde. Chlorfrei.<\/span><\/li>\n<li><span class=\"a-list-item\">Hilft, den pH-Wert an der Wurzeloberfl\u00e4che in alkalischen und salzhaltigen B\u00f6den zu senken. Geeignet f\u00fcr versalzungsgef\u00e4hrdete Gebiete.<\/span><\/li>\n<li><span class=\"a-list-item\">Steigert die pflanzliche Produktion, wasserl\u00f6slicher D\u00fcnger, der den Pflanzen Kalium und Schwefel zuf\u00fchrt. Verbessert die Verf\u00fcgbarkeit von Phosphor, Eisen und anderen Mikron\u00e4hrstoffen.<\/span><\/li>\n<li><span class=\"a-list-item\">DOSIERUNG: 0,5\/1 g pro Liter Wasser. Vierzehnt\u00e4gig anwenden f\u00fcr bis zu 4 Anwendungen pro Saison. Ausbringung von Bew\u00e4sserungswasser 2,5\/5 g pro Liter Wasser.<\/span><\/li>\n<li><span class=\"a-list-item\">Stimuliert den Zellwassergehalt, verbessert die Mast und die Fruchtqualit\u00e4t. Bessere Konservierung von Obst und Gem\u00fcse. Es tr\u00e4gt zur K\u00e4lteresistenz der Pflanzen bei, indem es die Salzkonzentration der Zells\u00e4fte reguliert.<\/span><\/li>\n<\/ul>\n","protected":false},"featured_media":12885,"comment_status":"open","ping_status":"closed","template":"","meta":{"_acf_changed":false},"product_brand":[],"product_cat":[585,711],"product_tag":[1561],"woo-feed-brand":[],"class_list":{"0":"post-19030","1":"product","2":"type-product","3":"status-publish","4":"has-post-thumbnail","6":"product_cat-defizit-korrektoren","7":"product_cat-reifung-und-ausmast-de","8":"product_tag-ecocert-de","10":"first","11":"instock","12":"taxable","13":"shipping-taxable","14":"purchasable","15":"product-type-variable"},"acf":[],"_links":{"self":[{"href":"https:\/\/cultivers.es\/de\/wp-json\/wp\/v2\/product\/19030","targetHints":{"allow":["GET"]}}],"collection":[{"href":"https:\/\/cultivers.es\/de\/wp-json\/wp\/v2\/product"}],"about":[{"href":"https:\/\/cultivers.es\/de\/wp-json\/wp\/v2\/types\/product"}],"replies":[{"embeddable":true,"href":"https:\/\/cultivers.es\/de\/wp-json\/wp\/v2\/comments?post=19030"}],"wp:featuredmedia":[{"embeddable":true,"href":"https:\/\/cultivers.es\/de\/wp-json\/wp\/v2\/media\/12885"}],"wp:attachment":[{"href":"https:\/\/cultivers.es\/de\/wp-json\/wp\/v2\/media?parent=19030"}],"wp:term":[{"taxonomy":"product_brand","embeddable":true,"href":"https:\/\/cultivers.es\/de\/wp-json\/wp\/v2\/product_brand?post=19030"},{"taxonomy":"product_cat","embeddable":true,"href":"https:\/\/cultivers.es\/de\/wp-json\/wp\/v2\/product_cat?post=19030"},{"taxonomy":"product_tag","embeddable":true,"href":"https:\/\/cultivers.es\/de\/wp-json\/wp\/v2\/product_tag?post=19030"},{"taxonomy":"woo-feed-brand","embeddable":true,"href":"https:\/\/cultivers.es\/de\/wp-json\/wp\/v2\/woo-feed-brand?post=19030"}],"curies":[{"name":"wp","href":"https:\/\/api.w.org\/{rel}","templated":true}]}}