{"id":19067,"date":"2023-06-06T07:51:18","date_gmt":"2023-06-06T07:51:18","guid":{"rendered":"https:\/\/cultivers.es\/abonos\/boost\/"},"modified":"2025-09-22T05:39:22","modified_gmt":"2025-09-22T05:39:22","slug":"erhohen","status":"publish","type":"product","link":"https:\/\/cultivers.es\/de\/d\u00fcngemittel\/erhohen\/","title":{"rendered":"BOOST"},"content":{"rendered":"<p data-start=\"1499\" data-end=\"1776\">Cultivers hat eine fortschrittliche L\u00f6sung f\u00fcr Landwirte entwickelt, die <strong data-start=\"1576\" data-end=\"1642\">hervorragende Ergebnisse bei der Mast und Reifung ihrer Fr\u00fcchte erzielen<\/strong> wollen. Dieser Mastd\u00fcnger wurde entwickelt, um die <strong data-start=\"1698\" data-end=\"1726\">Qualit\u00e4t und den Ertrag<\/strong> der Ernte zu steigern, auch unter ung\u00fcnstigen Bedingungen. <\/p>\n<p data-start=\"1778\" data-end=\"2127\">Einer seiner Hauptvorteile ist seine F\u00e4higkeit, <strong data-start=\"1831\" data-end=\"1871\">eine optimale Kaliumversorgung zu gew\u00e4hrleisten<\/strong>, die f\u00fcr eine nachhaltige Ern\u00e4hrung unerl\u00e4sslich ist. Dadurch verbessert das Produkt die <strong data-start=\"1950\" data-end=\"1969\">CO\u2082-Fixierung,<\/strong> was sich in einer h\u00f6heren photosynthetischen Effizienz und einer h\u00f6heren Trockenmasse niederschl\u00e4gt, dem Schl\u00fcssel zu s\u00fc\u00dferen und besser erhaltenen Fr\u00fcchten nach der Ernte. <\/p>\n<p data-start=\"2129\" data-end=\"2405\">Die Landwirte haben beobachtet, dass es <strong data-start=\"2180\" data-end=\"2247\">die Fruchtgr\u00f6\u00dfe und die Qualit\u00e4t der Endfrucht verbessert<\/strong> und gleichzeitig den Bedarf an anderen Mineralien reduziert. Es ist ein idealer Verb\u00fcndeter, wenn Sie eine h\u00f6here Produktivit\u00e4t anstreben, ohne die Gesundheit der Pflanzen zu gef\u00e4hrden. <\/p>\n<p data-start=\"2407\" data-end=\"2757\">Dar\u00fcber hinaus <strong data-start=\"2431\" data-end=\"2499\">st\u00e4rkt<\/strong> Cultivers BOOST <strong data-start=\"2431\" data-end=\"2499\">die Widerstandsf\u00e4higkeit der Pflanzen gegen\u00fcber abiotischen Stressfaktoren<\/strong> wie Trockenheit, Salzgehalt und extremen Temperaturen, sch\u00fctzt die Ernte und verhindert Verluste. Seine Formulierung wirkt auch auf den pflanzlichen Stoffwechsel und hilft, <strong data-start=\"2662\" data-end=\"2705\">das Gleichgewicht von Zucker und Fetten zu regulieren<\/strong>, was zu einer h\u00f6heren N\u00e4hrstoffqualit\u00e4t f\u00fchrt. <\/p>\n<p data-start=\"2759\" data-end=\"2958\">Dieser Mastd\u00fcnger bietet au\u00dferdem <strong data-start=\"2797\" data-end=\"2850\">hervorragende Synergien mit biotechnologischen L\u00f6sungen<\/strong>, die die agronomische Reaktion optimieren und die Anpassung der Pflanzen an die verschiedenen ph\u00e4nologischen Phasen verbessern.<\/p>\n<p data-start=\"2960\" data-end=\"3135\">Mit seiner einfachen und sicheren Anwendung ist BOOST <strong data-start=\"3018\" data-end=\"3072\">die professionelle Wahl f\u00fcr den modernen Landwirt<\/strong> und gew\u00e4hrleistet kompromisslose Leistung, Qualit\u00e4t und Schutz.<\/p>\n","protected":false},"excerpt":{"rendered":"<p>Entdecken Sie BOOST, den perfekten Verb\u00fcndeten, um die Reifung und den Schutz Ihrer Fr\u00fcchte und Beeren zu f\u00f6rdern. Dieses fortschrittliche Produkt wurde speziell entwickelt, um au\u00dfergew\u00f6hnliche Ergebnisse zu erzielen, indem es ein gesundes Wachstum f\u00f6rdert und die Pflanzen vor abiotischem Stress sch\u00fctzt und so eine hohe Produktionsqualit\u00e4t gew\u00e4hrleistet.<\/p>\n<ul>\n<li>Stimuliert Mast und Reifung<\/li>\n<li>Schutz gegen abiotischen Stress<\/li>\n<li>Verbessert Qualit\u00e4t und Geschmack<\/li>\n<li>Einfache Anwendung<\/li>\n<li>Sicher und effizient<\/li>\n<\/ul>\n","protected":false},"featured_media":33698,"comment_status":"open","ping_status":"closed","template":"","meta":{"_acf_changed":false},"product_brand":[],"product_cat":[477,1273,480,592,589,525,711,359,590,524],"product_tag":[],"class_list":{"0":"post-19067","1":"product","2":"type-product","3":"status-publish","4":"has-post-thumbnail","6":"product_cat-biostimulanzien","7":"product_cat-empfohlene-dungemittel","8":"product_cat-grundlegende-stoffe","9":"product_cat-obstbaume","10":"product_cat-obstgarten","11":"product_cat-olivenbaum","12":"product_cat-reifung-und-ausmast-de","13":"product_cat-tomaten","14":"product_cat-tropisch","15":"product_cat-zitrusfruchte","17":"first","18":"instock","19":"taxable","20":"shipping-taxable","21":"purchasable","22":"product-type-variable"},"acf":[],"_links":{"self":[{"href":"https:\/\/cultivers.es\/de\/wp-json\/wp\/v2\/product\/19067","targetHints":{"allow":["GET"]}}],"collection":[{"href":"https:\/\/cultivers.es\/de\/wp-json\/wp\/v2\/product"}],"about":[{"href":"https:\/\/cultivers.es\/de\/wp-json\/wp\/v2\/types\/product"}],"replies":[{"embeddable":true,"href":"https:\/\/cultivers.es\/de\/wp-json\/wp\/v2\/comments?post=19067"}],"wp:featuredmedia":[{"embeddable":true,"href":"https:\/\/cultivers.es\/de\/wp-json\/wp\/v2\/media\/33698"}],"wp:attachment":[{"href":"https:\/\/cultivers.es\/de\/wp-json\/wp\/v2\/media?parent=19067"}],"wp:term":[{"taxonomy":"product_brand","embeddable":true,"href":"https:\/\/cultivers.es\/de\/wp-json\/wp\/v2\/product_brand?post=19067"},{"taxonomy":"product_cat","embeddable":true,"href":"https:\/\/cultivers.es\/de\/wp-json\/wp\/v2\/product_cat?post=19067"},{"taxonomy":"product_tag","embeddable":true,"href":"https:\/\/cultivers.es\/de\/wp-json\/wp\/v2\/product_tag?post=19067"}],"curies":[{"name":"wp","href":"https:\/\/api.w.org\/{rel}","templated":true}]}}