{"id":19068,"date":"2023-05-19T09:55:06","date_gmt":"2023-05-19T09:55:06","guid":{"rendered":"https:\/\/cultivers.es\/abonos\/pnp-pack\/"},"modified":"2025-09-22T04:44:23","modified_gmt":"2025-09-22T04:44:23","slug":"nnp","status":"publish","type":"product","link":"https:\/\/cultivers.es\/de\/d\u00fcngemittel\/nnp\/","title":{"rendered":"PNP-Pack"},"content":{"rendered":"<p>Dieses Paket enth\u00e4lt drei leistungsstarke nat\u00fcrliche Produkte zur Bek\u00e4mpfung von Sch\u00e4dlingen und Krankheiten in Ihren Kulturen. Die Kombination dieser drei Produkte bietet eine umfassende und umweltfreundliche L\u00f6sung zum Schutz Ihrer Pflanzen vor Sch\u00e4dlingen und Pilzbefall. Die regelm\u00e4\u00dfige Anwendung hilft, einen gesunden und problemlosen Garten zu erhalten, ohne auf scharfe Chemikalien zur\u00fcckgreifen zu m\u00fcssen. Pflegen Sie Ihre Pflanzen auf nat\u00fcrliche und umweltfreundliche Weise mit diesem kompletten Insektizid- und Fungizidpaket!<\/p>\n","protected":false},"excerpt":{"rendered":"<p>Dieses Paket enth\u00e4lt drei leistungsstarke nat\u00fcrliche Produkte zur Bek\u00e4mpfung von Sch\u00e4dlingen und Krankheiten in Ihren Kulturen. Die Kombination dieser drei Produkte bietet eine umfassende und umweltfreundliche L\u00f6sung zum Schutz Ihrer Pflanzen vor Sch\u00e4dlingen und Pilzbefall. Die regelm\u00e4\u00dfige Anwendung hilft, einen gesunden und problemlosen Garten zu erhalten, ohne auf scharfe Chemikalien zur\u00fcckgreifen zu m\u00fcssen. Pflegen Sie [&hellip;]<\/p>\n","protected":false},"featured_media":16655,"comment_status":"open","ping_status":"closed","template":"","meta":{"_acf_changed":false},"product_brand":[],"product_cat":[586,479],"product_tag":[],"woo-feed-brand":[],"class_list":{"0":"post-19068","1":"product","2":"type-product","3":"status-publish","4":"has-post-thumbnail","6":"product_cat-bioprotektoren","7":"product_cat-kulturpflanzen-und-pflanzenschutz","9":"first","10":"instock","11":"taxable","12":"shipping-taxable","13":"purchasable","14":"product-type-variable"},"acf":[],"_links":{"self":[{"href":"https:\/\/cultivers.es\/de\/wp-json\/wp\/v2\/product\/19068","targetHints":{"allow":["GET"]}}],"collection":[{"href":"https:\/\/cultivers.es\/de\/wp-json\/wp\/v2\/product"}],"about":[{"href":"https:\/\/cultivers.es\/de\/wp-json\/wp\/v2\/types\/product"}],"replies":[{"embeddable":true,"href":"https:\/\/cultivers.es\/de\/wp-json\/wp\/v2\/comments?post=19068"}],"wp:featuredmedia":[{"embeddable":true,"href":"https:\/\/cultivers.es\/de\/wp-json\/wp\/v2\/media\/16655"}],"wp:attachment":[{"href":"https:\/\/cultivers.es\/de\/wp-json\/wp\/v2\/media?parent=19068"}],"wp:term":[{"taxonomy":"product_brand","embeddable":true,"href":"https:\/\/cultivers.es\/de\/wp-json\/wp\/v2\/product_brand?post=19068"},{"taxonomy":"product_cat","embeddable":true,"href":"https:\/\/cultivers.es\/de\/wp-json\/wp\/v2\/product_cat?post=19068"},{"taxonomy":"product_tag","embeddable":true,"href":"https:\/\/cultivers.es\/de\/wp-json\/wp\/v2\/product_tag?post=19068"},{"taxonomy":"woo-feed-brand","embeddable":true,"href":"https:\/\/cultivers.es\/de\/wp-json\/wp\/v2\/woo-feed-brand?post=19068"}],"curies":[{"name":"wp","href":"https:\/\/api.w.org\/{rel}","templated":true}]}}