{"id":19070,"date":"2023-01-31T20:51:36","date_gmt":"2023-01-31T20:51:36","guid":{"rendered":"https:\/\/cultivers.es\/abonos\/anti-browning-nadelbaeume-und-hecken\/"},"modified":"2026-03-19T07:05:12","modified_gmt":"2026-03-19T07:05:12","slug":"anti-browning-conifers-and-hedges","status":"publish","type":"product","link":"https:\/\/cultivers.es\/de\/d\u00fcngemittel\/anti-browning-conifers-and-hedges\/","title":{"rendered":"Anti-Browning Nadelb\u00e4ume und Hecken"},"content":{"rendered":"<p>Vorbeugender und kurativer D\u00fcnger, ideal f\u00fcr Nadelb\u00e4ume, Tannen, Kiefern, Zedern, Thujen, Zypressen, etc. Aktiviert die Bildung von gr\u00fcnen Bl\u00e4ttern. Korrigiert Magnesiumm\u00e4ngel. Die Vergilbung und anschlie\u00dfende Br\u00e4unung wird durch einen Mangel an Magnesium verursacht. Das Pr\u00e4ventiv- und Heilmittel aktiviert die Bildung von gr\u00fcnen Bl\u00e4ttern und verbessert deren Effizienz.<\/p>\n","protected":false},"excerpt":{"rendered":"<ul class=\"a-unordered-list a-vertical a-spacing-mini\">\n<li><span class=\"a-list-item\">Vorbeugend und heilend, wenn Braunf\u00e4rbungen aufgrund von Magnesiummangel bei Kiefern, Tannen, Thujen auftreten.<\/span><\/li>\n<li><span class=\"a-list-item\">Nat\u00fcrlicher EG-D\u00fcnger. Kann in Wasser verd\u00fcnnt und mit einem Spr\u00fchger\u00e4t oder einer Gie\u00dfkanne verwendet werden.<\/span><\/li>\n<li><span class=\"a-list-item\">Aktiviert die Bildung von gr\u00fcnen Bl\u00e4ttern bei Koniferen, Tannen, Kiefern, Thuja-Zedern, Zypressen. Beschleunigt das Wachstum.<\/span><\/li>\n<li><span class=\"a-list-item\">Magnesiummangel f\u00fchrt zu Vergilbung und anschlie\u00dfender Verbr\u00e4unung, die an den Blattspitzen beginnt und sich bis zum Zweig ausbreitet.<\/span><\/li>\n<li><span class=\"a-list-item\">100% nat\u00fcrlich und unsch\u00e4dlich f\u00fcr Tiere und Pflanzen.<\/span><\/li>\n<\/ul>\n","protected":false},"featured_media":16625,"comment_status":"open","ping_status":"closed","template":"","meta":{"_acf_changed":false},"product_brand":[],"product_cat":[585,358],"product_tag":[],"class_list":{"0":"post-19070","1":"product","2":"type-product","3":"status-publish","4":"has-post-thumbnail","6":"product_cat-defizit-korrektoren","7":"product_cat-koniferen-und-hecken","9":"first","10":"instock","11":"taxable","12":"shipping-taxable","13":"purchasable","14":"product-type-variable"},"acf":[],"_links":{"self":[{"href":"https:\/\/cultivers.es\/de\/wp-json\/wp\/v2\/product\/19070","targetHints":{"allow":["GET"]}}],"collection":[{"href":"https:\/\/cultivers.es\/de\/wp-json\/wp\/v2\/product"}],"about":[{"href":"https:\/\/cultivers.es\/de\/wp-json\/wp\/v2\/types\/product"}],"replies":[{"embeddable":true,"href":"https:\/\/cultivers.es\/de\/wp-json\/wp\/v2\/comments?post=19070"}],"wp:featuredmedia":[{"embeddable":true,"href":"https:\/\/cultivers.es\/de\/wp-json\/wp\/v2\/media\/16625"}],"wp:attachment":[{"href":"https:\/\/cultivers.es\/de\/wp-json\/wp\/v2\/media?parent=19070"}],"wp:term":[{"taxonomy":"product_brand","embeddable":true,"href":"https:\/\/cultivers.es\/de\/wp-json\/wp\/v2\/product_brand?post=19070"},{"taxonomy":"product_cat","embeddable":true,"href":"https:\/\/cultivers.es\/de\/wp-json\/wp\/v2\/product_cat?post=19070"},{"taxonomy":"product_tag","embeddable":true,"href":"https:\/\/cultivers.es\/de\/wp-json\/wp\/v2\/product_tag?post=19070"}],"curies":[{"name":"wp","href":"https:\/\/api.w.org\/{rel}","templated":true}]}}