{"id":19071,"date":"2023-06-06T06:53:07","date_gmt":"2023-06-06T06:53:07","guid":{"rendered":"https:\/\/cultivers.es\/abonos\/tiefe-mischung\/"},"modified":"2025-09-22T05:39:11","modified_gmt":"2025-09-22T05:39:11","slug":"tiefmischen","status":"publish","type":"product","link":"https:\/\/cultivers.es\/de\/d\u00fcngemittel\/tiefmischen\/","title":{"rendered":"Tiefe Mischung"},"content":{"rendered":"<p>Entdecken Sie Deep Mix, eine revolution\u00e4re L\u00f6sung zur F\u00f6rderung der Gesundheit und Leistungsf\u00e4higkeit Ihrer Pflanzen in der Landwirtschaft und im st\u00e4dtischen Gartenbau. Dieser innovative Optimierer f\u00fcr die Blattbehandlung wurde entwickelt, um die Absorption und Wirksamkeit von Pflanzenschutz- und N\u00e4hrstoffprodukten zu maximieren und au\u00dfergew\u00f6hnliche Ergebnisse zu garantieren.<\/p>\n<p>Verbessern Sie jetzt Ihre Ernten! Entdecken Sie die Vorteile von Deep Mix und erzielen Sie reiche und gesunde Ernten. Verst\u00e4rken Sie Ihre Blattbehandlungen und sichern Sie den Erfolg Ihrer Landwirtschaft und Ihres st\u00e4dtischen Gartens.<\/p>\n<ul>\n<li>Verbesserte N\u00e4hrstoffaufnahme<\/li>\n<li>Verst\u00e4rkung der Wirksamkeit von Behandlungen<\/li>\n<li>Steigert Leistung und Qualit\u00e4t<\/li>\n<li>Einfach zu bedienen<\/li>\n<\/ul>\n","protected":false},"excerpt":{"rendered":"<p>Verbessern Sie die Gesundheit Ihrer Pflanzen und maximieren Sie die Ergebnisse Ihrer Blattbehandlungen mit Deep Mix. Optimieren Sie das Potenzial Ihrer Pflanzen und genie\u00dfen Sie erfolgreiche urbane Landwirtschaft und Gartenarbeit. Steigern Sie Ihre Produktion und wachsen Sie mit Zuversicht!<\/p>\n","protected":false},"featured_media":16695,"comment_status":"open","ping_status":"closed","template":"","meta":{"_acf_changed":false},"product_brand":[],"product_cat":[586],"product_tag":[],"woo-feed-brand":[],"class_list":{"0":"post-19071","1":"product","2":"type-product","3":"status-publish","4":"has-post-thumbnail","6":"product_cat-bioprotektoren","8":"first","9":"instock","10":"taxable","11":"shipping-taxable","12":"purchasable","13":"product-type-variable"},"acf":[],"_links":{"self":[{"href":"https:\/\/cultivers.es\/de\/wp-json\/wp\/v2\/product\/19071","targetHints":{"allow":["GET"]}}],"collection":[{"href":"https:\/\/cultivers.es\/de\/wp-json\/wp\/v2\/product"}],"about":[{"href":"https:\/\/cultivers.es\/de\/wp-json\/wp\/v2\/types\/product"}],"replies":[{"embeddable":true,"href":"https:\/\/cultivers.es\/de\/wp-json\/wp\/v2\/comments?post=19071"}],"wp:featuredmedia":[{"embeddable":true,"href":"https:\/\/cultivers.es\/de\/wp-json\/wp\/v2\/media\/16695"}],"wp:attachment":[{"href":"https:\/\/cultivers.es\/de\/wp-json\/wp\/v2\/media?parent=19071"}],"wp:term":[{"taxonomy":"product_brand","embeddable":true,"href":"https:\/\/cultivers.es\/de\/wp-json\/wp\/v2\/product_brand?post=19071"},{"taxonomy":"product_cat","embeddable":true,"href":"https:\/\/cultivers.es\/de\/wp-json\/wp\/v2\/product_cat?post=19071"},{"taxonomy":"product_tag","embeddable":true,"href":"https:\/\/cultivers.es\/de\/wp-json\/wp\/v2\/product_tag?post=19071"},{"taxonomy":"woo-feed-brand","embeddable":true,"href":"https:\/\/cultivers.es\/de\/wp-json\/wp\/v2\/woo-feed-brand?post=19071"}],"curies":[{"name":"wp","href":"https:\/\/api.w.org\/{rel}","templated":true}]}}