{"id":19080,"date":"2022-12-23T13:48:46","date_gmt":"2022-12-23T13:48:46","guid":{"rendered":"https:\/\/cultivers.es\/abonos\/plumamehl\/"},"modified":"2025-09-22T04:45:17","modified_gmt":"2025-09-22T04:45:17","slug":"federmehl","status":"publish","type":"product","link":"https:\/\/cultivers.es\/de\/d\u00fcngemittel\/federmehl\/","title":{"rendered":"Plumamehl"},"content":{"rendered":"<p>Federmehl kann in der Landwirtschaft verwendet werden und ist eine Quelle von Stickstoff und Aminos\u00e4uren, mit 85 % organischer Substanz und mehr als 49 % organischem Kohlenstoff, was ein guter D\u00fcnger f\u00fcr unsere Pflanzen ist. Federmehl ist ein organischer D\u00fcnger mit hohem Stickstoffgehalt, der das Wachstum von Wurzeln, St\u00e4ngeln und Bl\u00e4ttern f\u00f6rdert und ideal f\u00fcr den Einsatz in biologischen Obstg\u00e4rten, Blumen\/Obstb\u00e4umen und Zierpflanzen ist.<\/p>\n<p>Dank der Hydrolyse-Technologie mit Temperatur, Druck und Enzymen k\u00f6nnen die Aminos\u00e4uremolek\u00fcle klein genug gemacht werden, um von der Pflanzenwurzel aufgenommen zu werden.<\/p>\n<p>Ein weiteres Merkmal des Federmehls ist die langsame Freisetzung des Stickstoffs, im Gegensatz zum Blutmehl, das schneller freigesetzt wird. Dar\u00fcber hinaus ist dieser Stickstoff, der sich nur langsam zersetzt, n\u00fctzlich, um die Zersetzung von Pflanzenresten im Kompost zu aktivieren.<\/p>\n","protected":false},"excerpt":{"rendered":"<div class=\"page\" title=\"Seite 1\">\n<div class=\"section\">\n<div class=\"layoutArea\">\n<div class=\"column\">\n<p>Pluma-Mehl. Organischer D\u00fcnger tierischen Ursprungs mit hohem Stickstoffgehalt und langsamer Freisetzung<\/p>\n<p>F\u00f6rdert das Wachstum von Wurzeln, St\u00e4ngeln und Bl\u00e4ttern, ideal f\u00fcr den Einsatz in biologischen Gem\u00fcseg\u00e4rten, Blumen\/Obstb\u00e4umen und Zierpflanzen.<\/p>\n<p>Aktiviert die Zersetzung von Pflanzenresten im Kompost.<\/p>\n<p>Durch den Einsatz der Hydrolyse-Technologie mit Temperatur, Druck und Enzymen k\u00f6nnen die Aminos\u00e4uremolek\u00fcle klein genug gemacht werden, um von der Pflanzenwurzel aufgenommen zu werden.<\/p>\n<p>Allgemeine Dosierung: 40 Gramm pro Quadratmeter alle 3 Wochen oder je nach Bedarf der Pflanzen ausbringen.<\/p>\n<\/div>\n<\/div>\n<\/div>\n<\/div>\n","protected":false},"featured_media":16485,"comment_status":"open","ping_status":"closed","template":"","meta":{"_acf_changed":false},"product_brand":[],"product_cat":[692],"product_tag":[],"woo-feed-brand":[],"class_list":{"0":"post-19080","1":"product","2":"type-product","3":"status-publish","4":"has-post-thumbnail","6":"product_cat-rohmaterialien","8":"first","9":"outofstock","10":"taxable","11":"shipping-taxable","12":"purchasable","13":"product-type-variable","14":"has-default-attributes"},"acf":[],"_links":{"self":[{"href":"https:\/\/cultivers.es\/de\/wp-json\/wp\/v2\/product\/19080","targetHints":{"allow":["GET"]}}],"collection":[{"href":"https:\/\/cultivers.es\/de\/wp-json\/wp\/v2\/product"}],"about":[{"href":"https:\/\/cultivers.es\/de\/wp-json\/wp\/v2\/types\/product"}],"replies":[{"embeddable":true,"href":"https:\/\/cultivers.es\/de\/wp-json\/wp\/v2\/comments?post=19080"}],"wp:featuredmedia":[{"embeddable":true,"href":"https:\/\/cultivers.es\/de\/wp-json\/wp\/v2\/media\/16485"}],"wp:attachment":[{"href":"https:\/\/cultivers.es\/de\/wp-json\/wp\/v2\/media?parent=19080"}],"wp:term":[{"taxonomy":"product_brand","embeddable":true,"href":"https:\/\/cultivers.es\/de\/wp-json\/wp\/v2\/product_brand?post=19080"},{"taxonomy":"product_cat","embeddable":true,"href":"https:\/\/cultivers.es\/de\/wp-json\/wp\/v2\/product_cat?post=19080"},{"taxonomy":"product_tag","embeddable":true,"href":"https:\/\/cultivers.es\/de\/wp-json\/wp\/v2\/product_tag?post=19080"},{"taxonomy":"woo-feed-brand","embeddable":true,"href":"https:\/\/cultivers.es\/de\/wp-json\/wp\/v2\/woo-feed-brand?post=19080"}],"curies":[{"name":"wp","href":"https:\/\/api.w.org\/{rel}","templated":true}]}}