{"id":19082,"date":"2022-12-23T13:40:28","date_gmt":"2022-12-23T13:40:28","guid":{"rendered":"https:\/\/cultivers.es\/abonos\/pflanzlicher-calcium-korrektor\/"},"modified":"2025-09-22T05:17:16","modified_gmt":"2025-09-22T05:17:16","slug":"kalzium-pflanzen-korrekturmittel","status":"publish","type":"product","link":"https:\/\/cultivers.es\/de\/d\u00fcngemittel\/kalzium-pflanzen-korrekturmittel\/","title":{"rendered":"Pflanzlicher Calcium-Korrektor"},"content":{"rendered":"<p>F\u00fcr die Pflanze verf\u00fcgbares <b>Kalzium<\/b>. Hoher Mikronisierungsgrad (0,02 mm). Magnesiumversorgung (erh\u00e4lt das Verh\u00e4ltnis 10\/1, Ca\/M) <strong>Verbessert die Bodenstruktur<\/strong>. Erh\u00e4lt und verbessert die Kationenaustauschkapazit\u00e4t (KAK). Verbesserte Versickerung, Drainage und Bel\u00fcftung. Sowohl in sauren als auch in basischen B\u00f6den. <strong>Salinit\u00e4tskorrekturmittel f\u00fcr<\/strong> alkalische B\u00f6den aufgrund von Natrium und alkalischem pH-Wert. <b>NPK-Versorgung<\/b>. <strong>Verhindert Bodenverluste<\/strong> durch Erosion und erh\u00e4lt die Struktur des Ton-Humus-Komplexes. <strong>Beitrag zur organischen Substanz<\/strong>. <strong>Pflanzenst\u00e4rkende Wirkung<\/strong>. Versorgung mit <strong>organischen S\u00e4uren<\/strong> mit biostimulierenden Eigenschaften<strong>. <\/strong><strong>Ph-Korrektor.<\/strong><\/p>\n<p>&nbsp;<\/p>\n","protected":false},"excerpt":{"rendered":"<p>Kalziumaufnahme. Hoher Grad der Mikronisierung. Organischer Pflanzenkalk-Korrektor zur Anwendung im Boden.<\/p>\n<p>Verbessert die Bodenstruktur. Erh\u00e4lt und verbessert die Kationenaustauschkapazit\u00e4t (KAK). Verbessert die Auslaugung, Drainage und Bel\u00fcftung sowohl in sauren als auch in basischen B\u00f6den.<\/p>\n<p>Bietet organisches Material Handlungen als ein Salzgehalt Korrektor f\u00fcr B\u00f6den aus Natrium bei alkalischen pH-Wert. Verhindert Bodenverluste durch Erosion und erh\u00e4lt die Struktur des Ton-Humus-Komplexes.<\/p>\n<p>Es liefert NPK als einzige Quelle und reduziert die Dosis herk\u00f6mmlicher D\u00fcngemittel.<\/p>\n<p>Wirkt als pH-Korrekturmittel Hilft, die Pflanzenentwicklung zu verbessern. Liefert organische S\u00e4uren mit biostimulierenden Eigenschaften, reduziert einige Kryptogamie-Krankheiten.<\/p>\n","protected":false},"featured_media":16475,"comment_status":"open","ping_status":"closed","template":"","meta":{"_acf_changed":false},"product_brand":[],"product_cat":[585],"product_tag":[],"class_list":{"0":"post-19082","1":"product","2":"type-product","3":"status-publish","4":"has-post-thumbnail","6":"product_cat-defizit-korrektoren","8":"first","9":"instock","10":"featured","11":"taxable","12":"shipping-taxable","13":"purchasable","14":"product-type-variable"},"acf":[],"_links":{"self":[{"href":"https:\/\/cultivers.es\/de\/wp-json\/wp\/v2\/product\/19082","targetHints":{"allow":["GET"]}}],"collection":[{"href":"https:\/\/cultivers.es\/de\/wp-json\/wp\/v2\/product"}],"about":[{"href":"https:\/\/cultivers.es\/de\/wp-json\/wp\/v2\/types\/product"}],"replies":[{"embeddable":true,"href":"https:\/\/cultivers.es\/de\/wp-json\/wp\/v2\/comments?post=19082"}],"wp:featuredmedia":[{"embeddable":true,"href":"https:\/\/cultivers.es\/de\/wp-json\/wp\/v2\/media\/16475"}],"wp:attachment":[{"href":"https:\/\/cultivers.es\/de\/wp-json\/wp\/v2\/media?parent=19082"}],"wp:term":[{"taxonomy":"product_brand","embeddable":true,"href":"https:\/\/cultivers.es\/de\/wp-json\/wp\/v2\/product_brand?post=19082"},{"taxonomy":"product_cat","embeddable":true,"href":"https:\/\/cultivers.es\/de\/wp-json\/wp\/v2\/product_cat?post=19082"},{"taxonomy":"product_tag","embeddable":true,"href":"https:\/\/cultivers.es\/de\/wp-json\/wp\/v2\/product_tag?post=19082"}],"curies":[{"name":"wp","href":"https:\/\/api.w.org\/{rel}","templated":true}]}}