{"id":19236,"date":"2022-12-19T11:26:32","date_gmt":"2022-12-19T11:26:32","guid":{"rendered":"https:\/\/cultivers.es\/abonos\/packung-mit-6-aromatischen-bio-samen-und-6-essbaren-bio-blumen-duengemittel-und-behandlungen\/"},"modified":"2025-09-22T05:17:04","modified_gmt":"2025-09-22T05:17:04","slug":"pack-6-aromatische-und-6-blumen-essbare-okologische-dungemittel-und-behandlungen-saatgut-pakete","status":"publish","type":"product","link":"https:\/\/cultivers.es\/de\/d\u00fcngemittel\/pack-6-aromatische-und-6-blumen-essbare-okologische-dungemittel-und-behandlungen-saatgut-pakete\/","title":{"rendered":"Packung mit 6 aromatischen Samen und 6 essbaren Blumen \/ D\u00fcngemittel und Behandlungen"},"content":{"rendered":"<p><img loading=\"lazy\" decoding=\"async\" class=\"alignnone wp-image-6980\" src=\"https:\/\/cultivers.es\/wp-content\/uploads\/2022\/12\/12-AROMATICASFLORESCOMESTIBLES-300x134.jpg\" alt=\"\" width=\"1200\" height=\"536\" title=\"\" srcset=\"https:\/\/cultivers.es\/wp-content\/uploads\/2022\/12\/12-AROMATICASFLORESCOMESTIBLES-300x134.jpg 300w, https:\/\/cultivers.es\/wp-content\/uploads\/2022\/12\/12-AROMATICASFLORESCOMESTIBLES-scaled-600x268.jpg 600w, https:\/\/cultivers.es\/wp-content\/uploads\/2022\/12\/12-AROMATICASFLORESCOMESTIBLES-1024x458.jpg 1024w, https:\/\/cultivers.es\/wp-content\/uploads\/2022\/12\/12-AROMATICASFLORESCOMESTIBLES-768x343.jpg 768w, https:\/\/cultivers.es\/wp-content\/uploads\/2022\/12\/12-AROMATICASFLORESCOMESTIBLES-1536x687.jpg 1536w, https:\/\/cultivers.es\/wp-content\/uploads\/2022\/12\/12-AROMATICASFLORESCOMESTIBLES-2048x916.jpg 2048w, https:\/\/cultivers.es\/wp-content\/uploads\/2022\/12\/12-AROMATICASFLORESCOMESTIBLES-1080x483.jpg 1080w, https:\/\/cultivers.es\/wp-content\/uploads\/2022\/12\/12-AROMATICASFLORESCOMESTIBLES-1280x573.jpg 1280w, https:\/\/cultivers.es\/wp-content\/uploads\/2022\/12\/12-AROMATICASFLORESCOMESTIBLES-980x438.jpg 980w, https:\/\/cultivers.es\/wp-content\/uploads\/2022\/12\/12-AROMATICASFLORESCOMESTIBLES-480x215.jpg 480w\" sizes=\"auto, (max-width: 1200px) 100vw, 1200px\" \/><\/p>\n<p>&nbsp;<\/p>\n<p>Inhalt der Packung:<br \/>\n<strong><br \/>\n6 LEBENSMITTELSAMEN<\/strong><br \/>\nKosmos Farbenmix<br \/>\nEchinacea<br \/>\nStiefm\u00fctterchen<br \/>\nRiesensonnenblume<br \/>\nHolunder Blau<br \/>\nRingelblume<\/p>\n<p><strong>6 AROMASAMEN<\/strong><br \/>\nBasilikum Genovese<br \/>\nKoriander<br \/>\nRiesenpetersilie<br \/>\nSchnittlauch<br \/>\nThymian<br \/>\nDill<\/p>\n<p><strong>ORGANISCHE D\u00dcNGEMITTEL UND BEHANDLUNGEN<\/strong><\/p>\n<p>1 l Rohrmelasse<br \/>\n500 ml Triple Action<br \/>\n1 l Aminos\u00e4uren<br \/>\n250 g NPK-D\u00fcnger Guano<br \/>\n6 kg Regenwurmhumus<br \/>\n-- --<\/p>\n<p class=\"p1\"><strong><span class=\"s1\">Wie Sie unsere Produkte verwenden.<\/span><\/strong><\/p>\n<p>&nbsp;<\/p>\n<p class=\"p1\"><strong><span class=\"s1\">REGENWURMHUMUS UND GUANOKOMPOST.<\/span><\/strong><\/p>\n<p class=\"p1\"><span class=\"s1\">1. wir mischen Ihr Substrat oder Ihre Erde mit unserem Wurmhumus und unserem granulierten NPK-D\u00fcnger aus Guano. Entsprechend den Abmessungen der Verpackung.<\/span><\/p>\n<p class=\"p1\"><span class=\"s1\">2. Sobald die Mischung fertig ist, in den Topf geben und gut umr\u00fchren, bis sie gut eingearbeitet ist. Bei T\u00f6pfen f\u00fcllen wir einfach die T\u00f6pfe.<\/span><\/p>\n<p>&nbsp;<\/p>\n<p class=\"p1\"><strong><span class=\"s1\">AGRO MELAZA<\/span><\/strong><\/p>\n<p class=\"p3\"><span class=\"s2\">1. Lo <\/span><span class=\"s1\">verwenden<\/span><span class=\"s2\"> Sobald die Pflanzen eine Gr\u00f6\u00dfe von ca. 10 cm erreicht haben, verwenden wir 1\/3 der Dosis, wenn wir es vorher verwenden.<\/span><\/p>\n<p class=\"p3\"><span class=\"s2\">2. Anwendung durch Wurzelapplikation, entweder mit <\/span><span class=\"s1\">Fertigation<\/span><span class=\"s2\"> oder mit einem Schlauch, mit den auf der Verpackung angegebenen Dosierungen alle 15-21 Tage.<\/span><\/p>\n<p class=\"p3\"><span class=\"s2\">3. Wir k\u00f6nnen <\/span><span class=\"s1\">es verwenden<\/span><span class=\"s2\"> w\u00e4hrend des gesamten Zyklus unserer Pflanzen.<\/span><\/p>\n<p>&nbsp;<\/p>\n<p class=\"p1\"><strong><span class=\"s1\">EISENCHELAT (MITTEL GEGEN EISENMANGEL)<\/span><\/strong><\/p>\n<p class=\"p3\"><span class=\"s2\">1. wir k\u00f6nnen <\/span><span class=\"s1\">verwenden<\/span><span class=\"s2\"> sowohl zur Korrektur als auch zur Vorbeugung von Eisenmangel.<\/span><\/p>\n<p class=\"p3\"><span class=\"s2\">2. Lo <\/span><span class=\"s1\">Verwenden Sie<\/span><span class=\"s2\"> immer in der auf der Packung empfohlenen Dosierung.<\/span><\/p>\n<p class=\"p1\"><span class=\"s1\">3. Dies wird durch Wurzelapplikation auf unsere Kulturpflanzen angewendet.<\/span><\/p>\n<p>&nbsp;<\/p>\n<p class=\"p1\"><strong><span class=\"s1\">DREIFACHWIRKUNG (INSEKTIZID-AKARIZID-FUNGIZID)<\/span><\/strong><\/p>\n<p class=\"p3\"><span class=\"s2\">1. Dieses Produkt wird <\/span><span class=\"s1\">verwenden<\/span><span class=\"s2\"> pr\u00e4ventiv oder wenn der Sch\u00e4dling nicht sehr verbreitet ist.<\/span><\/p>\n<p class=\"p1\"><span class=\"s1\">2) Als \u00f6kologisches Erzeugnis ben\u00f6tigt es keine Schonfrist.<\/span><\/p>\n<p class=\"p1\"><span class=\"s1\">3. Da es sich um ein Produkt zur Anwendung handelt, muss es nicht mit Wasser gemischt werden, sondern wir werden es einfach auf unsere Pflanzen auftragen.<\/span><\/p>\n<p>&nbsp;<\/p>\n<p class=\"p1\"><strong><span class=\"s1\">AMINOS\u00c4UREN<\/span><\/strong><\/p>\n<p class=\"p1\"><span class=\"s1\">1. hilft unseren Pflanzen, ohne Probleme zu wachsen.<\/span><\/p>\n<p class=\"p3\"><span class=\"s2\">2. <\/span><span class=\"s1\">Sie werden feststellen<\/span><span class=\"s2\"> dass Ihre Pflanzen <\/span><span class=\"s1\">mehr<\/span><span class=\"s2\"> Sie werden feststellen, dass Ihre Pflanzen kr\u00e4ftiger und vitaler sind, was die Bl\u00fcte, die Fruchtbildung und die Produktivit\u00e4t Ihrer Pflanzen erh\u00f6ht.<\/span><\/p>\n<p class=\"p3\"><span class=\"s2\">3. Wir werden auf unsere Pflanzen sowohl <\/span><span class=\"s1\">Blattwerk<\/span><span class=\"s2\"> und Wurzel, in der auf der Verpackung angegebenen Dosierung.<span class=\"Apple-converted-space\"> <\/span><\/span> <\/p>\n<p class=\"p1\"><span class=\"s1\">4. 2 bis 3 Anwendungen w\u00e4hrend des gesamten Zyklus unserer Pflanzen.<\/span><\/p>\n<p>&nbsp;<\/p>\n<p class=\"p1\"><strong><span class=\"s1\">ALGEND\u00dcNGER<\/span><\/strong><\/p>\n<p class=\"p3\"><span class=\"s2\">1. <\/span><span class=\"s1\">Es wird helfen<\/span><span class=\"s2\"> dass unsere Kulturen stressfrei sind.<\/span><\/p>\n<p class=\"p1\"><span class=\"s1\">2. Er enth\u00e4lt auch Stickstoff und Kalium, wichtige Makroelemente f\u00fcr unsere Pflanzen.<\/span><\/p>\n<p class=\"p3\"><span class=\"s2\">3. Verabreichung an unsere Kulturen alle 20 <\/span><span class=\"s1\">Tage,<\/span><span class=\"s2\"> wenn die Pflanze bereits <\/span><span class=\"s1\">ist<\/span><span class=\"s2\">  mit etwa 10 cm. Wenn es sich um ein Saatbett handelt, bringen Sie \u00bc der empfohlenen Dosis aus.<\/span><\/p>\n<p>&nbsp;<\/p>\n<p class=\"p5\"><strong><span class=\"s1\">TIPPS ZUR KEIMUNG VON SAATGUT<span class=\"Apple-converted-space\"> <\/span><\/span><\/strong><\/p>\n<p>&nbsp;<\/p>\n<p class=\"p7\"><span class=\"s1\">Bew\u00e4sserung. Um keimen zu k\u00f6nnen, m\u00fcssen die Samen Wasser aufnehmen.  <\/span><\/p>\n<p class=\"p7\"><span class=\"s1\">Temperatur. Jede Art hat ihre eigene Keimtemperatur, die erreicht und gehalten werden muss, damit die Samen richtig keimen.<\/span><\/p>\n<p class=\"p7\"><span class=\"s1\">Licht. Zu Beginn der Keimung ist der Bedarf an Licht nicht wesentlich, aber nach der Keimung ist es wichtig, dass die S\u00e4mlinge eine richtige Lichtquelle haben, daher sollten die Saatbeete an einem gut beleuchteten Ort platziert werden.<\/span><\/p>\n<p class=\"p5\"><span class=\"s2\">Saatgut f\u00fcr gute Keimung und Wachstum:  <\/span><\/p>\n<p class=\"p7\"><span class=\"s1\">Sie werden zu gegebener Zeit ausges\u00e4t. Einige Arten k\u00f6nnen das ganze Jahr \u00fcber gepflanzt werden, w\u00e4hrend andere zu einer bestimmten Jahreszeit gepflanzt werden m\u00fcssen.<\/span><\/p>\n<p class=\"p7\"><span class=\"s1\">Das Substrat, in dem sie keimen, muss Feuchtigkeit und Luft speichern und reich an N\u00e4hrstoffen f\u00fcr das weitere Wachstum sein.<\/span><\/p>\n<p class=\"p7\"><span class=\"s1\">Die Feuchtigkeit sollte konstant sein, wobei eine \u00dcberw\u00e4sserung zu vermeiden ist, da zu viel Wasser die Samen oder kleinen Setzlinge verfaulen l\u00e4sst.<\/span><\/p>\n","protected":false},"excerpt":{"rendered":"<p>Inhalt der Packung:<br \/>\n<strong><br \/>\n 6 <\/strong><strong>ELBISCHE BL\u00dcTENSAMEN: <\/strong>Cosmos Mixed Colours, Echinacea, Stiefm\u00fctterchen, Riesensonnenblume, Blauer Holunder, Ringelblume<\/p>\n<p> 6<strong>AROMATISCHE SAMEN<\/strong>: Genueser Basilikum, Koriander, Riesenpetersilie, Schnittlauch, Thymian, Dill<\/p>\n<p><strong>\u00d6KOLOGISCHE D\u00dcNGUNGSMITTEL UND BEHANDLUNGEN: <\/strong>1 l Rohrmelasse, 1 l Triple Action, 1 l Aminos\u00e4uren, 250 g NPK-D\u00fcnger Guano, 6 kg Regenwurmhumus.<\/p>\n","protected":false},"featured_media":16370,"comment_status":"open","ping_status":"closed","template":"","meta":{"_acf_changed":false},"product_brand":[],"product_cat":[419],"product_tag":[1580],"class_list":{"0":"post-19236","1":"product","2":"type-product","3":"status-publish","4":"has-post-thumbnail","6":"product_cat-bio-saatgut","7":"product_tag-oko","9":"first","10":"instock","11":"taxable","12":"shipping-taxable","13":"purchasable","14":"product-type-simple"},"acf":[],"_links":{"self":[{"href":"https:\/\/cultivers.es\/de\/wp-json\/wp\/v2\/product\/19236","targetHints":{"allow":["GET"]}}],"collection":[{"href":"https:\/\/cultivers.es\/de\/wp-json\/wp\/v2\/product"}],"about":[{"href":"https:\/\/cultivers.es\/de\/wp-json\/wp\/v2\/types\/product"}],"replies":[{"embeddable":true,"href":"https:\/\/cultivers.es\/de\/wp-json\/wp\/v2\/comments?post=19236"}],"wp:featuredmedia":[{"embeddable":true,"href":"https:\/\/cultivers.es\/de\/wp-json\/wp\/v2\/media\/16370"}],"wp:attachment":[{"href":"https:\/\/cultivers.es\/de\/wp-json\/wp\/v2\/media?parent=19236"}],"wp:term":[{"taxonomy":"product_brand","embeddable":true,"href":"https:\/\/cultivers.es\/de\/wp-json\/wp\/v2\/product_brand?post=19236"},{"taxonomy":"product_cat","embeddable":true,"href":"https:\/\/cultivers.es\/de\/wp-json\/wp\/v2\/product_cat?post=19236"},{"taxonomy":"product_tag","embeddable":true,"href":"https:\/\/cultivers.es\/de\/wp-json\/wp\/v2\/product_tag?post=19236"}],"curies":[{"name":"wp","href":"https:\/\/api.w.org\/{rel}","templated":true}]}}