{"id":19239,"date":"2022-12-19T11:00:51","date_gmt":"2022-12-19T11:00:51","guid":{"rendered":"https:\/\/cultivers.es\/abonos\/beginnen-sie-ihren-gemuesegarten-auf-1-bis-3-m2-pack-11-oeko-saatgut-und-duengemittel\/"},"modified":"2025-09-22T05:17:11","modified_gmt":"2025-09-22T05:17:11","slug":"inicia-tu-huerto-de-1-a-3-m2-pack-11-semillas-y-abonos-eco","status":"publish","type":"product","link":"https:\/\/cultivers.es\/de\/d\u00fcngemittel\/inicia-tu-huerto-de-1-a-3-m2-pack-11-semillas-y-abonos-eco\/","title":{"rendered":"Beginnen Sie Ihren Gem\u00fcsegarten auf 1 bis 3 m2. Pack 11 \u00d6ko-Saatgut und D\u00fcngemittel"},"content":{"rendered":"<p><img loading=\"lazy\" decoding=\"async\" class=\"alignnone wp-image-6975\" src=\"https:\/\/cultivers.es\/wp-content\/uploads\/2022\/12\/CALENDARIO-PACK-HUERTO-16-300x131.jpg\" alt=\"\" width=\"1266\" height=\"553\" title=\"\" srcset=\"https:\/\/cultivers.es\/wp-content\/uploads\/2022\/12\/CALENDARIO-PACK-HUERTO-16-300x131.jpg 300w, https:\/\/cultivers.es\/wp-content\/uploads\/2022\/12\/CALENDARIO-PACK-HUERTO-16-scaled-600x263.jpg 600w, https:\/\/cultivers.es\/wp-content\/uploads\/2022\/12\/CALENDARIO-PACK-HUERTO-16-2048x897.jpg 2048w, https:\/\/cultivers.es\/wp-content\/uploads\/2022\/12\/CALENDARIO-PACK-HUERTO-16-1080x473.jpg 1080w, https:\/\/cultivers.es\/wp-content\/uploads\/2022\/12\/CALENDARIO-PACK-HUERTO-16-480x210.jpg 480w\" sizes=\"auto, (max-width: 1266px) 100vw, 1266px\" \/><\/p>\n<p>Inhalt der Packung:<\/p>\n<p>Aubergine Wei\u00dfes Ei<br \/>\nKarotten Jaune du Doubs<br \/>\nZwiebel Rossa Lunga di Firenze<br \/>\nTomate Rinderherz<br \/>\nTomate Black Cherry<br \/>\nPaprika Corno di Toro Rosso<br \/>\nRettich Saxa 2<br \/>\nSpinat Matador<br \/>\nPurple Broccoli<br \/>\nKrauser Salat Lollo Rosso<br \/>\nEichblattsalat Salatsch\u00fcssel<\/p>\n<p>&nbsp;<\/p>\n<p><strong>Organische D\u00fcngemittel und Behandlungen<\/strong><\/p>\n<p>&nbsp;<\/p>\n<p>1,5 kg Wurmhumus<br \/>\n250 g NPK-D\u00fcnger mit Guano<br \/>\n1 l Rohrmelasse<br \/>\n250 g Eisenchelat<br \/>\n250 g Calcium-Korrektor<br \/>\n250g Mast- und Reifed\u00fcnger<br \/>\n500 ml Triple Action<\/p>\n<p>&nbsp;<\/p>\n<p class=\"p1\"><strong><span class=\"s1\">Wie Sie unsere Produkte verwenden.<\/span><\/strong><\/p>\n<p>&nbsp;<\/p>\n<p class=\"p1\"><strong><span class=\"s1\">REGENWURMHUMUS UND GUANOKOMPOST.<\/span><\/strong><\/p>\n<p class=\"p1\"><span class=\"s1\">1. wir mischen Ihr Substrat oder Ihre Erde mit unserem Wurmhumus und unserem granulierten NPK-D\u00fcnger aus Guano. Entsprechend den Abmessungen der Verpackung.<\/span><\/p>\n<p class=\"p1\"><span class=\"s1\">2. Sobald die Mischung fertig ist, in den Topf geben und gut umr\u00fchren, bis sie gut eingearbeitet ist. Bei T\u00f6pfen f\u00fcllen wir einfach die T\u00f6pfe.<\/span><\/p>\n<p>&nbsp;<\/p>\n<p class=\"p1\"><strong><span class=\"s1\">AGRO MELAZA<\/span><\/strong><\/p>\n<p class=\"p3\"><span class=\"s2\">1. Lo <\/span><span class=\"s1\">verwenden<\/span><span class=\"s2\"> Sobald die Pflanzen eine Gr\u00f6\u00dfe von ca. 10 cm erreicht haben, verwenden wir 1\/3 der Dosis, wenn wir es vorher verwenden.<\/span><\/p>\n<p class=\"p3\"><span class=\"s2\">2. Anwendung durch Wurzelapplikation, entweder mit <\/span><span class=\"s1\">Fertigation<\/span><span class=\"s2\"> oder mit einem Schlauch, mit den auf der Verpackung angegebenen Dosierungen alle 15-21 Tage.<\/span><\/p>\n<p class=\"p3\"><span class=\"s2\">3. Wir k\u00f6nnen <\/span><span class=\"s1\">es verwenden<\/span><span class=\"s2\"> w\u00e4hrend des gesamten Zyklus unserer Pflanzen.<\/span><\/p>\n<p>&nbsp;<\/p>\n<p class=\"p3\"><strong><span class=\"s2\">CALCIUM (<\/span><span class=\"s1\">CORRECTOR<\/span><span class=\"s2\"> KORREKTOR)<\/span><\/strong><\/p>\n<p class=\"p3\"><span class=\"s2\">1. Lo <\/span><span class=\"s1\">verwenden<\/span><span class=\"s2\"> in den angegebenen Dosen 2 bis 3 Mal w\u00e4hrend des gesamten Zyklus unserer Pflanzen.<\/span><\/p>\n<p class=\"p3\"><span class=\"s2\">2. Die erste <\/span><span class=\"s1\">ist<\/span><span class=\"s2\"> kurz vor Beginn der Bl\u00fctezeit unserer Pflanzen, um einen besseren Fruchtansatz zu erreichen.<\/span><\/p>\n<p class=\"p1\"><span class=\"s1\">(3) Es kann sowohl blatt- als auch wurzelf\u00f6rmig angewendet werden.<\/span><\/p>\n<p>&nbsp;<\/p>\n<p class=\"p1\"><strong><span class=\"s1\">EISENCHELAT (MITTEL GEGEN EISENMANGEL)<\/span><\/strong><\/p>\n<p class=\"p3\"><span class=\"s2\">1. wir k\u00f6nnen <\/span><span class=\"s1\">verwenden<\/span><span class=\"s2\"> sowohl zur Korrektur als auch zur Vorbeugung von Eisenmangel.<\/span><\/p>\n<p class=\"p3\"><span class=\"s2\">2. Lo <\/span><span class=\"s1\">Verwenden Sie<\/span><span class=\"s2\"> immer in der auf der Packung empfohlenen Dosierung.<\/span><\/p>\n<p class=\"p1\"><span class=\"s1\">3. Dies wird durch Wurzelapplikation auf unsere Kulturpflanzen angewendet.<\/span><\/p>\n<p>&nbsp;<\/p>\n<p class=\"p1\"><strong><span class=\"s1\">REIFUNG UND M\u00c4STUNG<\/span><\/strong><\/p>\n<p class=\"p3\"><span class=\"s2\">1. Dieses Produkt ist besonders geeignet f\u00fcr <\/span><span class=\"s1\">verwendet<\/span><span class=\"s2\"> f\u00fcr Ihre Pflanzen ab der Bl\u00fctezeit.<\/span><\/p>\n<p class=\"p3\"><span class=\"s2\">2. kann verwendet werden <\/span><span class=\"s1\">kann verwendet werden<\/span><span class=\"s2\"> sowohl als Blatt- als auch als Wurzelanwendung.<\/span><\/p>\n<p class=\"p3\"><span class=\"s2\">3. Wir werden es einmal alle 21 Tage verwenden <\/span><span class=\"s1\">Tagen<\/span><span class=\"s2\"> ungef\u00e4hr.<\/span><\/p>\n<p>&nbsp;<\/p>\n<p class=\"p1\"><strong><span class=\"s1\">DREIFACHWIRKUNG (INSEKTIZID-AKARIZID-FUNGIZID)<\/span><\/strong><\/p>\n<p class=\"p3\"><span class=\"s2\">1. Dieses Produkt wird <\/span><span class=\"s1\">verwenden<\/span><span class=\"s2\"> pr\u00e4ventiv oder wenn der Sch\u00e4dling nicht sehr verbreitet ist.<\/span><\/p>\n<p class=\"p1\"><span class=\"s1\">2) Als \u00f6kologisches Erzeugnis ben\u00f6tigt es keine Schonfrist.<\/span><\/p>\n<p class=\"p1\"><span class=\"s1\">3. Da es sich um ein Produkt zur Anwendung handelt, muss es nicht mit Wasser gemischt werden, sondern wir werden es einfach auf unsere Pflanzen auftragen.<\/span><\/p>\n<p>&nbsp;<\/p>\n<p class=\"p5\"><strong><span class=\"s1\">TIPPS ZUR KEIMUNG VON SAATGUT<span class=\"Apple-converted-space\"> <\/span><\/span><\/strong><\/p>\n<p>&nbsp;<\/p>\n<p class=\"p7\"><span class=\"s1\">Bew\u00e4sserung. Um keimen zu k\u00f6nnen, m\u00fcssen die Samen Wasser aufnehmen.  <\/span><\/p>\n<p class=\"p7\"><span class=\"s1\">Temperatur. Jede Art hat ihre eigene Keimtemperatur, die erreicht und gehalten werden muss, damit die Samen richtig keimen.<\/span><\/p>\n<p class=\"p7\"><span class=\"s1\">Licht. Zu Beginn der Keimung ist der Bedarf an Licht nicht wesentlich, aber nach der Keimung ist es wichtig, dass die S\u00e4mlinge eine richtige Lichtquelle haben, daher sollten die Saatbeete an einem gut beleuchteten Ort platziert werden.<\/span><\/p>\n<p class=\"p5\"><span class=\"s2\">Saatgut f\u00fcr gute Keimung und Wachstum:  <\/span><\/p>\n<p class=\"p7\"><span class=\"s1\">Sie werden zu gegebener Zeit ausges\u00e4t. Einige Arten k\u00f6nnen das ganze Jahr \u00fcber gepflanzt werden, w\u00e4hrend andere zu einer bestimmten Jahreszeit gepflanzt werden m\u00fcssen.<\/span><\/p>\n<p class=\"p7\"><span class=\"s1\">Das Substrat, in dem sie keimen, muss Feuchtigkeit und Luft speichern und reich an N\u00e4hrstoffen f\u00fcr das weitere Wachstum sein.<\/span><\/p>\n<p class=\"p7\"><span class=\"s1\">Die Feuchtigkeit sollte konstant sein, wobei eine \u00dcberw\u00e4sserung zu vermeiden ist, da zu viel Wasser die Samen oder kleinen Setzlinge verfaulen l\u00e4sst.<\/span><\/p>\n","protected":false},"excerpt":{"rendered":"<p>Inhalt:<\/p>\n<p><strong>11 Bio-Saatgut:<\/strong> Aubergine White Egg, Aubergine Black Beauty, Karotten Jaune du Doubs, Zwiebel Rossa Lunga di Firenze, Tomate Roma VF, Tomate Beef Heart, Tomate Black Cherry, Paprika Corno di Toro Rosso, Rettich Saxa 2, Spinat Matador, Brokkoli Purple, Krauser Salat Lollo Rosso, Salat Oak Leaf Salad Bowl<\/p>\n<p><strong>Bio-D\u00fcnger:<\/strong> 10 kg Regenwurmhumus, 5 kg NPK-D\u00fcnger mit Guano, 1 l Rohrmelasse, 1 l Aminos\u00e4uren, 250 g Meeresalgen 100%, 250 g Eisenchelat, 250 g Kalziumkorrektor, 250g Mast- und Reifed\u00fcnger, 1 l Triple Action.<\/p>\n","protected":false},"featured_media":16355,"comment_status":"open","ping_status":"closed","template":"","meta":{"_acf_changed":false},"product_brand":[],"product_cat":[419,333],"product_tag":[],"class_list":{"0":"post-19239","1":"product","2":"type-product","3":"status-publish","4":"has-post-thumbnail","6":"product_cat-bio-saatgut","7":"product_cat-dungemittel","9":"first","10":"instock","11":"taxable","12":"shipping-taxable","13":"purchasable","14":"product-type-simple"},"acf":[],"_links":{"self":[{"href":"https:\/\/cultivers.es\/de\/wp-json\/wp\/v2\/product\/19239","targetHints":{"allow":["GET"]}}],"collection":[{"href":"https:\/\/cultivers.es\/de\/wp-json\/wp\/v2\/product"}],"about":[{"href":"https:\/\/cultivers.es\/de\/wp-json\/wp\/v2\/types\/product"}],"replies":[{"embeddable":true,"href":"https:\/\/cultivers.es\/de\/wp-json\/wp\/v2\/comments?post=19239"}],"wp:featuredmedia":[{"embeddable":true,"href":"https:\/\/cultivers.es\/de\/wp-json\/wp\/v2\/media\/16355"}],"wp:attachment":[{"href":"https:\/\/cultivers.es\/de\/wp-json\/wp\/v2\/media?parent=19239"}],"wp:term":[{"taxonomy":"product_brand","embeddable":true,"href":"https:\/\/cultivers.es\/de\/wp-json\/wp\/v2\/product_brand?post=19239"},{"taxonomy":"product_cat","embeddable":true,"href":"https:\/\/cultivers.es\/de\/wp-json\/wp\/v2\/product_cat?post=19239"},{"taxonomy":"product_tag","embeddable":true,"href":"https:\/\/cultivers.es\/de\/wp-json\/wp\/v2\/product_tag?post=19239"}],"curies":[{"name":"wp","href":"https:\/\/api.w.org\/{rel}","templated":true}]}}