{"id":19265,"date":"2022-11-30T07:48:40","date_gmt":"2022-11-30T07:48:40","guid":{"rendered":"https:\/\/cultivers.es\/abonos\/bio-auberginen-samen-tsakoniki\/"},"modified":"2025-09-22T05:37:45","modified_gmt":"2025-09-22T05:37:45","slug":"bio-tsakoniki-tsakoniki-eierpflanzen-samen","status":"publish","type":"product","link":"https:\/\/cultivers.es\/de\/d\u00fcngemittel\/bio-tsakoniki-tsakoniki-eierpflanzen-samen\/","title":{"rendered":"Auberginen Samen Tsakoniki Biodynamisch Demeter"},"content":{"rendered":"","protected":false},"excerpt":{"rendered":"<p>Die <strong>Tsakoniki Aubergine<\/strong> ist eine traditionelle, aus Griechenland stammende Sorte, die f\u00fcr ihre l\u00e4ngliche Form und ihre <strong>violette<\/strong> Schale <strong>mit wei\u00dfen Adern<\/strong> bekannt ist, was sie zu einer optisch ansprechenden und k\u00f6stlichen Wahl macht. Ihr zartes, mildes Fruchtfleisch mit einem Hauch von S\u00fc\u00dfe eignet sich hervorragend f\u00fcr eine Vielzahl von Gerichten wie Eint\u00f6pfe, Braten, Moussakas und F\u00fcllungen. Diese Aubergine ist einfach anzubauen und sehr ertragreich, ideal um Ihren <strong>Garten<\/strong> mit einer nahrhaften und vielseitigen Pflanze zu bereichern.  <\/p>\n<p><strong>L\u00e4ngliche und elegante Form:<\/strong> Mit ihrer violetten, wei\u00df gestreiften Schale besticht diese Sorte durch ihr attraktives Aussehen und ihre zarte Textur.<\/p>\n<p><strong>S\u00fc\u00dfer und milder Geschmack:<\/strong> Das Fruchtfleisch der Tsakoniki-Aubergine ist zart und hat einen milden Geschmack, der sie perfekt zum Braten, Schmoren, Braten oder F\u00fcllen macht.<\/p>\n<p><strong>Hohe Produktivit\u00e4t:<\/strong> Sie ist eine kr\u00e4ftige Pflanze, die w\u00e4hrend der gesamten Saison konstant Fr\u00fcchte tr\u00e4gt und eine reiche Ernte garantiert.<\/p>\n<p><strong>Widerstandsf\u00e4hig und einfach anzubauen:<\/strong> Sie passt sich gut an verschiedene Klimazonen und B\u00f6den an und ist eine krankheitsresistente Sorte, die sowohl f\u00fcr Anf\u00e4nger als auch f\u00fcr erfahrene G\u00e4rtner ideal ist.<\/p>\n<p><strong>Reich an N\u00e4hrstoffen:<\/strong> Auberginen sind eine ausgezeichnete Quelle f\u00fcr Antioxidantien, Vitamine und Mineralien und tragen zu einer ausgewogenen und gesunden Ern\u00e4hrung bei.<\/p>\n<p><strong>Demeter-Zertifizierung:<\/strong> Dieses Saatgut entspricht den Standards der biodynamischen Landwirtschaft und garantiert einen Anbau, der die nat\u00fcrlichen Zyklen und die Umwelt respektiert.<\/p>\n<p><strong>Biologischer Anbau:<\/strong> Unser Saatgut ist <strong>100% biologisch<\/strong>, frei von Pestiziden und chemischen D\u00fcngemitteln und f\u00f6rdert einen nachhaltigen <strong>Garten<\/strong>, der die Artenvielfalt respektiert.<\/p>\n<p>Bauen Sie <strong>Demeter Bio Tsakoniki Auberginen<\/strong> an und genie\u00dfen Sie eine traditionelle Sorte, die Geschmack, Produktivit\u00e4t und Sch\u00f6nheit in Ihrem <strong>Garten<\/strong> vereint. Bestellen Sie noch heute und bringen Sie griechische Authentizit\u00e4t auf Ihren Tisch! <\/p>\n","protected":false},"featured_media":16280,"comment_status":"open","ping_status":"closed","template":"","meta":{"_acf_changed":false},"product_brand":[],"product_cat":[438,419,1304],"product_tag":[1384],"class_list":{"0":"post-19265","1":"product","2":"type-product","3":"status-publish","4":"has-post-thumbnail","6":"product_cat-bio-obst-und-gemusesaatgut","7":"product_cat-bio-saatgut","8":"product_cat-demeter-samen","9":"product_tag-demeter-de","11":"first","12":"instock","13":"taxable","14":"shipping-taxable","15":"purchasable","16":"product-type-simple"},"acf":[],"_links":{"self":[{"href":"https:\/\/cultivers.es\/de\/wp-json\/wp\/v2\/product\/19265","targetHints":{"allow":["GET"]}}],"collection":[{"href":"https:\/\/cultivers.es\/de\/wp-json\/wp\/v2\/product"}],"about":[{"href":"https:\/\/cultivers.es\/de\/wp-json\/wp\/v2\/types\/product"}],"replies":[{"embeddable":true,"href":"https:\/\/cultivers.es\/de\/wp-json\/wp\/v2\/comments?post=19265"}],"wp:featuredmedia":[{"embeddable":true,"href":"https:\/\/cultivers.es\/de\/wp-json\/wp\/v2\/media\/16280"}],"wp:attachment":[{"href":"https:\/\/cultivers.es\/de\/wp-json\/wp\/v2\/media?parent=19265"}],"wp:term":[{"taxonomy":"product_brand","embeddable":true,"href":"https:\/\/cultivers.es\/de\/wp-json\/wp\/v2\/product_brand?post=19265"},{"taxonomy":"product_cat","embeddable":true,"href":"https:\/\/cultivers.es\/de\/wp-json\/wp\/v2\/product_cat?post=19265"},{"taxonomy":"product_tag","embeddable":true,"href":"https:\/\/cultivers.es\/de\/wp-json\/wp\/v2\/product_tag?post=19265"}],"curies":[{"name":"wp","href":"https:\/\/api.w.org\/{rel}","templated":true}]}}