{"id":19267,"date":"2022-11-30T07:44:26","date_gmt":"2022-11-30T07:44:26","guid":{"rendered":"https:\/\/cultivers.es\/abonos\/bio-radieschen-samen-cherry-belle\/"},"modified":"2026-02-17T18:40:16","modified_gmt":"2026-02-17T18:40:16","slug":"radieschen-kirsche-kirsche-belle-okologisches-saatgut","status":"publish","type":"product","link":"https:\/\/cultivers.es\/de\/d\u00fcngemittel\/radieschen-kirsche-kirsche-belle-okologisches-saatgut\/","title":{"rendered":"Cherry Belle Radieschen-Samen"},"content":{"rendered":"","protected":false},"excerpt":{"rendered":"<p><strong>Cherry Belle Radieschen<\/strong><em>(Raphanus sativus<\/em>) ist eine schnell wachsende Sorte, die f\u00fcr ihre runden, <strong>leuchtend roten<\/strong> Wurzeln und ihr knackiges, wei\u00dfes Inneres mit einem milden, frischen Geschmack bekannt ist. Perfekt f\u00fcr Salate, Beilagen oder roh als gesunder Snack, ist dieser Rettich die ideale Wahl f\u00fcr alle, die eine einfache und ertragreiche <strong>Gem\u00fcsepflanze<\/strong> suchen. <\/p>\n<p><strong>Runde und farbenfrohe Wurzeln:<\/strong> Cherry Belle produziert gleichm\u00e4\u00dfig gro\u00dfe Radieschen mit einer leuchtend roten Schale, die in jedem Gericht auff\u00e4llt.<\/p>\n<p><strong>Sanfter und knuspriger Geschmack:<\/strong> Seine feste Textur und sein frischer, delikater Geschmack machen ihn zu einer perfekten Erg\u00e4nzung f\u00fcr Salate und Snacks.<\/p>\n<p><strong>Schnellw\u00fcchsig:<\/strong> Diese Sorte reift in nur 20-30 Tagen, so dass Sie w\u00e4hrend der gesamten Saison h\u00e4ufig ernten k\u00f6nnen.<\/p>\n<p><strong>Reich an N\u00e4hrstoffen:<\/strong> Radieschen sind eine ausgezeichnete Quelle f\u00fcr Vitamin C, Antioxidantien und Mineralien und unterst\u00fctzen eine gesunde Ern\u00e4hrung.<\/p>\n<p><strong>Einfacher Anbau:<\/strong> Passt sich gut an leichte, gut durchl\u00e4ssige B\u00f6den an und ist sowohl f\u00fcr Anf\u00e4nger als auch f\u00fcr erfahrene G\u00e4rtner geeignet.<\/p>\n<p><strong>Biologischer Anbau:<\/strong> Unser Saatgut ist <strong>zu 100% biologisch<\/strong>, frei von Pestiziden und chemischen D\u00fcngemitteln und f\u00f6rdert einen nachhaltigen und umweltfreundlichen Anbau.<\/p>\n<p>Genie\u00dfen Sie die Frische, den Geschmack und die einfache Kultivierung des <strong>Cherry Belle Bio-Rettichs<\/strong>, einer unverzichtbaren Sorte f\u00fcr Ihren <strong>Garten<\/strong>. Bestellen Sie noch heute und ernten Sie gesunde Radieschen in nur wenigen Tagen! <\/p>\n","protected":false},"featured_media":16285,"comment_status":"open","ping_status":"closed","template":"","meta":{"_acf_changed":false},"product_brand":[],"product_cat":[419,433],"product_tag":[1580],"woo-feed-brand":[],"class_list":{"0":"post-19267","1":"product","2":"type-product","3":"status-publish","4":"has-post-thumbnail","6":"product_cat-bio-saatgut","7":"product_cat-bio-wurzelsaatgut","8":"product_tag-oko","10":"first","11":"instock","12":"taxable","13":"shipping-taxable","14":"purchasable","15":"product-type-simple"},"acf":[],"_links":{"self":[{"href":"https:\/\/cultivers.es\/de\/wp-json\/wp\/v2\/product\/19267","targetHints":{"allow":["GET"]}}],"collection":[{"href":"https:\/\/cultivers.es\/de\/wp-json\/wp\/v2\/product"}],"about":[{"href":"https:\/\/cultivers.es\/de\/wp-json\/wp\/v2\/types\/product"}],"replies":[{"embeddable":true,"href":"https:\/\/cultivers.es\/de\/wp-json\/wp\/v2\/comments?post=19267"}],"wp:featuredmedia":[{"embeddable":true,"href":"https:\/\/cultivers.es\/de\/wp-json\/wp\/v2\/media\/16285"}],"wp:attachment":[{"href":"https:\/\/cultivers.es\/de\/wp-json\/wp\/v2\/media?parent=19267"}],"wp:term":[{"taxonomy":"product_brand","embeddable":true,"href":"https:\/\/cultivers.es\/de\/wp-json\/wp\/v2\/product_brand?post=19267"},{"taxonomy":"product_cat","embeddable":true,"href":"https:\/\/cultivers.es\/de\/wp-json\/wp\/v2\/product_cat?post=19267"},{"taxonomy":"product_tag","embeddable":true,"href":"https:\/\/cultivers.es\/de\/wp-json\/wp\/v2\/product_tag?post=19267"},{"taxonomy":"woo-feed-brand","embeddable":true,"href":"https:\/\/cultivers.es\/de\/wp-json\/wp\/v2\/woo-feed-brand?post=19267"}],"curies":[{"name":"wp","href":"https:\/\/api.w.org\/{rel}","templated":true}]}}