{"id":19271,"date":"2022-11-30T07:45:47","date_gmt":"2022-11-30T07:45:47","guid":{"rendered":"https:\/\/cultivers.es\/abonos\/kirschtomaten-samen-honey-du-mexique-bio\/"},"modified":"2025-09-22T05:37:50","modified_gmt":"2025-09-22T05:37:50","slug":"bio-kirsch-tomaten-samen","status":"publish","type":"product","link":"https:\/\/cultivers.es\/de\/d\u00fcngemittel\/bio-kirsch-tomaten-samen\/","title":{"rendered":"Kirschtomatensamen Honey Du Mexique"},"content":{"rendered":"","protected":false},"excerpt":{"rendered":"<p>Die <strong>Cherry Tomato Miel Du Mexique<\/strong> ist eine Kirschtomatensorte, die f\u00fcr ihren <strong>s\u00fc\u00dfen und intensiven<\/strong> Geschmack, der an Honig erinnert, und ihre saftige Textur bekannt ist. Diese kleinen, leuchtend roten Tomaten sind ideal f\u00fcr Salate, Vorspeisen, frische So\u00dfen oder zum direkten Genuss aus dem Garten. Ihre hohe Produktivit\u00e4t und Widerstandsf\u00e4higkeit machen sie zu einer perfekten Wahl sowohl f\u00fcr Anf\u00e4nger als auch f\u00fcr Experten im \u00f6kologischen Anbau.  <\/p>\n<p><strong>S\u00fc\u00dfe und aromatische Fr\u00fcchte:<\/strong> Diese Tomaten sind f\u00fcr ihren au\u00dfergew\u00f6hnlich s\u00fc\u00dfen Geschmack bekannt, der sich ideal zum Verfeinern von Salaten und frischen Gerichten eignet.<\/p>\n<p><strong>Hohe Produktivit\u00e4t:<\/strong> Jede Pflanze produziert w\u00e4hrend der gesamten Saison eine F\u00fclle von kleinen, einheitlichen Fr\u00fcchten.<\/p>\n<p><strong>Einfacher Anbau:<\/strong> Diese Sorte passt sich an verschiedene Klimazonen und B\u00f6den an, ist krankheitsresistent und w\u00e4chst sowohl in T\u00f6pfen als auch direkt in der Erde gut.<\/p>\n<p><strong>Vielseitig einsetzbar:<\/strong> Perfekt f\u00fcr den Frischverzehr, in Salaten, So\u00dfen oder sogar als gesunder Snack direkt aus dem Garten.<\/p>\n<p><strong>Reich an N\u00e4hrstoffen:<\/strong> Als nat\u00fcrliche Quelle von Antioxidantien, Vitaminen A, C und K tragen Kirschtomaten zu einer ausgewogenen und gesunden Ern\u00e4hrung bei.<\/p>\n<p><strong>Biologischer Anbau:<\/strong> Unser Saatgut ist <strong>100% biologisch<\/strong>, frei von Pestiziden und chemischen D\u00fcngemitteln und garantiert einen nachhaltigen und umweltfreundlichen Anbau.<\/p>\n<p>Genie\u00dfen Sie den einzigartigen Geschmack und die Frische der <strong>Cherry Miel Du Mexique Bio-Tomate<\/strong>, einer Sorte, die Ihren <strong>Garten<\/strong> mit Farbe, S\u00fc\u00dfe und Leben erf\u00fcllen wird. Bestellen Sie noch heute und genie\u00dfen Sie dieses k\u00f6stliche Erlebnis! <\/p>\n","protected":false},"featured_media":16290,"comment_status":"open","ping_status":"closed","template":"","meta":{"_acf_changed":false},"product_brand":[],"product_cat":[438,419],"product_tag":[1580],"class_list":{"0":"post-19271","1":"product","2":"type-product","3":"status-publish","4":"has-post-thumbnail","6":"product_cat-bio-obst-und-gemusesaatgut","7":"product_cat-bio-saatgut","8":"product_tag-oko","10":"first","11":"instock","12":"taxable","13":"shipping-taxable","14":"purchasable","15":"product-type-simple"},"acf":[],"_links":{"self":[{"href":"https:\/\/cultivers.es\/de\/wp-json\/wp\/v2\/product\/19271","targetHints":{"allow":["GET"]}}],"collection":[{"href":"https:\/\/cultivers.es\/de\/wp-json\/wp\/v2\/product"}],"about":[{"href":"https:\/\/cultivers.es\/de\/wp-json\/wp\/v2\/types\/product"}],"replies":[{"embeddable":true,"href":"https:\/\/cultivers.es\/de\/wp-json\/wp\/v2\/comments?post=19271"}],"wp:featuredmedia":[{"embeddable":true,"href":"https:\/\/cultivers.es\/de\/wp-json\/wp\/v2\/media\/16290"}],"wp:attachment":[{"href":"https:\/\/cultivers.es\/de\/wp-json\/wp\/v2\/media?parent=19271"}],"wp:term":[{"taxonomy":"product_brand","embeddable":true,"href":"https:\/\/cultivers.es\/de\/wp-json\/wp\/v2\/product_brand?post=19271"},{"taxonomy":"product_cat","embeddable":true,"href":"https:\/\/cultivers.es\/de\/wp-json\/wp\/v2\/product_cat?post=19271"},{"taxonomy":"product_tag","embeddable":true,"href":"https:\/\/cultivers.es\/de\/wp-json\/wp\/v2\/product_tag?post=19271"}],"curies":[{"name":"wp","href":"https:\/\/api.w.org\/{rel}","templated":true}]}}