{"id":19277,"date":"2022-11-29T14:31:42","date_gmt":"2022-11-29T14:31:42","guid":{"rendered":"https:\/\/cultivers.es\/abonos\/clonepunch\/"},"modified":"2025-09-22T05:37:22","modified_gmt":"2025-09-22T05:37:22","slug":"clonepunch","status":"publish","type":"product","link":"https:\/\/cultivers.es\/de\/d\u00fcngemittel\/clonepunch\/","title":{"rendered":"ClonePunch"},"content":{"rendered":"","protected":false},"excerpt":{"rendered":"<p>Regt die Bildung von Sekund\u00e4rwurzeln an, indem es die Zahl der absorbierenden H\u00e4rchen erh\u00f6ht und die F\u00e4higkeit zur N\u00e4hrstoffaufnahme regeneriert. Organischer D\u00fcnger f\u00fcr die Wurzelentwicklung.<\/p>\n<p>Sie beg\u00fcnstigt die Wechselwirkungen zwischen Boden und Pflanze und f\u00f6rdert das Gleichgewicht zwischen den Wurzeln und dem oberirdischen Teil der Pflanze.<\/p>\n<p>Es sollte ab dem Umpflanzen, in der Bl\u00fcte- und Fruchtansatzphase oder zur \u00dcberwindung von Stress oder Phytotoxizit\u00e4t, die w\u00e4hrend der Wachstumsperiode auftreten k\u00f6nnen, verwendet werden.<\/p>\n<p>Organischer D\u00fcnger zur Stimulierung der Wurzelentwicklung in den schwierigsten Anbauphasen, in denen eine maximale Beteiligung des Wurzelsystems erforderlich ist.<\/p>\n<p>Formulierung mit Mikroelementen, die durch EDTA chelatisiert und durch Aminos\u00e4uren komplexiert sind, was eine schnelle Absorption und Translokation in der Pflanze erm\u00f6glicht und eine maximale Effizienz in k\u00fcrzester Zeit gew\u00e4hrleistet.<\/p>\n","protected":false},"featured_media":16310,"comment_status":"open","ping_status":"closed","template":"","meta":{"_acf_changed":false},"product_brand":[],"product_cat":[722],"product_tag":[],"woo-feed-brand":[],"class_list":{"0":"post-19277","1":"product","2":"type-product","3":"status-publish","4":"has-post-thumbnail","6":"product_cat-growpunch-de","8":"first","9":"instock","10":"taxable","11":"shipping-taxable","12":"purchasable","13":"product-type-variable"},"acf":[],"_links":{"self":[{"href":"https:\/\/cultivers.es\/de\/wp-json\/wp\/v2\/product\/19277","targetHints":{"allow":["GET"]}}],"collection":[{"href":"https:\/\/cultivers.es\/de\/wp-json\/wp\/v2\/product"}],"about":[{"href":"https:\/\/cultivers.es\/de\/wp-json\/wp\/v2\/types\/product"}],"replies":[{"embeddable":true,"href":"https:\/\/cultivers.es\/de\/wp-json\/wp\/v2\/comments?post=19277"}],"wp:featuredmedia":[{"embeddable":true,"href":"https:\/\/cultivers.es\/de\/wp-json\/wp\/v2\/media\/16310"}],"wp:attachment":[{"href":"https:\/\/cultivers.es\/de\/wp-json\/wp\/v2\/media?parent=19277"}],"wp:term":[{"taxonomy":"product_brand","embeddable":true,"href":"https:\/\/cultivers.es\/de\/wp-json\/wp\/v2\/product_brand?post=19277"},{"taxonomy":"product_cat","embeddable":true,"href":"https:\/\/cultivers.es\/de\/wp-json\/wp\/v2\/product_cat?post=19277"},{"taxonomy":"product_tag","embeddable":true,"href":"https:\/\/cultivers.es\/de\/wp-json\/wp\/v2\/product_tag?post=19277"},{"taxonomy":"woo-feed-brand","embeddable":true,"href":"https:\/\/cultivers.es\/de\/wp-json\/wp\/v2\/woo-feed-brand?post=19277"}],"curies":[{"name":"wp","href":"https:\/\/api.w.org\/{rel}","templated":true}]}}