{"id":19288,"date":"2022-12-14T11:23:14","date_gmt":"2022-12-14T11:23:14","guid":{"rendered":"https:\/\/cultivers.es\/abonos\/alkoholischer-essig-natuerliches-essig-unkrautvernichtungsmittel\/"},"modified":"2025-09-22T05:38:17","modified_gmt":"2025-09-22T05:38:17","slug":"essig-naturkrautermittel","status":"publish","type":"product","link":"https:\/\/cultivers.es\/de\/d\u00fcngemittel\/essig-naturkrautermittel\/","title":{"rendered":"Alkoholischer Essig. Nat\u00fcrliches Essig-Unkrautvernichtungsmittel."},"content":{"rendered":"<p>Es handelt sich um ein harmloses und umweltfreundliches Produkt, da die einzigen Zersetzungsprodukte Kohlendioxid und Methan sind, die in der Natur weit verbreitet sind. Es ist ein hochwirksames Entkalkungsmittel f\u00fcr kalkhaltige Ablagerungen in Bew\u00e4sserungssystemen, die Wasser mit hohem H\u00e4rtegrad verwenden, und beseitigt Verstopfungen aufgrund der Ausf\u00e4llung unl\u00f6slicher Salze. Korrigiert den pH-Wert des Bew\u00e4sserungswassers und h\u00e4lt ihn unter pH 6,5, wodurch die Bildung von Kalkverkrustungen in Bew\u00e4sserungssystemen und -elementen kontinuierlich verhindert wird, Verstopfungen aufgrund von Salzausf\u00e4llungen in den Tropfern vermieden werden und die Aufnahme von N\u00e4hrstoffen bei der Bew\u00e4sserung verbessert wird.<\/p>\n","protected":false},"excerpt":{"rendered":"<p>Alkoholischer Essig. 100% nat\u00fcrliches Herbizid. Beseitigt Unkraut.<br \/>\nBeugt Pflanzenkrankheiten vor. Nat\u00fcrliches Fungizid und Bakterizid.<br \/>\nReiniger f\u00fcr Bew\u00e4sserungssysteme. Hochwirksamer Entkalker f\u00fcr Kalkablagerungen in Bew\u00e4sserungssystemen, die Wasser mit hohem H\u00e4rtegrad verwenden, der Verstopfungen aufgrund der Ausf\u00e4llung von unl\u00f6slichen Salzen verhindert.<br \/>\nKorrigiert den pH-Wert des Bew\u00e4sserungswassers und h\u00e4lt ihn unter pH 6,5, wodurch die Bildung von Kalkverkrustungen in Bew\u00e4sserungssystemen und -elementen kontinuierlich verhindert wird, Verstopfungen durch Salzausf\u00e4llungen in Tropfern vermieden werden und die Aufnahme von N\u00e4hrstoffen bei der Bew\u00e4sserung verbessert wird.<br \/>\n50% mit Wasser verd\u00fcnnen. Vor dem Sch\u00fctteln der Karaffe. Befeuchten Sie die Pflanze gut. Mit geringem Druck in einem Abstand von 15 bis 20 Zentimetern zur Pflanze auftragen. In der w\u00e4rmsten Zeit des Tages auftragen. Als Entkalkungsmittel: 40L\/ha<br \/>\nHeilt und verhindert Eisenchlorose<\/p>\n","protected":false},"featured_media":28974,"comment_status":"open","ping_status":"closed","template":"","meta":{"_acf_changed":false},"product_brand":[],"product_cat":[480,479],"product_tag":[],"woo-feed-brand":[],"class_list":{"0":"post-19288","1":"product","2":"type-product","3":"status-publish","4":"has-post-thumbnail","6":"product_cat-grundlegende-stoffe","7":"product_cat-kulturpflanzen-und-pflanzenschutz","9":"first","10":"instock","11":"taxable","12":"shipping-taxable","13":"purchasable","14":"product-type-variable"},"acf":[],"_links":{"self":[{"href":"https:\/\/cultivers.es\/de\/wp-json\/wp\/v2\/product\/19288","targetHints":{"allow":["GET"]}}],"collection":[{"href":"https:\/\/cultivers.es\/de\/wp-json\/wp\/v2\/product"}],"about":[{"href":"https:\/\/cultivers.es\/de\/wp-json\/wp\/v2\/types\/product"}],"replies":[{"embeddable":true,"href":"https:\/\/cultivers.es\/de\/wp-json\/wp\/v2\/comments?post=19288"}],"wp:featuredmedia":[{"embeddable":true,"href":"https:\/\/cultivers.es\/de\/wp-json\/wp\/v2\/media\/28974"}],"wp:attachment":[{"href":"https:\/\/cultivers.es\/de\/wp-json\/wp\/v2\/media?parent=19288"}],"wp:term":[{"taxonomy":"product_brand","embeddable":true,"href":"https:\/\/cultivers.es\/de\/wp-json\/wp\/v2\/product_brand?post=19288"},{"taxonomy":"product_cat","embeddable":true,"href":"https:\/\/cultivers.es\/de\/wp-json\/wp\/v2\/product_cat?post=19288"},{"taxonomy":"product_tag","embeddable":true,"href":"https:\/\/cultivers.es\/de\/wp-json\/wp\/v2\/product_tag?post=19288"},{"taxonomy":"woo-feed-brand","embeddable":true,"href":"https:\/\/cultivers.es\/de\/wp-json\/wp\/v2\/woo-feed-brand?post=19288"}],"curies":[{"name":"wp","href":"https:\/\/api.w.org\/{rel}","templated":true}]}}