{"id":19342,"date":"2022-11-29T14:29:32","date_gmt":"2022-11-29T14:29:32","guid":{"rendered":"https:\/\/cultivers.es\/abonos\/rizopunch\/"},"modified":"2025-09-22T05:36:45","modified_gmt":"2025-09-22T05:36:45","slug":"rizopunch","status":"publish","type":"product","link":"https:\/\/cultivers.es\/de\/d\u00fcngemittel\/rizopunch\/","title":{"rendered":"RizoPunch"},"content":{"rendered":"<p>Mit organischen Verbindungen komplexierte Manganl\u00f6sung. Seine N\u00e4hrstoffe f\u00f6rdern die Reaktivierung der Wurzel- und Vegetationsentwicklung nach biotischen Stresssituationen. Aufgrund seiner effizienten Komplexbildung sorgt es f\u00fcr eine schnelle Absorption und eine hohe Translokation durch das Pflanzengewebe. Es eignet sich besonders zur Vorbeugung oder Behebung von Mangelerscheinungen aufgrund von Manganmangel oder schlechter Mangan\u00e4hnlichkeit. Durch seine Anwendung werden Anomalien in der Blattentwicklung und der Struktur des Pflanzengewebes vermieden. Die in der Formulierung enthaltenen N\u00e4hrstoffe verbessern die Saftzirkulation und f\u00f6rdern die Entwicklung der Pflanzenorgane mit aktivem Wachstum, indem sie einen verst\u00e4rkten Austrieb und eine verst\u00e4rkte Wurzelentwicklung bewirken, insbesondere von saugf\u00e4higen Haaren, die eine gr\u00f6\u00dfere Kapazit\u00e4t zur Aufnahme von Wasser und N\u00e4hrstoffen haben. Seine regelm\u00e4\u00dfige Anwendung verbessert die Gesundheit der Pflanzen und erh\u00f6ht die Produktivit\u00e4t. Nat\u00fcrliches, ungiftiges biologisches Produkt. Seine Verwendung stellt kein Gesundheitsrisiko f\u00fcr Menschen, Tiere oder die Umwelt dar.<\/p>\n","protected":false},"excerpt":{"rendered":"<p>F\u00f6rdert und sch\u00fctzt das Wurzelsystem, aktiviert die Wurzelbildung und hilft der Pflanze zu wachsen.<br \/>\nFormuliert f\u00fcr eine schnelle Aufnahme und Umsetzung durch das Pflanzengewebe, angereichert mit Fermentationsextrakten mit N\u00e4hrstoff- und Ausl\u00f6se-Eigenschaften.<br \/>\nEs ist besonders geeignet, um Mangelerscheinungen dieser Elemente zu vermeiden oder zu korrigieren, Anomalien in der Blattentwicklung und Gewebestrukturierung vorzubeugen.<br \/>\nBessere Qualit\u00e4t der Ernten. Bessere Nutzung des N\u00e4hrstofftransports zwischen Xylem und Phloem.<\/p>\n","protected":false},"featured_media":16315,"comment_status":"open","ping_status":"closed","template":"","meta":{"_acf_changed":false},"product_brand":[],"product_cat":[722],"product_tag":[],"woo-feed-brand":[],"class_list":{"0":"post-19342","1":"product","2":"type-product","3":"status-publish","4":"has-post-thumbnail","6":"product_cat-growpunch-de","8":"first","9":"instock","10":"taxable","11":"shipping-taxable","12":"purchasable","13":"product-type-variable"},"acf":[],"_links":{"self":[{"href":"https:\/\/cultivers.es\/de\/wp-json\/wp\/v2\/product\/19342","targetHints":{"allow":["GET"]}}],"collection":[{"href":"https:\/\/cultivers.es\/de\/wp-json\/wp\/v2\/product"}],"about":[{"href":"https:\/\/cultivers.es\/de\/wp-json\/wp\/v2\/types\/product"}],"replies":[{"embeddable":true,"href":"https:\/\/cultivers.es\/de\/wp-json\/wp\/v2\/comments?post=19342"}],"wp:featuredmedia":[{"embeddable":true,"href":"https:\/\/cultivers.es\/de\/wp-json\/wp\/v2\/media\/16315"}],"wp:attachment":[{"href":"https:\/\/cultivers.es\/de\/wp-json\/wp\/v2\/media?parent=19342"}],"wp:term":[{"taxonomy":"product_brand","embeddable":true,"href":"https:\/\/cultivers.es\/de\/wp-json\/wp\/v2\/product_brand?post=19342"},{"taxonomy":"product_cat","embeddable":true,"href":"https:\/\/cultivers.es\/de\/wp-json\/wp\/v2\/product_cat?post=19342"},{"taxonomy":"product_tag","embeddable":true,"href":"https:\/\/cultivers.es\/de\/wp-json\/wp\/v2\/product_tag?post=19342"},{"taxonomy":"woo-feed-brand","embeddable":true,"href":"https:\/\/cultivers.es\/de\/wp-json\/wp\/v2\/woo-feed-brand?post=19342"}],"curies":[{"name":"wp","href":"https:\/\/api.w.org\/{rel}","templated":true}]}}