{"id":19343,"date":"2022-11-29T14:29:48","date_gmt":"2022-11-29T14:29:48","guid":{"rendered":"https:\/\/cultivers.es\/abonos\/bloompunch\/"},"modified":"2025-09-22T05:37:04","modified_gmt":"2025-09-22T05:37:04","slug":"bloompunch","status":"publish","type":"product","link":"https:\/\/cultivers.es\/de\/d\u00fcngemittel\/bloompunch\/","title":{"rendered":"BloomPunch"},"content":{"rendered":"","protected":false},"excerpt":{"rendered":"<div class=\"page\" title=\"Seite 12\">\n<div class=\"section\">\n<div class=\"layoutArea\">\n<div class=\"column\">\n<p>Bl\u00fchd\u00fcnger NPK 3-4-3<br \/>\nNPK Organischer NPK mit Humins\u00e4uren und Aminos\u00e4uren.<\/p>\n<\/div>\n<\/div>\n<\/div>\n<\/div>\n<p>Organisches Material und Fulvos\u00e4uren in - entbehrlichen Elementen wie N, P, K, Ca sowie nat\u00fcrlichen biostimulierenden Substanzen wie Betainen, Zuckern, Proteinen, Enzymen, Auxinen und Vitaminen.<br \/>\nHergestellt aus organischem Material, das aus Pflanzen gewonnen wird. Es verbessert die Rhizosph\u00e4re, speichert Wasser und Sauerstoff im Boden und stimuliert die Entwicklung von gr\u00fcnen Organen und Knospen von Pflanzen in ung\u00fcnstigen Situationen.<\/p>\n","protected":false},"featured_media":16295,"comment_status":"open","ping_status":"closed","template":"","meta":{"_acf_changed":false},"product_brand":[],"product_cat":[722],"product_tag":[],"woo-feed-brand":[],"class_list":{"0":"post-19343","1":"product","2":"type-product","3":"status-publish","4":"has-post-thumbnail","6":"product_cat-growpunch-de","8":"first","9":"instock","10":"taxable","11":"shipping-taxable","12":"purchasable","13":"product-type-variable"},"acf":[],"_links":{"self":[{"href":"https:\/\/cultivers.es\/de\/wp-json\/wp\/v2\/product\/19343","targetHints":{"allow":["GET"]}}],"collection":[{"href":"https:\/\/cultivers.es\/de\/wp-json\/wp\/v2\/product"}],"about":[{"href":"https:\/\/cultivers.es\/de\/wp-json\/wp\/v2\/types\/product"}],"replies":[{"embeddable":true,"href":"https:\/\/cultivers.es\/de\/wp-json\/wp\/v2\/comments?post=19343"}],"wp:featuredmedia":[{"embeddable":true,"href":"https:\/\/cultivers.es\/de\/wp-json\/wp\/v2\/media\/16295"}],"wp:attachment":[{"href":"https:\/\/cultivers.es\/de\/wp-json\/wp\/v2\/media?parent=19343"}],"wp:term":[{"taxonomy":"product_brand","embeddable":true,"href":"https:\/\/cultivers.es\/de\/wp-json\/wp\/v2\/product_brand?post=19343"},{"taxonomy":"product_cat","embeddable":true,"href":"https:\/\/cultivers.es\/de\/wp-json\/wp\/v2\/product_cat?post=19343"},{"taxonomy":"product_tag","embeddable":true,"href":"https:\/\/cultivers.es\/de\/wp-json\/wp\/v2\/product_tag?post=19343"},{"taxonomy":"woo-feed-brand","embeddable":true,"href":"https:\/\/cultivers.es\/de\/wp-json\/wp\/v2\/woo-feed-brand?post=19343"}],"curies":[{"name":"wp","href":"https:\/\/api.w.org\/{rel}","templated":true}]}}