{"id":19344,"date":"2022-11-29T14:26:55","date_gmt":"2022-11-29T14:26:55","guid":{"rendered":"https:\/\/cultivers.es\/abonos\/soilpunch\/"},"modified":"2025-09-22T04:44:14","modified_gmt":"2025-09-22T04:44:14","slug":"soilpunch","status":"publish","type":"product","link":"https:\/\/cultivers.es\/de\/d\u00fcngemittel\/soilpunch\/","title":{"rendered":"SoilPunch"},"content":{"rendered":"","protected":false},"excerpt":{"rendered":"<p>Rohrmelasse mit Aminos\u00e4uren und Glycin\/Betain.<br \/>\nVerbessert die Bodeneigenschaften: F\u00f6rdert die mikrobielle Aktivit\u00e4t im Boden und erleichtert die Verf\u00fcgbarkeit von N\u00e4hrstoffen.<br \/>\nErh\u00f6ht die Bodenfruchtbarkeit, verbessert die Bodenbedingungen und f\u00f6rdert die Wechselwirkungen zwischen Boden und Pflanze.<br \/>\nHohe Konzentration an organischen Aminos\u00e4uren: kann w\u00e4hrend der gesamten Vegetationsperiode angewendet werden, um die physikalisch-chemischen Eigenschaften des Bodens zu verbessern.<br \/>\nEs enth\u00e4lt 42 % organische Stoffe pflanzlichen Ursprungs und 10 % Glycin\/Betain, die die Osmoregulationseigenschaften der Pflanze verbessern und durch \u00e4u\u00dfere Einfl\u00fcsse (biotische und abiotische) verursachte Stresssituationen reduzieren.<br \/>\nEs f\u00f6rdert reiche Ernten, indem es die Wasser- und N\u00e4hrstoffspeicherf\u00e4higkeit verbessert.<\/p>\n","protected":false},"featured_media":16320,"comment_status":"open","ping_status":"closed","template":"","meta":{"_acf_changed":false},"product_brand":[],"product_cat":[722],"product_tag":[],"woo-feed-brand":[],"class_list":{"0":"post-19344","1":"product","2":"type-product","3":"status-publish","4":"has-post-thumbnail","6":"product_cat-growpunch-de","8":"first","9":"instock","10":"taxable","11":"shipping-taxable","12":"purchasable","13":"product-type-variable"},"acf":[],"_links":{"self":[{"href":"https:\/\/cultivers.es\/de\/wp-json\/wp\/v2\/product\/19344","targetHints":{"allow":["GET"]}}],"collection":[{"href":"https:\/\/cultivers.es\/de\/wp-json\/wp\/v2\/product"}],"about":[{"href":"https:\/\/cultivers.es\/de\/wp-json\/wp\/v2\/types\/product"}],"replies":[{"embeddable":true,"href":"https:\/\/cultivers.es\/de\/wp-json\/wp\/v2\/comments?post=19344"}],"wp:featuredmedia":[{"embeddable":true,"href":"https:\/\/cultivers.es\/de\/wp-json\/wp\/v2\/media\/16320"}],"wp:attachment":[{"href":"https:\/\/cultivers.es\/de\/wp-json\/wp\/v2\/media?parent=19344"}],"wp:term":[{"taxonomy":"product_brand","embeddable":true,"href":"https:\/\/cultivers.es\/de\/wp-json\/wp\/v2\/product_brand?post=19344"},{"taxonomy":"product_cat","embeddable":true,"href":"https:\/\/cultivers.es\/de\/wp-json\/wp\/v2\/product_cat?post=19344"},{"taxonomy":"product_tag","embeddable":true,"href":"https:\/\/cultivers.es\/de\/wp-json\/wp\/v2\/product_tag?post=19344"},{"taxonomy":"woo-feed-brand","embeddable":true,"href":"https:\/\/cultivers.es\/de\/wp-json\/wp\/v2\/woo-feed-brand?post=19344"}],"curies":[{"name":"wp","href":"https:\/\/api.w.org\/{rel}","templated":true}]}}